{"id":114579,"date":"2023-11-28T16:13:24","date_gmt":"2023-11-28T16:13:24","guid":{"rendered":"https:\/\/www.3p-gmbh.de\/produkt\/konica-minolta-bizhub-pro-c1060\/"},"modified":"2023-11-28T16:13:24","modified_gmt":"2023-11-28T16:13:24","slug":"konica-minolta-bizhub-pro-c1060","status":"publish","type":"product","link":"https:\/\/www.3p-gmbh.de\/pl\/produkt\/konica-minolta-bizhub-pro-c1060\/","title":{"rendered":"Konica Minolta bizhub PRO C1060"},"content":{"rendered":"<p><strong>Konica bizhub PRO C1060<\/strong><br \/>\n*U\u017cywane urz\u0105dzenie<br \/>\nNumer maszyny: 1819287410<br \/>\nOdczyt licznika na dzie\u0144 02\/11\/2022: 00942571<br \/>\n<strong>od 12-2015 r.<\/strong><\/p>\n<p>Opcja kontrolera<br \/>\nVI-507 Zestaw interfejsu dla EFI Fiery IC-308 \/ IC-415<br \/>\nPrzetwarzanie wydruk\u00f3w<br \/>\nZintegrowany kontroler druku IC-415 EFI Fiery<br \/>\nmodem bizhub GPRS z oprogramowaniem. SIM (KPN)<br \/>\nInterfejs do systemu zdalnej konserwacji za po\u015brednictwem radiotelefonu, modem w zestawie. Karta SIM f<br \/>\nDF-626 Automatyczny podajnik dokument\u00f3w<br \/>\nWej\u015bcie papieru<br \/>\nPF-707 Magazynek o du\u017cej pojemno\u015bci z technologi\u0105 systemu ss\u0105cego<br \/>\nPrzetwarzanie ko\u0144cowe<br \/>\nUniwersalny finiszer FS-532<br \/>\nRU-509 Jednostka ch\u0142odz\u0105ca\/wyg\u0142adzaj\u0105ca<\/p>\n<p><a href=\"https:\/\/www.3p-gmbh.de\/wp-content\/uploads\/2023\/11\/Konica-bizhub-Pro-C1060-tech-Daten.pdf\">Konica bizhub Pro C1060 &#8211; dane techniczne<\/a><\/p>\n","protected":false},"excerpt":{"rendered":"<p>Konica bizhub PRO C1060 *U\u017cywane urz\u0105dzenie Numer maszyny: 1819287410 Odczyt licznika na dzie\u0144 02\/11\/2022: 00942571 od 12-2015 r. Opcja kontrolera VI-507 Zestaw interfejsu dla EFI Fiery IC-308 \/ IC-415 Przetwarzanie wydruk\u00f3w Zintegrowany kontroler druku IC-415 EFI Fiery modem bizhub GPRS z oprogramowaniem. SIM (KPN) Interfejs do systemu zdalnej konserwacji za po\u015brednictwem radiotelefonu, modem w zestawie. [&hellip;]<\/p>\n","protected":false},"featured_media":114583,"template":"","meta":[],"product_brand":[],"product_cat":[15],"product_tag":[],"class_list":{"0":"post-114579","1":"product","2":"type-product","3":"status-publish","4":"has-post-thumbnail","6":"product_cat-unkategorisiert","7":"pa_bezeichnung_typ-bizhub-pro-c1060","8":"pa_hersteller-konica-minolta","10":"first","11":"instock","12":"taxable","13":"shipping-taxable","14":"product-type-simple"},"jetpack_sharing_enabled":true,"_links":{"self":[{"href":"https:\/\/www.3p-gmbh.de\/pl\/wp-json\/wp\/v2\/product\/114579","targetHints":{"allow":["GET"]}}],"collection":[{"href":"https:\/\/www.3p-gmbh.de\/pl\/wp-json\/wp\/v2\/product"}],"about":[{"href":"https:\/\/www.3p-gmbh.de\/pl\/wp-json\/wp\/v2\/types\/product"}],"wp:featuredmedia":[{"embeddable":true,"href":"https:\/\/www.3p-gmbh.de\/pl\/wp-json\/wp\/v2\/media\/114583"}],"wp:attachment":[{"href":"https:\/\/www.3p-gmbh.de\/pl\/wp-json\/wp\/v2\/media?parent=114579"}],"wp:term":[{"taxonomy":"product_brand","embeddable":true,"href":"https:\/\/www.3p-gmbh.de\/pl\/wp-json\/wp\/v2\/product_brand?post=114579"},{"taxonomy":"product_cat","embeddable":true,"href":"https:\/\/www.3p-gmbh.de\/pl\/wp-json\/wp\/v2\/product_cat?post=114579"},{"taxonomy":"product_tag","embeddable":true,"href":"https:\/\/www.3p-gmbh.de\/pl\/wp-json\/wp\/v2\/product_tag?post=114579"}],"curies":[{"name":"wp","href":"https:\/\/api.w.org\/{rel}","templated":true}]}}