{"id":114578,"date":"2023-11-30T14:37:54","date_gmt":"2023-11-30T14:37:54","guid":{"rendered":"https:\/\/www.3p-gmbh.de\/produkt\/maszyna-do-ciecia-vlf-wohlenberg-185-mcs-2tv\/"},"modified":"2023-11-30T14:37:54","modified_gmt":"2023-11-30T14:37:54","slug":"maszyna-do-ciecia-vlf-wohlenberg-185-mcs-2tv","status":"publish","type":"product","link":"https:\/\/www.3p-gmbh.de\/pl\/produkt\/maszyna-do-ciecia-vlf-wohlenberg-185-mcs-2tv\/","title":{"rendered":"Maszyna do ci\u0119cia VLF WOHLENBERG 185 MCS-2TV"},"content":{"rendered":"<p><strong>Maszyna do ci\u0119cia VLF WOHLENBERG 185 MCS-2TV<\/strong><br \/>\n<strong>od ok. 1993 r.<\/strong><\/p>\n<p>Szeroko\u015b\u0107 robocza 185 mm<br \/>\n2 no\u017ce<br \/>\nSto\u0142y powietrzne lewy, \u015brodkowy i prawy<br \/>\nZmodyfikowany wy\u015bwietlacz telewizora z programami<br \/>\nCzujniki bezpiecze\u0144stwa<br \/>\nZatwierdzenie CE<\/p>\n<p>Maszyna jest nadal w produkcji, w dobrym stanie<br \/>\ndost\u0119pne natychmiast<\/p>\n","protected":false},"excerpt":{"rendered":"<p>Maszyna do ci\u0119cia VLF WOHLENBERG 185 MCS-2TV od ok. 1993 r. Szeroko\u015b\u0107 robocza 185 mm 2 no\u017ce Sto\u0142y powietrzne lewy, \u015brodkowy i prawy Zmodyfikowany wy\u015bwietlacz telewizora z programami Czujniki bezpiecze\u0144stwa Zatwierdzenie CE Maszyna jest nadal w produkcji, w dobrym stanie dost\u0119pne natychmiast<\/p>\n","protected":false},"featured_media":114580,"template":"","meta":[],"product_brand":[],"product_cat":[3723],"product_tag":[],"class_list":{"0":"post-114578","1":"product","2":"type-product","3":"status-publish","4":"has-post-thumbnail","6":"product_cat-maszyny-do-ciecia","7":"pa_hersteller-wohlenberg","8":"pa_typ-185-mcs-2tv","10":"first","11":"instock","12":"taxable","13":"shipping-taxable","14":"product-type-simple"},"jetpack_sharing_enabled":true,"_links":{"self":[{"href":"https:\/\/www.3p-gmbh.de\/pl\/wp-json\/wp\/v2\/product\/114578","targetHints":{"allow":["GET"]}}],"collection":[{"href":"https:\/\/www.3p-gmbh.de\/pl\/wp-json\/wp\/v2\/product"}],"about":[{"href":"https:\/\/www.3p-gmbh.de\/pl\/wp-json\/wp\/v2\/types\/product"}],"wp:featuredmedia":[{"embeddable":true,"href":"https:\/\/www.3p-gmbh.de\/pl\/wp-json\/wp\/v2\/media\/114580"}],"wp:attachment":[{"href":"https:\/\/www.3p-gmbh.de\/pl\/wp-json\/wp\/v2\/media?parent=114578"}],"wp:term":[{"taxonomy":"product_brand","embeddable":true,"href":"https:\/\/www.3p-gmbh.de\/pl\/wp-json\/wp\/v2\/product_brand?post=114578"},{"taxonomy":"product_cat","embeddable":true,"href":"https:\/\/www.3p-gmbh.de\/pl\/wp-json\/wp\/v2\/product_cat?post=114578"},{"taxonomy":"product_tag","embeddable":true,"href":"https:\/\/www.3p-gmbh.de\/pl\/wp-json\/wp\/v2\/product_tag?post=114578"}],"curies":[{"name":"wp","href":"https:\/\/api.w.org\/{rel}","templated":true}]}}