{"id":114557,"date":"2023-11-30T15:05:51","date_gmt":"2023-11-30T15:05:51","guid":{"rendered":"https:\/\/www.3p-gmbh.de\/produkt\/oryginalna-wykrawarka-heidelberg-ohz-sbd\/"},"modified":"2023-11-30T15:05:51","modified_gmt":"2023-11-30T15:05:51","slug":"oryginalna-wykrawarka-heidelberg-ohz-sbd","status":"publish","type":"product","link":"https:\/\/www.3p-gmbh.de\/pl\/produkt\/oryginalna-wykrawarka-heidelberg-ohz-sbd\/","title":{"rendered":"Oryginalna wykrawarka Heidelberg OHZ &#8211; SBD"},"content":{"rendered":"<p><strong>Oryginalna wykrawarka Heidelberg OHZ &#8211; SBD<\/strong><br \/>\n<strong>Rok budowy 1969  <\/strong><br \/>\n<strong>P\/N: 34542<\/strong><\/p>\n<p><strong><em>Sprz\u0119t:<\/em><\/strong><br \/>\nStandardowe akcesoria tylko do wykrawania<br \/>\n2 Ramka<\/p>\n<p>Rozmiar arkusza maks. 640 x 900 mm<br \/>\nRozmiar li\u015bcia min. 290 x 400 mm<br \/>\nPr\u0119dko\u015b\u0107 maks. \/h: 4000<br \/>\nD\u0142ugo\u015b\u0107: 370 cm<br \/>\nSzeroko\u015b\u0107: 245 cm<br \/>\nWysoko\u015b\u0107: 145 cm<br \/>\nWaga: 6000 kg<br \/>\nPob\u00f3r mocy: 10,8 kW<\/p>\n<p><strong>W bardzo dobrym stanie<\/strong><\/p>\n<p>Wideo na stronie <a href=\"https:\/\/youtu.be\/OAB3yqei830\">https:\/\/youtu.be\/OAB3yqei830<\/a><\/p>\n","protected":false},"excerpt":{"rendered":"<p>Oryginalna wykrawarka Heidelberg OHZ &#8211; SBD Rok budowy 1969 P\/N: 34542 Sprz\u0119t: Standardowe akcesoria tylko do wykrawania 2 Ramka Rozmiar arkusza maks. 640 x 900 mm Rozmiar li\u015bcia min. 290 x 400 mm Pr\u0119dko\u015b\u0107 maks. \/h: 4000 D\u0142ugo\u015b\u0107: 370 cm Szeroko\u015b\u0107: 245 cm Wysoko\u015b\u0107: 145 cm Waga: 6000 kg Pob\u00f3r mocy: 10,8 kW W bardzo [&hellip;]<\/p>\n","protected":false},"featured_media":114558,"template":"","meta":[],"product_brand":[],"product_cat":[3880],"product_tag":[],"class_list":{"0":"post-114557","1":"product","2":"type-product","3":"status-publish","4":"has-post-thumbnail","6":"product_cat-wbijanie","7":"pa_hersteller-heidelberg","8":"pa_typ-ohz-sbd","10":"first","11":"instock","12":"taxable","13":"shipping-taxable","14":"product-type-simple"},"jetpack_sharing_enabled":true,"_links":{"self":[{"href":"https:\/\/www.3p-gmbh.de\/pl\/wp-json\/wp\/v2\/product\/114557","targetHints":{"allow":["GET"]}}],"collection":[{"href":"https:\/\/www.3p-gmbh.de\/pl\/wp-json\/wp\/v2\/product"}],"about":[{"href":"https:\/\/www.3p-gmbh.de\/pl\/wp-json\/wp\/v2\/types\/product"}],"wp:featuredmedia":[{"embeddable":true,"href":"https:\/\/www.3p-gmbh.de\/pl\/wp-json\/wp\/v2\/media\/114558"}],"wp:attachment":[{"href":"https:\/\/www.3p-gmbh.de\/pl\/wp-json\/wp\/v2\/media?parent=114557"}],"wp:term":[{"taxonomy":"product_brand","embeddable":true,"href":"https:\/\/www.3p-gmbh.de\/pl\/wp-json\/wp\/v2\/product_brand?post=114557"},{"taxonomy":"product_cat","embeddable":true,"href":"https:\/\/www.3p-gmbh.de\/pl\/wp-json\/wp\/v2\/product_cat?post=114557"},{"taxonomy":"product_tag","embeddable":true,"href":"https:\/\/www.3p-gmbh.de\/pl\/wp-json\/wp\/v2\/product_tag?post=114557"}],"curies":[{"name":"wp","href":"https:\/\/api.w.org\/{rel}","templated":true}]}}