{"id":114537,"date":"2023-11-30T14:21:29","date_gmt":"2023-11-30T14:21:29","guid":{"rendered":"https:\/\/www.3p-gmbh.de\/produkt\/siri-myjka-wirnikowa-bochonow-rw-850-automatyczna-myjka-do-sit\/"},"modified":"2024-03-20T08:06:43","modified_gmt":"2024-03-20T08:06:43","slug":"siri-myjka-wirnikowa-bochonow-rw-850-automatyczna-myjka-do-sit","status":"publish","type":"product","link":"https:\/\/www.3p-gmbh.de\/pl\/produkt\/siri-myjka-wirnikowa-bochonow-rw-850-automatyczna-myjka-do-sit\/","title":{"rendered":"SIRI Myjka wirnikowa BOCHONOW RW 850 &#8211; Automatyczna myjka do sit"},"content":{"rendered":"<p><strong>SIRI Myjka wirnikowa BOCHONOW RW 850 &#8211; Automatyczna myjka do sit<\/strong><br \/>\n<strong>od Bj. 2018 jak nowy<br \/>\n<\/strong><br \/>\nSystem mycia wirnik\u00f3w RW spe\u0142nia wszystkie wymogi bezpiecze\u0144stwa i zosta\u0142 zaprojektowany zgodnie ze specyfikacjami ATEX.<\/p>\n<p>Rozmiar sita maks. 85 x 85 x 230 Wymiary (wys. x szer. x g\u0142\u0119b.) cm<\/p>\n<p>Specjalnie rozmieszczone dysze p\u0142askostrumieniowe myj\u0105 pionowo ustawione formy sitodrukowe z obu stron w rotorowym systemie myj\u0105cym RW z obracaj\u0105cymi si\u0119 listwami dysz.<br \/>\nProces mycia przebiega zgodnie ze sprawdzon\u0105 &#8222;zasad\u0105 du\u017cej obj\u0119to\u015bci&#8221; BOCHONOW \u00ae.<br \/>\n\u015arednica dyszy wynosz\u0105ca ponad trzy milimetry (!) zapewnia optymalny efekt czyszczenia i niskie koszty utrzymania.<br \/>\n\u015arodek czyszcz\u0105cy jest pompowany do obwodu z du\u017cego zbiornika znajduj\u0105cego si\u0119 pod komor\u0105 mycia za pomoc\u0105 wydajnej pompy od\u015brodkowej.<br \/>\nWysokie nat\u0119\u017cenie przep\u0142ywu pompy umo\u017cliwia stosowanie dysz o du\u017cych przekrojach, kt\u00f3re s\u0105 niewra\u017cliwe na zatory i maj\u0105 wysok\u0105 skuteczno\u015b\u0107 czyszczenia.<br \/>\nJako \u015brodek czyszcz\u0105cy stosuje si\u0119 \u015brodek do czyszczenia sit o temperaturze zap\u0142onu &gt; 55\u00b0C i przewodno\u015bci &gt; 10-9 S\/m.<br \/>\nPo umyciu sito jest r\u0119cznie przenoszone do komory suszenia.<\/p>\n<p>Komora suszenia jest wytrzyma\u0142a, \u0142atwa w konserwacji i prosta w sterowaniu.<br \/>\nElementy steruj\u0105ce s\u0105 \u0142atwo dost\u0119pne z przodu. Szafa sterownicza jest zamontowana w systemie i gotowa do pod\u0142\u0105czenia.<br \/>\nCzas mycia i opr\u00f3\u017cniania mo\u017cna zaprogramowa\u0107 indywidualnie.<br \/>\nP\u0142ukanie czystym rozpuszczalnikiem jest r\u00f3wnie\u017c mo\u017cliwe przy u\u017cyciu odpowiednich akcesori\u00f3w<\/p>\n","protected":false},"excerpt":{"rendered":"<p>SIRI Myjka wirnikowa BOCHONOW RW 850 &#8211; Automatyczna myjka do sit od Bj. 2018 jak nowy System mycia wirnik\u00f3w RW spe\u0142nia wszystkie wymogi bezpiecze\u0144stwa i zosta\u0142 zaprojektowany zgodnie ze specyfikacjami ATEX. Rozmiar sita maks. 85 x 85 x 230 Wymiary (wys. x szer. x g\u0142\u0119b.) cm Specjalnie rozmieszczone dysze p\u0142askostrumieniowe myj\u0105 pionowo ustawione formy sitodrukowe [&hellip;]<\/p>\n","protected":false},"featured_media":114539,"template":"","meta":[],"product_brand":[],"product_cat":[3869],"product_tag":[],"class_list":{"0":"post-114537","1":"product","2":"type-product","3":"status-publish","4":"has-post-thumbnail","6":"product_cat-sitodruk-druk-fleksograficzny-i-wklesly","7":"pa_hersteller-bochonow","8":"pa_typ-rw-850","10":"first","11":"instock","12":"taxable","13":"shipping-taxable","14":"product-type-simple"},"jetpack_sharing_enabled":true,"_links":{"self":[{"href":"https:\/\/www.3p-gmbh.de\/pl\/wp-json\/wp\/v2\/product\/114537","targetHints":{"allow":["GET"]}}],"collection":[{"href":"https:\/\/www.3p-gmbh.de\/pl\/wp-json\/wp\/v2\/product"}],"about":[{"href":"https:\/\/www.3p-gmbh.de\/pl\/wp-json\/wp\/v2\/types\/product"}],"wp:featuredmedia":[{"embeddable":true,"href":"https:\/\/www.3p-gmbh.de\/pl\/wp-json\/wp\/v2\/media\/114539"}],"wp:attachment":[{"href":"https:\/\/www.3p-gmbh.de\/pl\/wp-json\/wp\/v2\/media?parent=114537"}],"wp:term":[{"taxonomy":"product_brand","embeddable":true,"href":"https:\/\/www.3p-gmbh.de\/pl\/wp-json\/wp\/v2\/product_brand?post=114537"},{"taxonomy":"product_cat","embeddable":true,"href":"https:\/\/www.3p-gmbh.de\/pl\/wp-json\/wp\/v2\/product_cat?post=114537"},{"taxonomy":"product_tag","embeddable":true,"href":"https:\/\/www.3p-gmbh.de\/pl\/wp-json\/wp\/v2\/product_tag?post=114537"}],"curies":[{"name":"wp","href":"https:\/\/api.w.org\/{rel}","templated":true}]}}