{"id":114530,"date":"2023-11-12T23:46:21","date_gmt":"2023-11-12T23:46:21","guid":{"rendered":"https:\/\/www.3p-gmbh.de\/produkt\/mobilna-maszyna-do-wiazania-tasma-pp-ti-535-z-regulacja-wysokosci\/"},"modified":"2024-03-20T08:06:45","modified_gmt":"2024-03-20T08:06:45","slug":"mobilna-maszyna-do-wiazania-tasma-pp-ti-535-z-regulacja-wysokosci","status":"publish","type":"product","link":"https:\/\/www.3p-gmbh.de\/pl\/produkt\/mobilna-maszyna-do-wiazania-tasma-pp-ti-535-z-regulacja-wysokosci\/","title":{"rendered":"Mobilna maszyna do wi\u0105zania ta\u015bm\u0105 PP Ti 535 z regulacj\u0105 wysoko\u015bci"},"content":{"rendered":"<p><strong>Mobilna, p\u00f3\u0142automatyczna wi\u0105zarka Ti 535 z regulacj\u0105 wysoko\u015bci  <\/strong><\/p>\n<p>Idealny do paczek o r\u00f3\u017cnych wymiarach, tj. paczek o dowolnym kszta\u0142cie, rozmiarze i sk\u0142adzie.<\/p>\n<p>Ta wi\u0105zarka nie wymaga ramy prowadz\u0105cej ta\u015bm\u0119, wi\u0119c paczka musi by\u0107 umieszczona r\u0119cznie przez u\u017cytkownika na ta\u015bmie znajduj\u0105cej si\u0119 w kanale transportowym.<br \/>\nPo wykonaniu tej czynno\u015bci proces wi\u0105zania mo\u017ce zosta\u0107 uruchomiony za pomoc\u0105 prze\u0142\u0105cznika no\u017cnego lub r\u0119cznego, dzi\u0119ki czemu wi\u0105zarka wi\u0105\u017ce opakowanie w jednej operacji, uszczelnia lu\u017ane ko\u0144ce ta\u015bmy i uruchamia nowe podawanie.<\/p>\n<p>Zawiasowy blat ze stali nierdzewnej, mechaniczny zewn\u0119trzny regulator napi\u0119cia, blat o regulowanej wysoko\u015bci i wy\u0142\u0105cznik bezpiecze\u0144stwa pod spodem to cechy charakterystyczne dobrze przemy\u015blanej i bezpiecznej konstrukcji.<\/p>\n<p>Szeroko\u015b\u0107 ta\u015bmy 12 mm<br \/>\nAutomatyczny wst\u0119pny wyb\u00f3r d\u0142ugo\u015bci ta\u015bmy<\/p>\n","protected":false},"excerpt":{"rendered":"<p>Mobilna, p\u00f3\u0142automatyczna wi\u0105zarka Ti 535 z regulacj\u0105 wysoko\u015bci Idealny do paczek o r\u00f3\u017cnych wymiarach, tj. paczek o dowolnym kszta\u0142cie, rozmiarze i sk\u0142adzie. Ta wi\u0105zarka nie wymaga ramy prowadz\u0105cej ta\u015bm\u0119, wi\u0119c paczka musi by\u0107 umieszczona r\u0119cznie przez u\u017cytkownika na ta\u015bmie znajduj\u0105cej si\u0119 w kanale transportowym. Po wykonaniu tej czynno\u015bci proces wi\u0105zania mo\u017ce zosta\u0107 uruchomiony za pomoc\u0105 [&hellip;]<\/p>\n","protected":false},"featured_media":114531,"template":"","meta":[],"product_brand":[],"product_cat":[3614],"product_tag":[],"class_list":{"0":"post-114530","1":"product","2":"type-product","3":"status-publish","4":"has-post-thumbnail","6":"product_cat-maszyny-bandazujace","7":"pa_bezeichnung_typ-ti-535","9":"first","10":"instock","11":"taxable","12":"shipping-taxable","13":"product-type-simple"},"jetpack_sharing_enabled":true,"_links":{"self":[{"href":"https:\/\/www.3p-gmbh.de\/pl\/wp-json\/wp\/v2\/product\/114530","targetHints":{"allow":["GET"]}}],"collection":[{"href":"https:\/\/www.3p-gmbh.de\/pl\/wp-json\/wp\/v2\/product"}],"about":[{"href":"https:\/\/www.3p-gmbh.de\/pl\/wp-json\/wp\/v2\/types\/product"}],"wp:featuredmedia":[{"embeddable":true,"href":"https:\/\/www.3p-gmbh.de\/pl\/wp-json\/wp\/v2\/media\/114531"}],"wp:attachment":[{"href":"https:\/\/www.3p-gmbh.de\/pl\/wp-json\/wp\/v2\/media?parent=114530"}],"wp:term":[{"taxonomy":"product_brand","embeddable":true,"href":"https:\/\/www.3p-gmbh.de\/pl\/wp-json\/wp\/v2\/product_brand?post=114530"},{"taxonomy":"product_cat","embeddable":true,"href":"https:\/\/www.3p-gmbh.de\/pl\/wp-json\/wp\/v2\/product_cat?post=114530"},{"taxonomy":"product_tag","embeddable":true,"href":"https:\/\/www.3p-gmbh.de\/pl\/wp-json\/wp\/v2\/product_tag?post=114530"}],"curies":[{"name":"wp","href":"https:\/\/api.w.org\/{rel}","templated":true}]}}