{"id":114505,"date":"2023-11-12T23:52:19","date_gmt":"2023-11-12T23:52:19","guid":{"rendered":"https:\/\/www.3p-gmbh.de\/produkt\/heidelberg-stahlfolder-becker-sh-16-0-3-centralne-zasilanie-dv-z-variair\/"},"modified":"2024-03-20T08:06:44","modified_gmt":"2024-03-20T08:06:44","slug":"heidelberg-stahlfolder-becker-sh-16-0-3-centralne-zasilanie-dv-z-variair","status":"publish","type":"product","link":"https:\/\/www.3p-gmbh.de\/pl\/produkt\/heidelberg-stahlfolder-becker-sh-16-0-3-centralne-zasilanie-dv-z-variair\/","title":{"rendered":"Heidelberg Stahlfolder &#8211; Becker SH 16-0-3 centralne zasilanie DV z VariAir"},"content":{"rendered":"<p><strong>Heidelberg Stahlfolder &#8211; Becker SH 16-0-3 centralne zasilanie DV z VariAir<\/strong><br \/>\ndla zszywaczy siod\u0142owych<br \/>\nWystarczaj\u0105ca dla 6+1 stacji<\/p>\n<p>Zdj\u0119cie przedstawia instalacj\u0119<br \/>\nmamy to<br \/>\nZupe\u0142nie nowy, nieu\u017cywany<br \/>\nz sali projekcyjnej w Heidelbergu<\/p>\n","protected":false},"excerpt":{"rendered":"<p>Heidelberg Stahlfolder &#8211; Becker SH 16-0-3 centralne zasilanie DV z VariAir dla zszywaczy siod\u0142owych Wystarczaj\u0105ca dla 6+1 stacji Zdj\u0119cie przedstawia instalacj\u0119 mamy to Zupe\u0142nie nowy, nieu\u017cywany z sali projekcyjnej w Heidelbergu<\/p>\n","protected":false},"featured_media":114506,"template":"","meta":[],"product_brand":[],"product_cat":[3719],"product_tag":[],"class_list":{"0":"post-114505","1":"product","2":"type-product","3":"status-publish","4":"has-post-thumbnail","6":"product_cat-akcesoria","7":"pa_hersteller-becker","8":"pa_typ-sh-16-0-3","10":"first","11":"instock","12":"taxable","13":"shipping-taxable","14":"product-type-simple"},"jetpack_sharing_enabled":true,"_links":{"self":[{"href":"https:\/\/www.3p-gmbh.de\/pl\/wp-json\/wp\/v2\/product\/114505","targetHints":{"allow":["GET"]}}],"collection":[{"href":"https:\/\/www.3p-gmbh.de\/pl\/wp-json\/wp\/v2\/product"}],"about":[{"href":"https:\/\/www.3p-gmbh.de\/pl\/wp-json\/wp\/v2\/types\/product"}],"wp:featuredmedia":[{"embeddable":true,"href":"https:\/\/www.3p-gmbh.de\/pl\/wp-json\/wp\/v2\/media\/114506"}],"wp:attachment":[{"href":"https:\/\/www.3p-gmbh.de\/pl\/wp-json\/wp\/v2\/media?parent=114505"}],"wp:term":[{"taxonomy":"product_brand","embeddable":true,"href":"https:\/\/www.3p-gmbh.de\/pl\/wp-json\/wp\/v2\/product_brand?post=114505"},{"taxonomy":"product_cat","embeddable":true,"href":"https:\/\/www.3p-gmbh.de\/pl\/wp-json\/wp\/v2\/product_cat?post=114505"},{"taxonomy":"product_tag","embeddable":true,"href":"https:\/\/www.3p-gmbh.de\/pl\/wp-json\/wp\/v2\/product_tag?post=114505"}],"curies":[{"name":"wp","href":"https:\/\/api.w.org\/{rel}","templated":true}]}}