{"id":114483,"date":"2019-07-14T10:19:13","date_gmt":"2019-07-14T10:19:13","guid":{"rendered":"https:\/\/www.3p-gmbh.de\/ochrona-danych\/"},"modified":"2024-03-15T08:25:44","modified_gmt":"2024-03-15T08:25:44","slug":"ochrona-danych","status":"publish","type":"page","link":"https:\/\/www.3p-gmbh.de\/pl\/ochrona-danych\/","title":{"rendered":"Ochrona danych"},"content":{"rendered":"\n<p>W zwi\u0105zku z wej\u015bciem w \u017cycie RODO jeste\u015bmy zobowi\u0105zani do przekazania nast\u0119puj\u0105cych informacji<\/p>\n\n<p>do przetwarzania danych:<\/p>\n\n<p><br\/><strong>1. imi\u0119 i nazwisko oraz dane kontaktowe administratora i inspektora ochrony danych sp\u00f3\u0142ki<\/strong><br\/>  Niniejsze informacje o ochronie danych dotycz\u0105 przetwarzania danych przez:<br\/>  Podmiot odpowiedzialny: 3p Vertriebsgesellschaft mbH, reprezentowany przez dyrektora zarz\u0105dzaj\u0105cego Torstena Kirchhofa,<\/p>\n\n<p>Bahnhofstrasse 13 a, D-16818 Dabergotz, tel.: 03391-401570, faks: 03391-4015722, <a href=\"javascript:linkTo_UnCryptMailto('ocknvq,kphqB5r\/iodj0fg');\">info(at)3p-gmbh.de<\/a> (dalej: 3p)<br\/><\/p>\n\n<p><strong>2. gromadzenie i przechowywanie danych osobowych, a tak\u017ce ich rodzaj i cel oraz ich wykorzystanie<\/strong><br\/>  Je\u015bli u\u017cytkownik jest klientem, dostawc\u0105 lub partnerem umownym 3p, gromadzimy nast\u0119puj\u0105ce informacje:<br\/>  &#8211; Tytu\u0142, imi\u0119, nazwisko, w stosownych przypadkach r\u00f3wnie\u017c innych os\u00f3b kontaktowych w firmie<br\/>  &#8211; prawid\u0142owy adres e-mail<br\/>  &#8211; adres<br\/>  &#8211; Numer telefonu (stacjonarny i\/lub kom\u00f3rkowy)<br\/>  &#8211; Numery podatkowe, numery identyfikacyjne VAT<br\/>  &#8211; Dane bankowe i dane dotycz\u0105ce sprzeda\u017cy<br\/>  &#8211; Informacje niezb\u0119dne do realizacji danego stosunku umownego<\/p>\n\n<p><br\/>  Dane te s\u0105 gromadzone<\/p>\n\n<p>&#8211; aby m\u00f3c zidentyfikowa\u0107 u\u017cytkownika jako naszego partnera umownego;<br\/>  &#8211; aby m\u00f3c odpowiednio doradzi\u0107 u\u017cytkownikowi i wywi\u0105za\u0107 si\u0119 z istniej\u0105cego stosunku umownego;<br\/>  &#8211; do korespondencji z u\u017cytkownikiem;<br\/>  &#8211; do fakturowania;<br\/>  &#8211; w celu zaspokojenia wszelkich roszcze\u0144 z tytu\u0142u odpowiedzialno\u015bci i dochodzenia wszelkich roszcze\u0144 wobec u\u017cytkownika.<\/p>\n\n<p><br\/>  Przetwarzanie danych odbywa si\u0119 w odpowiedzi na zapytanie u\u017cytkownika i jest dozwolone na mocy art. 6 ust. 1 str. 1 lit. b RODO dla wymienionych cel\u00f3w<\/p>\n\n<p>niezb\u0119dne do w\u0142a\u015bciwego przetwarzania i wzajemnego wype\u0142niania zobowi\u0105za\u0144 wynikaj\u0105cych z umowy.<\/p>\n\n<p>My\n  przetwarza\u0107 dane, kt\u00f3re otrzymujemy w ramach naszych relacji biznesowych od\n  dane, kt\u00f3re otrzymali\u015bmy od u\u017cytkownika oraz dane, kt\u00f3re uzyskali\u015bmy z publicznie dost\u0119pnych \u017ar\u00f3de\u0142.  \nkatalogi.<br\/>  Zasady i warunki maj\u0105ce zastosowanie do relacji biznesowych  \nzebrane przez nas dane osobowe b\u0119d\u0105 przechowywane do czasu wyga\u015bni\u0119cia  \nustawowy obowi\u0105zek przechowywania<\/p>\n\n<p>zapisany\n  a nast\u0119pnie usuni\u0119te, chyba \u017ce jeste\u015bmy do tego zobowi\u0105zani na mocy art. 6 ust. 1 S. 1  \nlit. c RODO na gruncie prawa podatkowego i handlowego<\/p>\n\n<p>Przechowywanie\n  i obowi\u0105zki dokumentacyjne (wynikaj\u0105ce z HGB, StGB lub AO) na d\u0142u\u017cszy okres.  \ns\u0105 zobowi\u0105zani do przechowywania danych lub<\/p>\n\n<p>przechowywanie zgodnie z art. 6 ust. 1 str. 1 lit. a RODO wyrazili na to zgod\u0119.<\/p>\n\n<p><br\/><strong>3. ujawnianie danych stronom trzecim\/informacji kredytowych<\/strong><br\/>\n  Przekazywanie danych osobowych stronom trzecim w celach innych ni\u017c\n  cele wymienione poni\u017cej nie maj\u0105 miejsca. Transmisja\n  do kraju spoza UE nie ma miejsca.<br\/>  O ile to  \nArt. 6 ust. 1 str. 1 lit. b i lit. f RODO w celu realizacji  \nrelacje umowne z u\u017cytkownikiem, dane osobowe u\u017cytkownika b\u0119d\u0105  \ndanych osobowych stronom trzecim. Obejmuje to  \nw szczeg\u00f3lno\u015bci nast\u0119puj\u0105ce przelewy:<br\/>  &#8211; autoryzowanemu doradcy podatkowemu w ramach rachunkowo\u015bci finansowej,  <br\/>  &#8211; dostawcom us\u0142ug windykacyjnych i prawnikom w celu dochodzenia nale\u017cno\u015bci i egzekwowania roszcze\u0144 na drodze s\u0105dowej<br\/>  &#8211; spedytorom i dostawcom us\u0142ug logistycznych w celu wype\u0142nienia istniej\u0105cych zobowi\u0105za\u0144 dostawy<br\/>  &#8211; instytucjom kredytowym i dostawcom us\u0142ug p\u0142atniczych w zakresie rozliczania i przetwarzania p\u0142atno\u015bci<br\/>  &#8211; Organy publiczne w uzasadnionych przypadkach, np. organy podatkowe  <br\/>  &#8211; Dostawca us\u0142ug IT w zakresie utrzymania naszej infrastruktury IT i tworzenia kopii zapasowych danych<br\/><br\/><strong>4. prawa os\u00f3b, kt\u00f3rych dane dotycz\u0105<\/strong><br\/>  Masz do tego prawo:<br\/>\n  &#8211; zgodnie z art. 7 ust. 3 DSGVO zgoda wyra\u017cona w dowolnym momencie\n  cofni\u0119cia udzielonej nam zgody. Konsekwencj\u0105 tego jest to, \u017ce  \nPrzetwarzanie danych oparte na tej zgodzie w przysz\u0142o\u015bci  \nnie mo\u017ce by\u0107 d\u0142u\u017cej kontynuowana;<br\/>  &#8211; zgodnie z art. 15 RODO informacje o  \nza\u017c\u0105da\u0107 dost\u0119pu do swoich danych osobowych przetwarzanych przez nas.  \nW szczeg\u00f3lno\u015bci u\u017cytkownik mo\u017ce za\u017c\u0105da\u0107 informacji na temat cel\u00f3w przetwarzania danych, takich jak  \nKategoria danych osobowych, kategorie odbiorc\u00f3w,  \nkomu dane u\u017cytkownika zosta\u0142y lub zostan\u0105 ujawnione, zamierzone  \nokres przechowywania, istnienie prawa do sprostowania, usuni\u0119cia,  \nOgraniczenie przetwarzania lub sprzeciw, istnienie  \nprawo do z\u0142o\u017cenia skargi, pochodzenia ich danych, je\u015bli nie s\u0105 one u nas  \na tak\u017ce o istnieniu zautomatyzowanego systemu zarz\u0105dzania danymi.  \npodejmowanie decyzji, w tym profilowanie i, w stosownych przypadkach, znacz\u0105ce  \npoprosi\u0107 o informacje na ich temat;<br\/>  &#8211; zgodnie z art. 16 RODO\n  niezw\u0142ocznego poprawienia nieprawid\u0142owych lub uzupe\u0142nienia danych.  \nprzechowywane przez nas dane osobowe;<br\/>  &#8211; wg.  \nArt. 17 RODO, aby za\u017c\u0105da\u0107 usuni\u0119cia przechowywanych przez nas danych osobowych.\n  danych, chyba \u017ce przetwarzanie jest niezb\u0119dne do wykonywania  \nprawo do wolno\u015bci wypowiedzi i informacji, w celu realizacji prawa do wolno\u015bci wypowiedzi.  \nobowi\u0105zek prawny, ze wzgl\u0119du na interes publiczny lub  \nw celu dochodzenia, wykonywania lub obrony roszcze\u0144 prawnych  \njest wymagany;<br\/>  &#8211; zgodnie z art. 18 RODO ograniczenie  \nprzetwarzanie danych osobowych u\u017cytkownika w zakresie, w jakim  \nprawid\u0142owo\u015b\u0107 danych jest kwestionowana przez u\u017cytkownika, przetwarzanie  \njest niezgodne z prawem, ale u\u017cytkownik sprzeciwia si\u0119 ich usuni\u0119ciu, a my usuwamy dane  \nju\u017c ich nie potrzebujesz, ale potrzebujesz ich, aby zapewni\u0107, \u0107wiczy\u0107 lub\n  obrona roszcze\u0144 prawnych lub u\u017cytkownik potrzebuje danych zgodnie z art. 21  \nDSGVO wnios\u0142o sprzeciw wobec przetwarzania danych;<br\/>  &#8211; wg.  \nArt. 20 RODO Twoje dane osobowe, kt\u00f3re nam przekaza\u0142e\u015b  \nw ustrukturyzowanym, powszechnie u\u017cywanym formacie nadaj\u0105cym si\u0119 do odczytu maszynowego  \nlub w celu uzyskania przeniesienia do innego administratora lub w celu uzyskania  \npopyt i<br\/>  &#8211; zgodnie z art. 77 RODO do z\u0142o\u017cenia skargi do organu nadzorczego  \nnarzeka\u0107. Z regu\u0142y mo\u017cna skontaktowa\u0107 si\u0119 z  \nOrgan nadzorczy w\u0142a\u015bciwy dla miejsca zamieszkania lub miejsca pracy u\u017cytkownika  \nlub w siedzibie naszej firmy.<\/p>\n\n<p><br\/><strong>5. prawo do sprzeciwu<\/strong><br\/>\n  Je\u015bli dane osobowe u\u017cytkownika s\u0105 przetwarzane na podstawie prawnie uzasadnionych  \nOdsetki zgodnie z art. 6 ust. 1 str. 1 lit. f RODO s\u0105 przetwarzane,  \nU\u017cytkownik ma prawo, zgodnie z art. 21 RODO, sprzeciwi\u0107 si\u0119  \nwniesienia sprzeciwu wobec przetwarzania danych osobowych, o ile  \nistniej\u0105 powody wynikaj\u0105ce z konkretnej sytuacji.<br\/> \nJe\u015bli chcesz skorzysta\u0107 z prawa do sprzeciwu, po prostu wy\u015blij nam  \nE-mail na adres podany w punkcie 1 powy\u017cej, list lub faks.\n3p Vertriebsgesellschaft mbH\n\n<\/p>\n","protected":false},"excerpt":{"rendered":"<p>W zwi\u0105zku z wej\u015bciem w \u017cycie RODO jeste\u015bmy zobowi\u0105zani do przekazania nast\u0119puj\u0105cych informacji do przetwarzania danych: 1. imi\u0119 i nazwisko oraz dane kontaktowe administratora i inspektora ochrony danych sp\u00f3\u0142ki Niniejsze informacje o ochronie danych dotycz\u0105 przetwarzania danych przez: Podmiot odpowiedzialny: 3p Vertriebsgesellschaft mbH, reprezentowany przez dyrektora zarz\u0105dzaj\u0105cego Torstena Kirchhofa, Bahnhofstrasse 13 a, D-16818 Dabergotz, tel.: [&hellip;]<\/p>\n","protected":false},"author":1,"featured_media":0,"parent":0,"menu_order":0,"comment_status":"closed","ping_status":"closed","template":"","meta":{"footnotes":""},"class_list":["post-114483","page","type-page","status-publish","hentry"],"jetpack_sharing_enabled":true,"_links":{"self":[{"href":"https:\/\/www.3p-gmbh.de\/pl\/wp-json\/wp\/v2\/pages\/114483","targetHints":{"allow":["GET"]}}],"collection":[{"href":"https:\/\/www.3p-gmbh.de\/pl\/wp-json\/wp\/v2\/pages"}],"about":[{"href":"https:\/\/www.3p-gmbh.de\/pl\/wp-json\/wp\/v2\/types\/page"}],"author":[{"embeddable":true,"href":"https:\/\/www.3p-gmbh.de\/pl\/wp-json\/wp\/v2\/users\/1"}],"replies":[{"embeddable":true,"href":"https:\/\/www.3p-gmbh.de\/pl\/wp-json\/wp\/v2\/comments?post=114483"}],"version-history":[{"count":3,"href":"https:\/\/www.3p-gmbh.de\/pl\/wp-json\/wp\/v2\/pages\/114483\/revisions"}],"predecessor-version":[{"id":114497,"href":"https:\/\/www.3p-gmbh.de\/pl\/wp-json\/wp\/v2\/pages\/114483\/revisions\/114497"}],"wp:attachment":[{"href":"https:\/\/www.3p-gmbh.de\/pl\/wp-json\/wp\/v2\/media?parent=114483"}],"curies":[{"name":"wp","href":"https:\/\/api.w.org\/{rel}","templated":true}]}}