{"id":114476,"date":"2019-07-14T08:31:36","date_gmt":"2019-07-14T08:31:36","guid":{"rendered":"https:\/\/www.3p-gmbh.de\/3p-sales-company\/"},"modified":"2024-03-15T08:25:36","modified_gmt":"2024-03-15T08:25:36","slug":"3p-sales-company","status":"publish","type":"page","link":"https:\/\/www.3p-gmbh.de\/pl\/","title":{"rendered":"3p sales company"},"content":{"rendered":"\n<figure class=\"wp-block-table\"><table class=\"\"><tbody><tr><td>Silny partner dla Ciebie!  <\/td><\/tr><tr><td>Nasza firma specjalizuje si\u0119 w zakupie i sprzeda\u017cy u\u017cywanych maszyn, szczeg\u00f3lnie na rynku graficznym. Niezale\u017cnie od tego, czy chodzi o przygotowanie do druku, t\u0142oczni\u0119 czy wyko\u0144czenie: posiadamy bardzo szerok\u0105 gam\u0119 system\u00f3w i maszyn w naszym nowym, du\u017cym magazynie bezpo\u015brednio przy autostradzie A24 w pobli\u017cu Neuruppin. Dzi\u0119ki naszym wymaganiom logistycznym i us\u0142ugowym jeste\u015bmy w stanie szybko i optymalnie reagowa\u0107 na \u017cyczenia i wymagania naszych klient\u00f3w. Odwied\u017a nas w p\u00f3\u0142nocnej cz\u0119\u015bci Berlina!<\/td><\/tr><\/tbody><\/table><\/figure>","protected":false},"excerpt":{"rendered":"<p>Silny partner dla Ciebie! Nasza firma specjalizuje si\u0119 w zakupie i sprzeda\u017cy u\u017cywanych maszyn, szczeg\u00f3lnie na rynku graficznym. Niezale\u017cnie od tego, czy chodzi o przygotowanie do druku, t\u0142oczni\u0119 czy wyko\u0144czenie: posiadamy bardzo szerok\u0105 gam\u0119 system\u00f3w i maszyn w naszym nowym, du\u017cym magazynie bezpo\u015brednio przy autostradzie A24 w pobli\u017cu Neuruppin. Dzi\u0119ki naszym wymaganiom logistycznym i us\u0142ugowym [&hellip;]<\/p>\n","protected":false},"author":1,"featured_media":0,"parent":0,"menu_order":0,"comment_status":"closed","ping_status":"closed","template":"template-homepage.php","meta":{"footnotes":""},"class_list":["post-114476","page","type-page","status-publish","hentry"],"jetpack_sharing_enabled":true,"_links":{"self":[{"href":"https:\/\/www.3p-gmbh.de\/pl\/wp-json\/wp\/v2\/pages\/114476","targetHints":{"allow":["GET"]}}],"collection":[{"href":"https:\/\/www.3p-gmbh.de\/pl\/wp-json\/wp\/v2\/pages"}],"about":[{"href":"https:\/\/www.3p-gmbh.de\/pl\/wp-json\/wp\/v2\/types\/page"}],"author":[{"embeddable":true,"href":"https:\/\/www.3p-gmbh.de\/pl\/wp-json\/wp\/v2\/users\/1"}],"replies":[{"embeddable":true,"href":"https:\/\/www.3p-gmbh.de\/pl\/wp-json\/wp\/v2\/comments?post=114476"}],"version-history":[{"count":3,"href":"https:\/\/www.3p-gmbh.de\/pl\/wp-json\/wp\/v2\/pages\/114476\/revisions"}],"predecessor-version":[{"id":114493,"href":"https:\/\/www.3p-gmbh.de\/pl\/wp-json\/wp\/v2\/pages\/114476\/revisions\/114493"}],"wp:attachment":[{"href":"https:\/\/www.3p-gmbh.de\/pl\/wp-json\/wp\/v2\/media?parent=114476"}],"curies":[{"name":"wp","href":"https:\/\/api.w.org\/{rel}","templated":true}]}}