{"id":7464,"date":"2019-07-11T13:59:38","date_gmt":"2019-07-11T13:59:38","guid":{"rendered":"http:\/\/www.3p-gmbh.de\/produkt\/pcb-laserphotoplotter\/"},"modified":"2019-11-08T15:30:38","modified_gmt":"2019-11-08T15:30:38","slug":"pcb-laserphotoplotter","status":"publish","type":"product","link":"https:\/\/www.3p-gmbh.de\/nl\/produkt\/pcb-laserphotoplotter\/","title":{"rendered":"Barco PCB Laserphotoplotter"},"content":{"rendered":"<p>PCB Laserphotoplotter f\u00fcr Leiterplattenherstellung<br \/>\nMania Barco Esko Graphic Silver Writer mit Agfaline HT 86 online PCB Entwicklungsmaschine<br \/>\nBaujahr 2004<\/p>\n<p>Filmformat: 813x711mm<br \/>\nVerf\u00fcgbare Aufl\u00f6sungen:<br \/>\nf\u00fcr volles Format 2000, 2540, 4000, 5080, 8000, 10000, 10160, 16000 ppi<br \/>\nmit Einschr\u00e4nkung des Belichtungsbereiches auf (810x639mm) 20000, 20320 ppi<br \/>\nmit Einschr\u00e4nkung des Belichtungsbereiches auf (810x395mm) 25000 und 25400 ppi<br \/>\n1 Filmmagazin fuer 150 Blatt<br \/>\nDer Laser wird in 24 Strahlen geteilt, ein 4000ppi-Plott dauert bei normaler bogenf\u00fcllender<br \/>\nDatenstruktur ca. 8 Minuten, bei 25400ppi ca. 35 min.<\/p>\n<p>Powerrip-PC (vorinstalliert, mit Interfacekarte), dieser verarbeitet Barco DPF-Dateien<br \/>\nbis 25400ppi. Die Rip-Lizenz ist zeitlich limitiert und mu\u00df vom Hersteller immer wieder<br \/>\nerneuert werden.<\/p>\n","protected":false},"excerpt":{"rendered":"<p>PCB Laserphotoplotter f\u00fcr Leiterplattenherstellung Mania Barco Esko Graphic Silver Writer mit Agfaline HT 86 online PCB Entwicklungsmaschine Baujahr 2004 Filmformat: 813x711mm Verf\u00fcgbare Aufl\u00f6sungen: f\u00fcr volles Format 2000, 2540, 4000, 5080, 8000, 10000, 10160, 16000 ppi mit Einschr\u00e4nkung des Belichtungsbereiches auf (810x639mm) 20000, 20320 ppi mit Einschr\u00e4nkung des Belichtungsbereiches auf (810x395mm) 25000 und 25400 ppi 1 [&hellip;]<\/p>\n","protected":false},"featured_media":3769,"template":"","meta":[],"product_brand":[],"product_cat":[80],"product_tag":[],"class_list":{"0":"post-7464","1":"product","2":"type-product","3":"status-publish","4":"has-post-thumbnail","6":"product_cat-filmbelichter-und-filmentwicklungssysteme","7":"pa_baujahr-198","8":"pa_hersteller-mania-barco-esko-graphic","9":"pa_typ-silver-writher","11":"first","12":"instock","13":"sold-individually","14":"taxable","15":"shipping-taxable","16":"purchasable","17":"product-type-simple"},"jetpack_sharing_enabled":true,"_links":{"self":[{"href":"https:\/\/www.3p-gmbh.de\/nl\/wp-json\/wp\/v2\/product\/7464","targetHints":{"allow":["GET"]}}],"collection":[{"href":"https:\/\/www.3p-gmbh.de\/nl\/wp-json\/wp\/v2\/product"}],"about":[{"href":"https:\/\/www.3p-gmbh.de\/nl\/wp-json\/wp\/v2\/types\/product"}],"wp:featuredmedia":[{"embeddable":true,"href":"https:\/\/www.3p-gmbh.de\/nl\/wp-json\/wp\/v2\/media\/3769"}],"wp:attachment":[{"href":"https:\/\/www.3p-gmbh.de\/nl\/wp-json\/wp\/v2\/media?parent=7464"}],"wp:term":[{"taxonomy":"product_brand","embeddable":true,"href":"https:\/\/www.3p-gmbh.de\/nl\/wp-json\/wp\/v2\/product_brand?post=7464"},{"taxonomy":"product_cat","embeddable":true,"href":"https:\/\/www.3p-gmbh.de\/nl\/wp-json\/wp\/v2\/product_cat?post=7464"},{"taxonomy":"product_tag","embeddable":true,"href":"https:\/\/www.3p-gmbh.de\/nl\/wp-json\/wp\/v2\/product_tag?post=7464"}],"curies":[{"name":"wp","href":"https:\/\/api.w.org\/{rel}","templated":true}]}}