{"id":7448,"date":"2019-07-11T13:59:31","date_gmt":"2019-07-11T13:59:31","guid":{"rendered":"http:\/\/www.3p-gmbh.de\/produkt\/digitales-adressiersystem\/"},"modified":"2019-11-12T14:57:37","modified_gmt":"2019-11-12T14:57:37","slug":"digitales-adressiersystem","status":"publish","type":"product","link":"https:\/\/www.3p-gmbh.de\/nl\/produkt\/digitales-adressiersystem\/","title":{"rendered":"Rena 630 Digitales Adressiersystem"},"content":{"rendered":"<p>&#8211; Hochleistungsdruckmodul mit 2&#215;3 Druckk\u00f6pfen<br \/>\n&#8211; max. Druckh\u00f6he 508mm und Druckbreite 38mm<br \/>\n&#8211; Infrarot Trockner Typ Lambda Powerdry B IR 2,7<br \/>\n&#8211; stufenlos motorisch h\u00f6henverstellbares und hitzebest\u00e4ndiges<br \/>\nTransportband KH-TB40, L\u00e4nge ca.150cm<\/p>\n","protected":false},"excerpt":{"rendered":"<p>&#8211; Hochleistungsdruckmodul mit 2&#215;3 Druckk\u00f6pfen &#8211; max. Druckh\u00f6he 508mm und Druckbreite 38mm &#8211; Infrarot Trockner Typ Lambda Powerdry B IR 2,7 &#8211; stufenlos motorisch h\u00f6henverstellbares und hitzebest\u00e4ndiges Transportband KH-TB40, L\u00e4nge ca.150cm<\/p>\n","protected":false},"featured_media":3696,"template":"","meta":[],"product_brand":[],"product_cat":[1744],"product_tag":[],"class_list":{"0":"post-7448","1":"product","2":"type-product","3":"status-publish","4":"has-post-thumbnail","6":"product_cat-adressier-und-kuvertiersysteme","7":"pa_baujahr-140","8":"pa_hersteller-rena","9":"pa_typ-digital-desktop-printer630","11":"first","12":"instock","13":"sold-individually","14":"taxable","15":"shipping-taxable","16":"purchasable","17":"product-type-simple"},"jetpack_sharing_enabled":true,"_links":{"self":[{"href":"https:\/\/www.3p-gmbh.de\/nl\/wp-json\/wp\/v2\/product\/7448","targetHints":{"allow":["GET"]}}],"collection":[{"href":"https:\/\/www.3p-gmbh.de\/nl\/wp-json\/wp\/v2\/product"}],"about":[{"href":"https:\/\/www.3p-gmbh.de\/nl\/wp-json\/wp\/v2\/types\/product"}],"wp:featuredmedia":[{"embeddable":true,"href":"https:\/\/www.3p-gmbh.de\/nl\/wp-json\/wp\/v2\/media\/3696"}],"wp:attachment":[{"href":"https:\/\/www.3p-gmbh.de\/nl\/wp-json\/wp\/v2\/media?parent=7448"}],"wp:term":[{"taxonomy":"product_brand","embeddable":true,"href":"https:\/\/www.3p-gmbh.de\/nl\/wp-json\/wp\/v2\/product_brand?post=7448"},{"taxonomy":"product_cat","embeddable":true,"href":"https:\/\/www.3p-gmbh.de\/nl\/wp-json\/wp\/v2\/product_cat?post=7448"},{"taxonomy":"product_tag","embeddable":true,"href":"https:\/\/www.3p-gmbh.de\/nl\/wp-json\/wp\/v2\/product_tag?post=7448"}],"curies":[{"name":"wp","href":"https:\/\/api.w.org\/{rel}","templated":true}]}}