{"id":7446,"date":"2019-07-11T13:59:31","date_gmt":"2019-07-11T13:59:31","guid":{"rendered":"http:\/\/www.3p-gmbh.de\/produkt\/halbautomatische-kaltleim-kaschiermaschi\/"},"modified":"2019-08-01T09:43:59","modified_gmt":"2019-08-01T09:43:59","slug":"halbautomatische-kaltleim-kaschiermaschi","status":"publish","type":"product","link":"https:\/\/www.3p-gmbh.de\/nl\/produkt\/halbautomatische-kaltleim-kaschiermaschi\/","title":{"rendered":"T\u00fcnkers Vorw\u00e4rts 1100 Kaschiermaschine"},"content":{"rendered":"<p>&#8211; halbautomatische Kaltleim-Kaschiermaschine T\u00fcnkers Vorw\u00e4rts 1100 mit Transporttuch<br \/>\n&#8211; Baujahr 1987<br \/>\n&#8211; zum Beleimen zahlreicher Materialien wie Papier, Pappe, Stoff, Leder etc.<\/p>\n<p>Der Leimauftrag erfolgt von unten mittels zweier Messingwalzen und kann \u00fcber ein Skalenrad genau justiert werden.<br \/>\nNach dem Beleimen wird das Material von Hand abgenommen und auf das Tr\u00e4germaterial aufgelegt.<\/p>\n<p>&#8211; Leistung bis 2000 Bg.\/Stunde<br \/>\n&#8211; Format min. 210x296mm<br \/>\n&#8211; Format max. 1100x1400mm<br \/>\n&#8211; Stapelanleger mit Saugluftstange<br \/>\n&#8211; Messing-Walzen<br \/>\n&#8211; Umlauf-Leimbecken fuer Warmleim aus Messing<br \/>\n&#8211; 3m Abtransport<br \/>\n&#8211; pneumatische Kaschierstation (Druckluft ist bauseits zu stellen)<br \/>\n&#8211; Auslageband<\/p>\n","protected":false},"excerpt":{"rendered":"<p>&#8211; halbautomatische Kaltleim-Kaschiermaschine T\u00fcnkers Vorw\u00e4rts 1100 mit Transporttuch &#8211; Baujahr 1987 &#8211; zum Beleimen zahlreicher Materialien wie Papier, Pappe, Stoff, Leder etc. Der Leimauftrag erfolgt von unten mittels zweier Messingwalzen und kann \u00fcber ein Skalenrad genau justiert werden. Nach dem Beleimen wird das Material von Hand abgenommen und auf das Tr\u00e4germaterial aufgelegt. &#8211; Leistung bis [&hellip;]<\/p>\n","protected":false},"featured_media":3684,"template":"","meta":[],"product_brand":[],"product_cat":[1422],"product_tag":[],"class_list":{"0":"post-7446","1":"product","2":"type-product","3":"status-publish","4":"has-post-thumbnail","6":"product_cat-kaschiermaschinen","7":"pa_baujahr-221","8":"pa_hersteller-tuenkers-2","9":"pa_typ-vorwaerts-1100","11":"first","12":"instock","13":"sold-individually","14":"taxable","15":"shipping-taxable","16":"purchasable","17":"product-type-simple"},"jetpack_sharing_enabled":true,"_links":{"self":[{"href":"https:\/\/www.3p-gmbh.de\/nl\/wp-json\/wp\/v2\/product\/7446","targetHints":{"allow":["GET"]}}],"collection":[{"href":"https:\/\/www.3p-gmbh.de\/nl\/wp-json\/wp\/v2\/product"}],"about":[{"href":"https:\/\/www.3p-gmbh.de\/nl\/wp-json\/wp\/v2\/types\/product"}],"wp:featuredmedia":[{"embeddable":true,"href":"https:\/\/www.3p-gmbh.de\/nl\/wp-json\/wp\/v2\/media\/3684"}],"wp:attachment":[{"href":"https:\/\/www.3p-gmbh.de\/nl\/wp-json\/wp\/v2\/media?parent=7446"}],"wp:term":[{"taxonomy":"product_brand","embeddable":true,"href":"https:\/\/www.3p-gmbh.de\/nl\/wp-json\/wp\/v2\/product_brand?post=7446"},{"taxonomy":"product_cat","embeddable":true,"href":"https:\/\/www.3p-gmbh.de\/nl\/wp-json\/wp\/v2\/product_cat?post=7446"},{"taxonomy":"product_tag","embeddable":true,"href":"https:\/\/www.3p-gmbh.de\/nl\/wp-json\/wp\/v2\/product_tag?post=7446"}],"curies":[{"name":"wp","href":"https:\/\/api.w.org\/{rel}","templated":true}]}}