{"id":7438,"date":"2019-07-11T13:59:21","date_gmt":"2019-07-11T13:59:21","guid":{"rendered":"http:\/\/www.3p-gmbh.de\/produkt\/mobile-papierstapelzaehlmaschine-mit-str\/"},"modified":"2022-05-28T21:05:43","modified_gmt":"2022-05-28T21:05:43","slug":"mobile-papierstapelzaehlmaschine-mit-str","status":"publish","type":"product","link":"https:\/\/www.3p-gmbh.de\/nl\/produkt\/mobile-papierstapelzaehlmaschine-mit-str\/","title":{"rendered":"Vacuumatic Vicount MK 6 Papierz\u00e4hlmaschine"},"content":{"rendered":"<p>mobile Papierstapelz\u00e4hlmaschine mit Streifeneinschuss<br \/>\nSpeziell f\u00fcr papierverarbeitende Betriebe entwickelt, um eine genaue Kontrolle<br \/>\nder Blattanzahl von palettisiertem Papier (bedruckt oder unbedruckt) zu erm\u00f6glichen.<br \/>\nMin. Bogenformat: 560x300mm<br \/>\nMax. Bogenformat: gr\u00f6sste handels\u00fcbliche Palette<br \/>\nPapierstapelh\u00f6he: 1.350mm inkl. Palette<br \/>\nMindestpalettenh\u00f6he: 130mm<br \/>\nZ\u00e4hlgeschwindigkeit: stufenlos regelbar bis 1.500 Bogen\/min.<br \/>\nStreifeneinschuss: 20-999 Bogen<br \/>\nMaterialbereich: 30-170 g\/m2 je nach Flexibilit\u00e4t<br \/>\nElektrischer Anschluss: 230V\/50Hz<\/p>\n","protected":false},"excerpt":{"rendered":"<p>mobile Papierstapelz\u00e4hlmaschine mit Streifeneinschuss Speziell f\u00fcr papierverarbeitende Betriebe entwickelt, um eine genaue Kontrolle der Blattanzahl von palettisiertem Papier (bedruckt oder unbedruckt) zu erm\u00f6glichen. Min. Bogenformat: 560x300mm Max. Bogenformat: gr\u00f6sste handels\u00fcbliche Palette Papierstapelh\u00f6he: 1.350mm inkl. Palette Mindestpalettenh\u00f6he: 130mm Z\u00e4hlgeschwindigkeit: stufenlos regelbar bis 1.500 Bogen\/min. Streifeneinschuss: 20-999 Bogen Materialbereich: 30-170 g\/m2 je nach Flexibilit\u00e4t Elektrischer Anschluss: 230V\/50Hz<\/p>\n","protected":false},"featured_media":43665,"template":"","meta":[],"product_brand":[],"product_cat":[1758],"product_tag":[],"class_list":{"0":"post-7438","1":"product","2":"type-product","3":"status-publish","4":"has-post-thumbnail","6":"product_cat-papierzaehlmaschinen","7":"pa_baujahr-266","8":"pa_hersteller-vacuumatic-mk-6","9":"pa_typ-vicount-mk-6","11":"first","12":"instock","13":"sold-individually","14":"taxable","15":"shipping-taxable","16":"purchasable","17":"product-type-simple"},"jetpack_sharing_enabled":true,"_links":{"self":[{"href":"https:\/\/www.3p-gmbh.de\/nl\/wp-json\/wp\/v2\/product\/7438","targetHints":{"allow":["GET"]}}],"collection":[{"href":"https:\/\/www.3p-gmbh.de\/nl\/wp-json\/wp\/v2\/product"}],"about":[{"href":"https:\/\/www.3p-gmbh.de\/nl\/wp-json\/wp\/v2\/types\/product"}],"wp:featuredmedia":[{"embeddable":true,"href":"https:\/\/www.3p-gmbh.de\/nl\/wp-json\/wp\/v2\/media\/43665"}],"wp:attachment":[{"href":"https:\/\/www.3p-gmbh.de\/nl\/wp-json\/wp\/v2\/media?parent=7438"}],"wp:term":[{"taxonomy":"product_brand","embeddable":true,"href":"https:\/\/www.3p-gmbh.de\/nl\/wp-json\/wp\/v2\/product_brand?post=7438"},{"taxonomy":"product_cat","embeddable":true,"href":"https:\/\/www.3p-gmbh.de\/nl\/wp-json\/wp\/v2\/product_cat?post=7438"},{"taxonomy":"product_tag","embeddable":true,"href":"https:\/\/www.3p-gmbh.de\/nl\/wp-json\/wp\/v2\/product_tag?post=7438"}],"curies":[{"name":"wp","href":"https:\/\/api.w.org\/{rel}","templated":true}]}}