{"id":7433,"date":"2019-07-11T13:59:08","date_gmt":"2019-07-11T13:59:08","guid":{"rendered":"http:\/\/www.3p-gmbh.de\/produkt\/universalanleimmaschine\/"},"modified":"2019-08-02T12:34:30","modified_gmt":"2019-08-02T12:34:30","slug":"universalanleimmaschine","status":"publish","type":"product","link":"https:\/\/www.3p-gmbh.de\/nl\/produkt\/universalanleimmaschine\/","title":{"rendered":"T\u00fcnkers Universal-Anleimmaschine"},"content":{"rendered":"<p>T\u00fcnkers Fasson-Anleimmaschine mit Handanlage und Auslageband mit Anpressung<br \/>\nT\u00fcnkers Universalanleimmaschinen UAM sind vielseitige, universell einsetzbare Maschinen f\u00fcr die rationelle Beleimung, geeignet f\u00fcr die Verarbeitung von Papier- und Kartonbogen, Leder und von \u00e4hnlicher Materialien.<\/p>\n<p>Baujahr 1994<br \/>\nLeistung bis 2000 Bg.\/Stunde<br \/>\nFormat min. 210x296mm<br \/>\nFormat max. 1100x1400mm<br \/>\nArbeitsbreite 1100 mm<br \/>\nFasson-, Voll-, Rand- und Streifenbeleimung m\u00f6glich<br \/>\nmodulare Bauweise, daher jederzeit aufruestbar<br \/>\nkurze Umr\u00fcstzeiten, einfache Handhabung<br \/>\nfrei zug\u00e4ngliches Abtransportband<br \/>\nautomatisches Klebstoff-Reguliersystem<br \/>\nVerarbeitung von Kalt- und Warmleim sowie Kleister oder Latex m\u00f6glich<\/p>\n","protected":false},"excerpt":{"rendered":"<p>T\u00fcnkers Fasson-Anleimmaschine mit Handanlage und Auslageband mit Anpressung T\u00fcnkers Universalanleimmaschinen UAM sind vielseitige, universell einsetzbare Maschinen f\u00fcr die rationelle Beleimung, geeignet f\u00fcr die Verarbeitung von Papier- und Kartonbogen, Leder und von \u00e4hnlicher Materialien. Baujahr 1994 Leistung bis 2000 Bg.\/Stunde Format min. 210x296mm Format max. 1100x1400mm Arbeitsbreite 1100 mm Fasson-, Voll-, Rand- und Streifenbeleimung m\u00f6glich modulare [&hellip;]<\/p>\n","protected":false},"featured_media":3625,"template":"","meta":[],"product_brand":[],"product_cat":[87],"product_tag":[],"class_list":{"0":"post-7433","1":"product","2":"type-product","3":"status-publish","4":"has-post-thumbnail","6":"product_cat-sonstige-weiterverarbeitung","7":"pa_baujahr-155","8":"pa_hersteller-tuenkers-2","9":"pa_typ-universalanleimmaschine","11":"first","12":"instock","13":"sold-individually","14":"taxable","15":"shipping-taxable","16":"purchasable","17":"product-type-simple"},"jetpack_sharing_enabled":true,"_links":{"self":[{"href":"https:\/\/www.3p-gmbh.de\/nl\/wp-json\/wp\/v2\/product\/7433","targetHints":{"allow":["GET"]}}],"collection":[{"href":"https:\/\/www.3p-gmbh.de\/nl\/wp-json\/wp\/v2\/product"}],"about":[{"href":"https:\/\/www.3p-gmbh.de\/nl\/wp-json\/wp\/v2\/types\/product"}],"wp:featuredmedia":[{"embeddable":true,"href":"https:\/\/www.3p-gmbh.de\/nl\/wp-json\/wp\/v2\/media\/3625"}],"wp:attachment":[{"href":"https:\/\/www.3p-gmbh.de\/nl\/wp-json\/wp\/v2\/media?parent=7433"}],"wp:term":[{"taxonomy":"product_brand","embeddable":true,"href":"https:\/\/www.3p-gmbh.de\/nl\/wp-json\/wp\/v2\/product_brand?post=7433"},{"taxonomy":"product_cat","embeddable":true,"href":"https:\/\/www.3p-gmbh.de\/nl\/wp-json\/wp\/v2\/product_cat?post=7433"},{"taxonomy":"product_tag","embeddable":true,"href":"https:\/\/www.3p-gmbh.de\/nl\/wp-json\/wp\/v2\/product_tag?post=7433"}],"curies":[{"name":"wp","href":"https:\/\/api.w.org\/{rel}","templated":true}]}}