{"id":7404,"date":"2019-07-11T13:58:58","date_gmt":"2019-07-11T13:58:58","guid":{"rendered":"http:\/\/www.3p-gmbh.de\/produkt\/oesmaschine\/"},"modified":"2019-11-12T13:57:16","modified_gmt":"2019-11-12T13:57:16","slug":"oesmaschine","status":"publish","type":"product","link":"https:\/\/www.3p-gmbh.de\/nl\/produkt\/oesmaschine\/","title":{"rendered":"Hang Piccolo \u00d6smaschine"},"content":{"rendered":"<p>Wichtige Dokumente wie Ausweise und Vertr\u00e4ge 2-15 Blatt werden unl\u00f6sbar zusammengefasst!<br \/>\n&#8211; f\u00fcr Papier, Karton o. \u00e4. Materialien bis zu 2 mm St\u00e4rke<br \/>\n&#8211; Un\u00fcbertroffen, konkurrenzlos leichtg\u00e4ngig<br \/>\n&#8211; Mit automatischer \u00d6szuf\u00fchrung \u00fcber Magazin<br \/>\n&#8211; Locht und \u00f6st in einem Arbeitsgang, wobei die \u00d6se selbst das Loch stanzt<br \/>\n&#8211; Lieferbar mit verschiedenen \u00d6sen-Innendurchmessern<\/p>\n","protected":false},"excerpt":{"rendered":"<p>Wichtige Dokumente wie Ausweise und Vertr\u00e4ge 2-15 Blatt werden unl\u00f6sbar zusammengefasst! &#8211; f\u00fcr Papier, Karton o. \u00e4. Materialien bis zu 2 mm St\u00e4rke &#8211; Un\u00fcbertroffen, konkurrenzlos leichtg\u00e4ngig &#8211; Mit automatischer \u00d6szuf\u00fchrung \u00fcber Magazin &#8211; Locht und \u00f6st in einem Arbeitsgang, wobei die \u00d6se selbst das Loch stanzt &#8211; Lieferbar mit verschiedenen \u00d6sen-Innendurchmessern<\/p>\n","protected":false},"featured_media":3509,"template":"","meta":[],"product_brand":[],"product_cat":[1756],"product_tag":[],"class_list":{"0":"post-7404","1":"product","2":"type-product","3":"status-publish","4":"has-post-thumbnail","6":"product_cat-oesmaschinen","7":"pa_baujahr-165","8":"pa_hersteller-constantin-hang","9":"pa_typ-picolo-iii","11":"first","12":"instock","13":"sold-individually","14":"taxable","15":"shipping-taxable","16":"purchasable","17":"product-type-simple"},"jetpack_sharing_enabled":true,"_links":{"self":[{"href":"https:\/\/www.3p-gmbh.de\/nl\/wp-json\/wp\/v2\/product\/7404","targetHints":{"allow":["GET"]}}],"collection":[{"href":"https:\/\/www.3p-gmbh.de\/nl\/wp-json\/wp\/v2\/product"}],"about":[{"href":"https:\/\/www.3p-gmbh.de\/nl\/wp-json\/wp\/v2\/types\/product"}],"wp:featuredmedia":[{"embeddable":true,"href":"https:\/\/www.3p-gmbh.de\/nl\/wp-json\/wp\/v2\/media\/3509"}],"wp:attachment":[{"href":"https:\/\/www.3p-gmbh.de\/nl\/wp-json\/wp\/v2\/media?parent=7404"}],"wp:term":[{"taxonomy":"product_brand","embeddable":true,"href":"https:\/\/www.3p-gmbh.de\/nl\/wp-json\/wp\/v2\/product_brand?post=7404"},{"taxonomy":"product_cat","embeddable":true,"href":"https:\/\/www.3p-gmbh.de\/nl\/wp-json\/wp\/v2\/product_cat?post=7404"},{"taxonomy":"product_tag","embeddable":true,"href":"https:\/\/www.3p-gmbh.de\/nl\/wp-json\/wp\/v2\/product_tag?post=7404"}],"curies":[{"name":"wp","href":"https:\/\/api.w.org\/{rel}","templated":true}]}}