{"id":7341,"date":"2019-07-11T13:58:29","date_gmt":"2019-07-11T13:58:29","guid":{"rendered":"http:\/\/www.3p-gmbh.de\/produkt\/schnellschneider-13\/"},"modified":"2019-11-12T15:52:13","modified_gmt":"2019-11-12T15:52:13","slug":"schnellschneider-13","status":"publish","type":"product","link":"https:\/\/www.3p-gmbh.de\/nl\/produkt\/schnellschneider-13\/","title":{"rendered":"Polar Mohr 76 EM Schnellschneider"},"content":{"rendered":"<p>&#8211; EM Programmsteuerung<br \/>\n&#8211; Lufttisch<br \/>\n&#8211; 2 Messer<br \/>\n&#8211; Schnittl\u00e4nge 76 cm<br \/>\n&#8211; Einsatzh\u00f6he 11 cm<br \/>\n&#8211; Einlegetiefe 76 cm<br \/>\n&#8211; Gewicht 1040 Kg<br \/>\n&#8211; Breite 152 cm<br \/>\n&#8211; Tiefe 175 cm<br \/>\n&#8211; H\u00f6he 140 cm<\/p>\n","protected":false},"excerpt":{"rendered":"<p>&#8211; EM Programmsteuerung &#8211; Lufttisch &#8211; 2 Messer &#8211; Schnittl\u00e4nge 76 cm &#8211; Einsatzh\u00f6he 11 cm &#8211; Einlegetiefe 76 cm &#8211; Gewicht 1040 Kg &#8211; Breite 152 cm &#8211; Tiefe 175 cm &#8211; H\u00f6he 140 cm<\/p>\n","protected":false},"featured_media":3273,"template":"","meta":[],"product_brand":[],"product_cat":[788],"product_tag":[],"class_list":{"0":"post-7341","1":"product","2":"type-product","3":"status-publish","4":"has-post-thumbnail","6":"product_cat-schneidemaschinen","7":"pa_baujahr-404","8":"pa_hersteller-polar-mohr","9":"pa_typ-polar-76-em","11":"first","12":"instock","13":"sold-individually","14":"taxable","15":"shipping-taxable","16":"purchasable","17":"product-type-simple"},"jetpack_sharing_enabled":true,"_links":{"self":[{"href":"https:\/\/www.3p-gmbh.de\/nl\/wp-json\/wp\/v2\/product\/7341","targetHints":{"allow":["GET"]}}],"collection":[{"href":"https:\/\/www.3p-gmbh.de\/nl\/wp-json\/wp\/v2\/product"}],"about":[{"href":"https:\/\/www.3p-gmbh.de\/nl\/wp-json\/wp\/v2\/types\/product"}],"wp:featuredmedia":[{"embeddable":true,"href":"https:\/\/www.3p-gmbh.de\/nl\/wp-json\/wp\/v2\/media\/3273"}],"wp:attachment":[{"href":"https:\/\/www.3p-gmbh.de\/nl\/wp-json\/wp\/v2\/media?parent=7341"}],"wp:term":[{"taxonomy":"product_brand","embeddable":true,"href":"https:\/\/www.3p-gmbh.de\/nl\/wp-json\/wp\/v2\/product_brand?post=7341"},{"taxonomy":"product_cat","embeddable":true,"href":"https:\/\/www.3p-gmbh.de\/nl\/wp-json\/wp\/v2\/product_cat?post=7341"},{"taxonomy":"product_tag","embeddable":true,"href":"https:\/\/www.3p-gmbh.de\/nl\/wp-json\/wp\/v2\/product_tag?post=7341"}],"curies":[{"name":"wp","href":"https:\/\/api.w.org\/{rel}","templated":true}]}}