{"id":7338,"date":"2019-07-11T13:58:29","date_gmt":"2019-07-11T13:58:29","guid":{"rendered":"http:\/\/www.3p-gmbh.de\/produkt\/stanz-und-eckenrundstoss-maschine\/"},"modified":"2019-11-12T15:50:55","modified_gmt":"2019-11-12T15:50:55","slug":"stanz-und-eckenrundstoss-maschine","status":"publish","type":"product","link":"https:\/\/www.3p-gmbh.de\/nl\/produkt\/stanz-und-eckenrundstoss-maschine\/","title":{"rendered":"Beier UER Eckenrundsto\u00dfer"},"content":{"rendered":"<p>&#8211; Stanz- und Eckenrundsto\u00dfer Beier UER mit Ober- und Untermesser<br \/>\n&#8211; geeignet fuer Papier, Karton, Folien<br \/>\n&#8211; Stapelh\u00f6he: max. 65 mm<br \/>\n&#8211; Handbetrieb<br \/>\n&#8211; selbstt\u00e4tige Pressvorrichtung<br \/>\n&#8211; Lieferbare Radien: 3 &#8211; 40 mm (Option)<br \/>\n&#8211; Lochungen: 1,5 &#8211; 25 mm (Option)<br \/>\n&#8211; Tischgr\u00f6sse in mm: L\u00e4nge 220 x Tiefe 260<br \/>\n&#8211; Messer mit verschiedenen Radien auf Anfrage<\/p>\n","protected":false},"excerpt":{"rendered":"<p>&#8211; Stanz- und Eckenrundsto\u00dfer Beier UER mit Ober- und Untermesser &#8211; geeignet fuer Papier, Karton, Folien &#8211; Stapelh\u00f6he: max. 65 mm &#8211; Handbetrieb &#8211; selbstt\u00e4tige Pressvorrichtung &#8211; Lieferbare Radien: 3 &#8211; 40 mm (Option) &#8211; Lochungen: 1,5 &#8211; 25 mm (Option) &#8211; Tischgr\u00f6sse in mm: L\u00e4nge 220 x Tiefe 260 &#8211; Messer mit verschiedenen Radien [&hellip;]<\/p>\n","protected":false},"featured_media":3265,"template":"","meta":[],"product_brand":[],"product_cat":[1764],"product_tag":[],"class_list":{"0":"post-7338","1":"product","2":"type-product","3":"status-publish","4":"has-post-thumbnail","6":"product_cat-sortimentsbuchbinderei","7":"pa_baujahr-266","8":"pa_typ-beier-uer","10":"first","11":"instock","12":"sold-individually","13":"taxable","14":"shipping-taxable","15":"purchasable","16":"product-type-simple"},"jetpack_sharing_enabled":true,"_links":{"self":[{"href":"https:\/\/www.3p-gmbh.de\/nl\/wp-json\/wp\/v2\/product\/7338","targetHints":{"allow":["GET"]}}],"collection":[{"href":"https:\/\/www.3p-gmbh.de\/nl\/wp-json\/wp\/v2\/product"}],"about":[{"href":"https:\/\/www.3p-gmbh.de\/nl\/wp-json\/wp\/v2\/types\/product"}],"wp:featuredmedia":[{"embeddable":true,"href":"https:\/\/www.3p-gmbh.de\/nl\/wp-json\/wp\/v2\/media\/3265"}],"wp:attachment":[{"href":"https:\/\/www.3p-gmbh.de\/nl\/wp-json\/wp\/v2\/media?parent=7338"}],"wp:term":[{"taxonomy":"product_brand","embeddable":true,"href":"https:\/\/www.3p-gmbh.de\/nl\/wp-json\/wp\/v2\/product_brand?post=7338"},{"taxonomy":"product_cat","embeddable":true,"href":"https:\/\/www.3p-gmbh.de\/nl\/wp-json\/wp\/v2\/product_cat?post=7338"},{"taxonomy":"product_tag","embeddable":true,"href":"https:\/\/www.3p-gmbh.de\/nl\/wp-json\/wp\/v2\/product_tag?post=7338"}],"curies":[{"name":"wp","href":"https:\/\/api.w.org\/{rel}","templated":true}]}}