{"id":7328,"date":"2019-07-11T13:58:15","date_gmt":"2019-07-11T13:58:15","guid":{"rendered":"http:\/\/www.3p-gmbh.de\/produkt\/zweifach-oesmaschine\/"},"modified":"2019-11-12T15:53:25","modified_gmt":"2019-11-12T15:53:25","slug":"zweifach-oesmaschine","status":"publish","type":"product","link":"https:\/\/www.3p-gmbh.de\/nl\/produkt\/zweifach-oesmaschine\/","title":{"rendered":"Constantin Hang 87-05 Zweifach-\u00d6smaschine"},"content":{"rendered":"<p>&#8211; zum Einsetzen von \u00d6sen f\u00fcr mittlere Serien<br \/>\n&#8211; besonders geeignet fuer Schnelltrennsaetze<br \/>\n&#8211; mit selbstlochenden \u00d6sen: bis 30 Blatt bei 80 g\/qm Papier<br \/>\n&#8211; mit vorgelochtem Material: bis 50 Blatt<br \/>\n&#8211; mit automatischen, leicht auswechselbaren \u00d6senzuf\u00fchrungen<br \/>\n&#8211; \u00d6senabstand mittels Handrad verstellbar<br \/>\n&#8211; gr\u00f6sster Abstand zwischen den beiden \u00e4usseren K\u00f6pfen 320 mm<br \/>\n&#8211; Auflagetisch mit verstellbaren R\u00fccken- und Seitenanschl\u00e4gen<br \/>\n&#8211; Ausl\u00f6sung durch durch elektrischen Fussschalter<br \/>\n&#8211; Absaugeinrichtung f\u00fcr den \u00d6sabfall<br \/>\n&#8211; Arbeitstiefe 300 mm<\/p>\n","protected":false},"excerpt":{"rendered":"<p>&#8211; zum Einsetzen von \u00d6sen f\u00fcr mittlere Serien &#8211; besonders geeignet fuer Schnelltrennsaetze &#8211; mit selbstlochenden \u00d6sen: bis 30 Blatt bei 80 g\/qm Papier &#8211; mit vorgelochtem Material: bis 50 Blatt &#8211; mit automatischen, leicht auswechselbaren \u00d6senzuf\u00fchrungen &#8211; \u00d6senabstand mittels Handrad verstellbar &#8211; gr\u00f6sster Abstand zwischen den beiden \u00e4usseren K\u00f6pfen 320 mm &#8211; Auflagetisch mit [&hellip;]<\/p>\n","protected":false},"featured_media":3219,"template":"","meta":[],"product_brand":[],"product_cat":[1756],"product_tag":[],"class_list":{"0":"post-7328","1":"product","2":"type-product","3":"status-publish","4":"has-post-thumbnail","6":"product_cat-oesmaschinen","7":"pa_hersteller-constantin-hang","8":"pa_typ-hang-87-05","10":"first","11":"instock","12":"sold-individually","13":"taxable","14":"shipping-taxable","15":"purchasable","16":"product-type-simple"},"jetpack_sharing_enabled":true,"_links":{"self":[{"href":"https:\/\/www.3p-gmbh.de\/nl\/wp-json\/wp\/v2\/product\/7328","targetHints":{"allow":["GET"]}}],"collection":[{"href":"https:\/\/www.3p-gmbh.de\/nl\/wp-json\/wp\/v2\/product"}],"about":[{"href":"https:\/\/www.3p-gmbh.de\/nl\/wp-json\/wp\/v2\/types\/product"}],"wp:featuredmedia":[{"embeddable":true,"href":"https:\/\/www.3p-gmbh.de\/nl\/wp-json\/wp\/v2\/media\/3219"}],"wp:attachment":[{"href":"https:\/\/www.3p-gmbh.de\/nl\/wp-json\/wp\/v2\/media?parent=7328"}],"wp:term":[{"taxonomy":"product_brand","embeddable":true,"href":"https:\/\/www.3p-gmbh.de\/nl\/wp-json\/wp\/v2\/product_brand?post=7328"},{"taxonomy":"product_cat","embeddable":true,"href":"https:\/\/www.3p-gmbh.de\/nl\/wp-json\/wp\/v2\/product_cat?post=7328"},{"taxonomy":"product_tag","embeddable":true,"href":"https:\/\/www.3p-gmbh.de\/nl\/wp-json\/wp\/v2\/product_tag?post=7328"}],"curies":[{"name":"wp","href":"https:\/\/api.w.org\/{rel}","templated":true}]}}