{"id":7320,"date":"2019-07-11T13:58:15","date_gmt":"2019-07-11T13:58:15","guid":{"rendered":"http:\/\/www.3p-gmbh.de\/produkt\/nut-perforiermaschine\/"},"modified":"2019-11-12T15:57:40","modified_gmt":"2019-11-12T15:57:40","slug":"nut-perforiermaschine","status":"publish","type":"product","link":"https:\/\/www.3p-gmbh.de\/nl\/produkt\/nut-perforiermaschine\/","title":{"rendered":"Hogenforst Nut- und Perforiermaschine"},"content":{"rendered":"<p>Arbeitsbreite 70cm, zum wirtschaftlichen Einsatz bei Perforier- oder Nutarbeiten<br \/>\nDer Stanzvorgang wird mit Fusspedal ausgel\u00f6st, dadurch hat man beide H\u00e4nde zum Anlegen und Ausrichten der Bogen frei.<br \/>\nAls Zubeh\u00f6r ist ein Nutkamm sowie ein eingebautes Rillwerkzeug und diverse Anschlaege dabei.<\/p>\n","protected":false},"excerpt":{"rendered":"<p>Arbeitsbreite 70cm, zum wirtschaftlichen Einsatz bei Perforier- oder Nutarbeiten Der Stanzvorgang wird mit Fusspedal ausgel\u00f6st, dadurch hat man beide H\u00e4nde zum Anlegen und Ausrichten der Bogen frei. Als Zubeh\u00f6r ist ein Nutkamm sowie ein eingebautes Rillwerkzeug und diverse Anschlaege dabei.<\/p>\n","protected":false},"featured_media":3184,"template":"","meta":[],"product_brand":[],"product_cat":[1755],"product_tag":[],"class_list":{"0":"post-7320","1":"product","2":"type-product","3":"status-publish","4":"has-post-thumbnail","6":"product_cat-nut-perforiermaschinen","7":"pa_hersteller-hogenforst","9":"first","10":"instock","11":"sold-individually","12":"taxable","13":"shipping-taxable","14":"purchasable","15":"product-type-simple"},"jetpack_sharing_enabled":true,"_links":{"self":[{"href":"https:\/\/www.3p-gmbh.de\/nl\/wp-json\/wp\/v2\/product\/7320","targetHints":{"allow":["GET"]}}],"collection":[{"href":"https:\/\/www.3p-gmbh.de\/nl\/wp-json\/wp\/v2\/product"}],"about":[{"href":"https:\/\/www.3p-gmbh.de\/nl\/wp-json\/wp\/v2\/types\/product"}],"wp:featuredmedia":[{"embeddable":true,"href":"https:\/\/www.3p-gmbh.de\/nl\/wp-json\/wp\/v2\/media\/3184"}],"wp:attachment":[{"href":"https:\/\/www.3p-gmbh.de\/nl\/wp-json\/wp\/v2\/media?parent=7320"}],"wp:term":[{"taxonomy":"product_brand","embeddable":true,"href":"https:\/\/www.3p-gmbh.de\/nl\/wp-json\/wp\/v2\/product_brand?post=7320"},{"taxonomy":"product_cat","embeddable":true,"href":"https:\/\/www.3p-gmbh.de\/nl\/wp-json\/wp\/v2\/product_cat?post=7320"},{"taxonomy":"product_tag","embeddable":true,"href":"https:\/\/www.3p-gmbh.de\/nl\/wp-json\/wp\/v2\/product_tag?post=7320"}],"curies":[{"name":"wp","href":"https:\/\/api.w.org\/{rel}","templated":true}]}}