{"id":7312,"date":"2019-07-11T13:58:13","date_gmt":"2019-07-11T13:58:13","guid":{"rendered":"http:\/\/www.3p-gmbh.de\/produkt\/grossformat-ruettelautomat\/"},"modified":"2019-11-12T16:01:26","modified_gmt":"2019-11-12T16:01:26","slug":"grossformat-ruettelautomat","status":"publish","type":"product","link":"https:\/\/www.3p-gmbh.de\/nl\/produkt\/grossformat-ruettelautomat\/","title":{"rendered":"Polar Mohr RB-7 Grossformat-R\u00fcttelautomat"},"content":{"rendered":"<p>Lufttisch mit Zusatzanschlag f\u00fcr kleinere Formate<br \/>\nFormatbereich (nutzbare Tischfl\u00e4che) ca. 126 x 162 cm cm<br \/>\nTischh\u00f6he (stufenlos verstellbar) 86 &#8211; 95 cm<br \/>\nmanuell zu bet\u00e4tigende Seitenklappen<\/p>\n","protected":false},"excerpt":{"rendered":"<p>Lufttisch mit Zusatzanschlag f\u00fcr kleinere Formate Formatbereich (nutzbare Tischfl\u00e4che) ca. 126 x 162 cm cm Tischh\u00f6he (stufenlos verstellbar) 86 &#8211; 95 cm manuell zu bet\u00e4tigende Seitenklappen<\/p>\n","protected":false},"featured_media":3158,"template":"","meta":[],"product_brand":[],"product_cat":[1759],"product_tag":[],"class_list":{"0":"post-7312","1":"product","2":"type-product","3":"status-publish","4":"has-post-thumbnail","6":"product_cat-ruetteltische","7":"pa_baujahr-123","8":"pa_hersteller-polar-mohr-hofheim","9":"pa_typ-polar-rb-7","11":"first","12":"instock","13":"sold-individually","14":"taxable","15":"shipping-taxable","16":"purchasable","17":"product-type-simple"},"jetpack_sharing_enabled":true,"_links":{"self":[{"href":"https:\/\/www.3p-gmbh.de\/nl\/wp-json\/wp\/v2\/product\/7312","targetHints":{"allow":["GET"]}}],"collection":[{"href":"https:\/\/www.3p-gmbh.de\/nl\/wp-json\/wp\/v2\/product"}],"about":[{"href":"https:\/\/www.3p-gmbh.de\/nl\/wp-json\/wp\/v2\/types\/product"}],"wp:featuredmedia":[{"embeddable":true,"href":"https:\/\/www.3p-gmbh.de\/nl\/wp-json\/wp\/v2\/media\/3158"}],"wp:attachment":[{"href":"https:\/\/www.3p-gmbh.de\/nl\/wp-json\/wp\/v2\/media?parent=7312"}],"wp:term":[{"taxonomy":"product_brand","embeddable":true,"href":"https:\/\/www.3p-gmbh.de\/nl\/wp-json\/wp\/v2\/product_brand?post=7312"},{"taxonomy":"product_cat","embeddable":true,"href":"https:\/\/www.3p-gmbh.de\/nl\/wp-json\/wp\/v2\/product_cat?post=7312"},{"taxonomy":"product_tag","embeddable":true,"href":"https:\/\/www.3p-gmbh.de\/nl\/wp-json\/wp\/v2\/product_tag?post=7312"}],"curies":[{"name":"wp","href":"https:\/\/api.w.org\/{rel}","templated":true}]}}