{"id":7263,"date":"2019-07-11T13:57:32","date_gmt":"2019-07-11T13:57:32","guid":{"rendered":"http:\/\/www.3p-gmbh.de\/produkt\/tisch-blockleimpresse\/"},"modified":"2019-11-08T09:37:40","modified_gmt":"2019-11-08T09:37:40","slug":"tisch-blockleimpresse","status":"publish","type":"product","link":"https:\/\/www.3p-gmbh.de\/nl\/produkt\/tisch-blockleimpresse\/","title":{"rendered":"M\u00fcro 5000 A3 TM Tisch-Blockleimpresse"},"content":{"rendered":"<ul>\n<li>f\u00fcr das Format DIN A 3 oder die 2-Nutzen-Verleimung von Blocks, Formulars\u00e4tzen und A 5-Brosch\u00fcren<\/li>\n<li>Zubeh\u00f6r: Presseinsatz f\u00fcr kleine Stapel<\/li>\n<li>Stapelh\u00f6he: 52,5 cm<\/li>\n<li>Pressenbreite: 52,5 cm<\/li>\n<li>Pressentiefe: 32 cm<\/li>\n<li>Gewicht: ca. 29 kg<\/li>\n<\/ul>\n","protected":false},"excerpt":{"rendered":"<p>f\u00fcr das Format DIN A 3 oder die 2-Nutzen-Verleimung von Blocks, Formulars\u00e4tzen und A 5-Brosch\u00fcren Zubeh\u00f6r: Presseinsatz f\u00fcr kleine Stapel Stapelh\u00f6he: 52,5 cm Pressenbreite: 52,5 cm Pressentiefe: 32 cm Gewicht: ca. 29 kg<\/p>\n","protected":false},"featured_media":2942,"template":"","meta":[],"product_brand":[],"product_cat":[1764],"product_tag":[],"class_list":{"0":"post-7263","1":"product","2":"type-product","3":"status-publish","4":"has-post-thumbnail","6":"product_cat-sortimentsbuchbinderei","7":"pa_baujahr-205","8":"pa_hersteller-muero","9":"pa_typ-5000-a-3-tm-tischmodell","11":"first","12":"instock","13":"sold-individually","14":"taxable","15":"shipping-taxable","16":"purchasable","17":"product-type-simple"},"jetpack_sharing_enabled":true,"_links":{"self":[{"href":"https:\/\/www.3p-gmbh.de\/nl\/wp-json\/wp\/v2\/product\/7263","targetHints":{"allow":["GET"]}}],"collection":[{"href":"https:\/\/www.3p-gmbh.de\/nl\/wp-json\/wp\/v2\/product"}],"about":[{"href":"https:\/\/www.3p-gmbh.de\/nl\/wp-json\/wp\/v2\/types\/product"}],"wp:featuredmedia":[{"embeddable":true,"href":"https:\/\/www.3p-gmbh.de\/nl\/wp-json\/wp\/v2\/media\/2942"}],"wp:attachment":[{"href":"https:\/\/www.3p-gmbh.de\/nl\/wp-json\/wp\/v2\/media?parent=7263"}],"wp:term":[{"taxonomy":"product_brand","embeddable":true,"href":"https:\/\/www.3p-gmbh.de\/nl\/wp-json\/wp\/v2\/product_brand?post=7263"},{"taxonomy":"product_cat","embeddable":true,"href":"https:\/\/www.3p-gmbh.de\/nl\/wp-json\/wp\/v2\/product_cat?post=7263"},{"taxonomy":"product_tag","embeddable":true,"href":"https:\/\/www.3p-gmbh.de\/nl\/wp-json\/wp\/v2\/product_tag?post=7263"}],"curies":[{"name":"wp","href":"https:\/\/api.w.org\/{rel}","templated":true}]}}