{"id":7252,"date":"2019-07-11T13:57:32","date_gmt":"2019-07-11T13:57:32","guid":{"rendered":"http:\/\/www.3p-gmbh.de\/produkt\/blockleimpresse-3\/"},"modified":"2019-11-07T16:04:18","modified_gmt":"2019-11-07T16:04:18","slug":"blockleimpresse-3","status":"publish","type":"product","link":"https:\/\/www.3p-gmbh.de\/nl\/produkt\/blockleimpresse-3\/","title":{"rendered":"M\u00fcro 2000 A 4 WT Blockleimpresse"},"content":{"rendered":"<ul>\n<li>f\u00fcr Altablage, Blocks, Brosch\u00fcren und Formularsatzverleimung<\/li>\n<li>Schnelltrocknung mit Warmluftgebl\u00e4se<\/li>\n<li>1100\/2150 Watt in 3 &#8211; 5 Minuten<\/li>\n<li>m\u00fchelose Arbeitsweise<\/li>\n<li>Sichere und leichte Spindelpressung, versetzbar f\u00fcr DIN A 4 und DIN A 5<\/li>\n<li>Lichte Pressenmasse: H\u00f6he 20 cm, Breite 35 cm, Tiefe 32 cm<\/li>\n<li>Anschlusswert: 230 Volt, 1100\/2150 Watt<\/li>\n<\/ul>\n","protected":false},"excerpt":{"rendered":"<p>f\u00fcr Altablage, Blocks, Brosch\u00fcren und Formularsatzverleimung Schnelltrocknung mit Warmluftgebl\u00e4se 1100\/2150 Watt in 3 &#8211; 5 Minuten m\u00fchelose Arbeitsweise Sichere und leichte Spindelpressung, versetzbar f\u00fcr DIN A 4 und DIN A 5 Lichte Pressenmasse: H\u00f6he 20 cm, Breite 35 cm, Tiefe 32 cm Anschlusswert: 230 Volt, 1100\/2150 Watt<\/p>\n","protected":false},"featured_media":14014,"template":"","meta":[],"product_brand":[],"product_cat":[1764],"product_tag":[],"class_list":{"0":"post-7252","1":"product","2":"type-product","3":"status-publish","4":"has-post-thumbnail","6":"product_cat-sortimentsbuchbinderei","7":"pa_baujahr-145","8":"pa_hersteller-muero","9":"pa_typ-2000-a-4-wt","11":"first","12":"instock","13":"sold-individually","14":"taxable","15":"shipping-taxable","16":"purchasable","17":"product-type-simple"},"jetpack_sharing_enabled":true,"_links":{"self":[{"href":"https:\/\/www.3p-gmbh.de\/nl\/wp-json\/wp\/v2\/product\/7252","targetHints":{"allow":["GET"]}}],"collection":[{"href":"https:\/\/www.3p-gmbh.de\/nl\/wp-json\/wp\/v2\/product"}],"about":[{"href":"https:\/\/www.3p-gmbh.de\/nl\/wp-json\/wp\/v2\/types\/product"}],"wp:featuredmedia":[{"embeddable":true,"href":"https:\/\/www.3p-gmbh.de\/nl\/wp-json\/wp\/v2\/media\/14014"}],"wp:attachment":[{"href":"https:\/\/www.3p-gmbh.de\/nl\/wp-json\/wp\/v2\/media?parent=7252"}],"wp:term":[{"taxonomy":"product_brand","embeddable":true,"href":"https:\/\/www.3p-gmbh.de\/nl\/wp-json\/wp\/v2\/product_brand?post=7252"},{"taxonomy":"product_cat","embeddable":true,"href":"https:\/\/www.3p-gmbh.de\/nl\/wp-json\/wp\/v2\/product_cat?post=7252"},{"taxonomy":"product_tag","embeddable":true,"href":"https:\/\/www.3p-gmbh.de\/nl\/wp-json\/wp\/v2\/product_tag?post=7252"}],"curies":[{"name":"wp","href":"https:\/\/api.w.org\/{rel}","templated":true}]}}