{"id":7229,"date":"2019-07-11T13:57:24","date_gmt":"2019-07-11T13:57:24","guid":{"rendered":"http:\/\/www.3p-gmbh.de\/produkt\/broschueren-heft-falz-aggregat\/"},"modified":"2019-11-08T09:52:21","modified_gmt":"2019-11-08T09:52:21","slug":"broschueren-heft-falz-aggregat","status":"publish","type":"product","link":"https:\/\/www.3p-gmbh.de\/nl\/produkt\/broschueren-heft-falz-aggregat\/","title":{"rendered":"Plockmatic 7M1 Brosch\u00fcren-Heft-Falz-Aggregat"},"content":{"rendered":"<ul>\n<li>Brosch\u00fcrenst\u00e4rke bis zu 80 Seiten oder 20 Blatt 80 g \/ qm<\/li>\n<li>Geschwindigkeit bis zu 1.500 Brosch\u00fcren\/Stunde<\/li>\n<li>Format min. A4 &#8211; A3<\/li>\n<li>Papiergewicht empfohlen ca. 60 &#8211; 200 g \/ qm<\/li>\n<li>3-Seiten Glattstosseinrichtung f\u00fcr perfekt gestapeltes Heft-Falzgut<\/li>\n<li>2 Heftk\u00f6pfe<\/li>\n<li>Magazinkapazit\u00e4t 5000 Klammern<\/li>\n<li>&#8220;Klammer-leer&#8221;-Kontrolle<\/li>\n<li>Schuppenauslage<\/li>\n<\/ul>\n","protected":false},"excerpt":{"rendered":"<p>Brosch\u00fcrenst\u00e4rke bis zu 80 Seiten oder 20 Blatt 80 g \/ qm Geschwindigkeit bis zu 1.500 Brosch\u00fcren\/Stunde Format min. A4 &#8211; A3 Papiergewicht empfohlen ca. 60 &#8211; 200 g \/ qm 3-Seiten Glattstosseinrichtung f\u00fcr perfekt gestapeltes Heft-Falzgut 2 Heftk\u00f6pfe Magazinkapazit\u00e4t 5000 Klammern &#8220;Klammer-leer&#8221;-Kontrolle Schuppenauslage<\/p>\n","protected":false},"featured_media":2803,"template":"","meta":[],"product_brand":[],"product_cat":[1747],"product_tag":[],"class_list":{"0":"post-7229","1":"product","2":"type-product","3":"status-publish","4":"has-post-thumbnail","6":"product_cat-broschuerenfertigungssysteme","7":"pa_baujahr-165","8":"pa_hersteller-plockmatic-oem-xerox","9":"pa_typ-7m1","11":"first","12":"instock","13":"sold-individually","14":"taxable","15":"shipping-taxable","16":"purchasable","17":"product-type-simple"},"jetpack_sharing_enabled":true,"_links":{"self":[{"href":"https:\/\/www.3p-gmbh.de\/nl\/wp-json\/wp\/v2\/product\/7229","targetHints":{"allow":["GET"]}}],"collection":[{"href":"https:\/\/www.3p-gmbh.de\/nl\/wp-json\/wp\/v2\/product"}],"about":[{"href":"https:\/\/www.3p-gmbh.de\/nl\/wp-json\/wp\/v2\/types\/product"}],"wp:featuredmedia":[{"embeddable":true,"href":"https:\/\/www.3p-gmbh.de\/nl\/wp-json\/wp\/v2\/media\/2803"}],"wp:attachment":[{"href":"https:\/\/www.3p-gmbh.de\/nl\/wp-json\/wp\/v2\/media?parent=7229"}],"wp:term":[{"taxonomy":"product_brand","embeddable":true,"href":"https:\/\/www.3p-gmbh.de\/nl\/wp-json\/wp\/v2\/product_brand?post=7229"},{"taxonomy":"product_cat","embeddable":true,"href":"https:\/\/www.3p-gmbh.de\/nl\/wp-json\/wp\/v2\/product_cat?post=7229"},{"taxonomy":"product_tag","embeddable":true,"href":"https:\/\/www.3p-gmbh.de\/nl\/wp-json\/wp\/v2\/product_tag?post=7229"}],"curies":[{"name":"wp","href":"https:\/\/api.w.org\/{rel}","templated":true}]}}