{"id":7224,"date":"2019-07-11T13:57:24","date_gmt":"2019-07-11T13:57:24","guid":{"rendered":"http:\/\/www.3p-gmbh.de\/produkt\/kaltleim-bindemaschine\/"},"modified":"2019-11-08T09:48:54","modified_gmt":"2019-11-08T09:48:54","slug":"kaltleim-bindemaschine","status":"publish","type":"product","link":"https:\/\/www.3p-gmbh.de\/nl\/produkt\/kaltleim-bindemaschine\/","title":{"rendered":"Planax Perfect Binder F II Kaltleim-Bindemaschine"},"content":{"rendered":"<p>Diese Bindemaschine eignet sich zur Herstellung von qualitativ hochwertigen Brosch\u00fcren mit durchgehenden Umschl\u00e4gen, durch den Einsatz des schnell abbindenden Dispersionskaltleims Planax Rapid k\u00f6nnen auch Kunstdruck- und Samtoffsetpapiere optimal verarbeitet werden.<\/p>\n<ul>\n<li>automatischer Arbeitsablauf<\/li>\n<li>mit Schlitz- und Fr\u00e4sstation<\/li>\n<li>Papierstaubabsaugung<\/li>\n<li>Falzpressstation<\/li>\n<li>Untergestell<\/li>\n<li>beheizbarer Abstellwinkel<\/li>\n<li>Blockl\u00e4nge min. 150mm, max. 380mm<\/li>\n<li>Blockbreite min. 110, max. 350mm<\/li>\n<li>Blockdicke 1-36mm<\/li>\n<\/ul>\n","protected":false},"excerpt":{"rendered":"<p>Diese Bindemaschine eignet sich zur Herstellung von qualitativ hochwertigen Brosch\u00fcren mit durchgehenden Umschl\u00e4gen, durch den Einsatz des schnell abbindenden Dispersionskaltleims Planax Rapid k\u00f6nnen auch Kunstdruck- und Samtoffsetpapiere optimal verarbeitet werden. automatischer Arbeitsablauf mit Schlitz- und Fr\u00e4sstation Papierstaubabsaugung Falzpressstation Untergestell beheizbarer Abstellwinkel Blockl\u00e4nge min. 150mm, max. 380mm Blockbreite min. 110, max. 350mm Blockdicke 1-36mm<\/p>\n","protected":false},"featured_media":2792,"template":"","meta":[],"product_brand":[],"product_cat":[1764],"product_tag":[],"class_list":{"0":"post-7224","1":"product","2":"type-product","3":"status-publish","4":"has-post-thumbnail","6":"product_cat-sortimentsbuchbinderei","7":"pa_baujahr-153","8":"pa_hersteller-planatol","9":"pa_typ-planaxperfect-binder-f-ii-mit-trockenstation","11":"first","12":"instock","13":"sold-individually","14":"taxable","15":"shipping-taxable","16":"purchasable","17":"product-type-simple"},"jetpack_sharing_enabled":true,"_links":{"self":[{"href":"https:\/\/www.3p-gmbh.de\/nl\/wp-json\/wp\/v2\/product\/7224","targetHints":{"allow":["GET"]}}],"collection":[{"href":"https:\/\/www.3p-gmbh.de\/nl\/wp-json\/wp\/v2\/product"}],"about":[{"href":"https:\/\/www.3p-gmbh.de\/nl\/wp-json\/wp\/v2\/types\/product"}],"wp:featuredmedia":[{"embeddable":true,"href":"https:\/\/www.3p-gmbh.de\/nl\/wp-json\/wp\/v2\/media\/2792"}],"wp:attachment":[{"href":"https:\/\/www.3p-gmbh.de\/nl\/wp-json\/wp\/v2\/media?parent=7224"}],"wp:term":[{"taxonomy":"product_brand","embeddable":true,"href":"https:\/\/www.3p-gmbh.de\/nl\/wp-json\/wp\/v2\/product_brand?post=7224"},{"taxonomy":"product_cat","embeddable":true,"href":"https:\/\/www.3p-gmbh.de\/nl\/wp-json\/wp\/v2\/product_cat?post=7224"},{"taxonomy":"product_tag","embeddable":true,"href":"https:\/\/www.3p-gmbh.de\/nl\/wp-json\/wp\/v2\/product_tag?post=7224"}],"curies":[{"name":"wp","href":"https:\/\/api.w.org\/{rel}","templated":true}]}}