{"id":7217,"date":"2019-07-11T13:57:16","date_gmt":"2019-07-11T13:57:16","guid":{"rendered":"http:\/\/www.3p-gmbh.de\/produkt\/automatische-oesmaschine\/"},"modified":"2019-11-08T09:54:22","modified_gmt":"2019-11-08T09:54:22","slug":"automatische-oesmaschine","status":"publish","type":"product","link":"https:\/\/www.3p-gmbh.de\/nl\/produkt\/automatische-oesmaschine\/","title":{"rendered":"Constantin Hang LOK-103 autom. \u00d6smaschine"},"content":{"rendered":"<p>Die Maschine wird zum Einsetzen von \u00d6sen in vorgelochtes Material wie Karton, Pappe, Kunstoffe usw. verwendet.<\/p>\n<ul>\n<li>mit wartungsfreiem Bremsmotorantrieb<\/li>\n<li>automatische \u00d6senzuf\u00fchrung zum Oberwerkzeug<\/li>\n<li>\u00d6senpressung l\u00e4sst sich entsprechend der Materialst\u00e4rke einstellen<\/li>\n<li>Maschine l\u00e4sst sich in wenigen Minuten auf eine andere \u00d6sengr\u00f6sse umruesten (Option)<\/li>\n<li>Ausl\u00f6sung erfolgt mit elektrischem Fussschalter<\/li>\n<\/ul>\n","protected":false},"excerpt":{"rendered":"<p>Die Maschine wird zum Einsetzen von \u00d6sen in vorgelochtes Material wie Karton, Pappe, Kunstoffe usw. verwendet. mit wartungsfreiem Bremsmotorantrieb automatische \u00d6senzuf\u00fchrung zum Oberwerkzeug \u00d6senpressung l\u00e4sst sich entsprechend der Materialst\u00e4rke einstellen Maschine l\u00e4sst sich in wenigen Minuten auf eine andere \u00d6sengr\u00f6sse umruesten (Option) Ausl\u00f6sung erfolgt mit elektrischem Fussschalter<\/p>\n","protected":false},"featured_media":2765,"template":"","meta":[],"product_brand":[],"product_cat":[1756],"product_tag":[],"class_list":{"0":"post-7217","1":"product","2":"type-product","3":"status-publish","4":"has-post-thumbnail","6":"product_cat-oesmaschinen","7":"pa_hersteller-constantin-hang","8":"pa_typ-lok-103","10":"first","11":"instock","12":"sold-individually","13":"taxable","14":"shipping-taxable","15":"purchasable","16":"product-type-simple"},"jetpack_sharing_enabled":true,"_links":{"self":[{"href":"https:\/\/www.3p-gmbh.de\/nl\/wp-json\/wp\/v2\/product\/7217","targetHints":{"allow":["GET"]}}],"collection":[{"href":"https:\/\/www.3p-gmbh.de\/nl\/wp-json\/wp\/v2\/product"}],"about":[{"href":"https:\/\/www.3p-gmbh.de\/nl\/wp-json\/wp\/v2\/types\/product"}],"wp:featuredmedia":[{"embeddable":true,"href":"https:\/\/www.3p-gmbh.de\/nl\/wp-json\/wp\/v2\/media\/2765"}],"wp:attachment":[{"href":"https:\/\/www.3p-gmbh.de\/nl\/wp-json\/wp\/v2\/media?parent=7217"}],"wp:term":[{"taxonomy":"product_brand","embeddable":true,"href":"https:\/\/www.3p-gmbh.de\/nl\/wp-json\/wp\/v2\/product_brand?post=7217"},{"taxonomy":"product_cat","embeddable":true,"href":"https:\/\/www.3p-gmbh.de\/nl\/wp-json\/wp\/v2\/product_cat?post=7217"},{"taxonomy":"product_tag","embeddable":true,"href":"https:\/\/www.3p-gmbh.de\/nl\/wp-json\/wp\/v2\/product_tag?post=7217"}],"curies":[{"name":"wp","href":"https:\/\/api.w.org\/{rel}","templated":true}]}}