{"id":7195,"date":"2019-07-11T13:57:04","date_gmt":"2019-07-11T13:57:04","guid":{"rendered":"http:\/\/www.3p-gmbh.de\/produkt\/papierbohrmaschine\/"},"modified":"2019-11-08T10:14:48","modified_gmt":"2019-11-08T10:14:48","slug":"papierbohrmaschine","status":"publish","type":"product","link":"https:\/\/www.3p-gmbh.de\/nl\/produkt\/papierbohrmaschine\/","title":{"rendered":"Constantin Hang 114-4 Papierbohrmaschine"},"content":{"rendered":"<ul>\n<li>mit Tabulatortisch<\/li>\n<li>mit Tischhubgeschwindigkeitsstufen<\/li>\n<li>vier Bohrk\u00f6pfe eingebaut, Erweiterung auf f\u00fcnf m\u00f6glich<\/li>\n<li>Bohrbereich 3 &#8211; 10 mm (optional 14 mm)<\/li>\n<li>Bohrabstand verstellbar<\/li>\n<li>Maschine auf Rollen fahrbar<\/li>\n<\/ul>\n","protected":false},"excerpt":{"rendered":"<p>mit Tabulatortisch mit Tischhubgeschwindigkeitsstufen vier Bohrk\u00f6pfe eingebaut, Erweiterung auf f\u00fcnf m\u00f6glich Bohrbereich 3 &#8211; 10 mm (optional 14 mm) Bohrabstand verstellbar Maschine auf Rollen fahrbar<\/p>\n","protected":false},"featured_media":2667,"template":"","meta":[],"product_brand":[],"product_cat":[1757],"product_tag":[],"class_list":{"0":"post-7195","1":"product","2":"type-product","3":"status-publish","4":"has-post-thumbnail","6":"product_cat-papierbohrmaschinen","7":"pa_baujahr-165","8":"pa_hersteller-constantin-hang","9":"pa_typ-114-4","11":"first","12":"instock","13":"sold-individually","14":"taxable","15":"shipping-taxable","16":"purchasable","17":"product-type-simple"},"jetpack_sharing_enabled":true,"_links":{"self":[{"href":"https:\/\/www.3p-gmbh.de\/nl\/wp-json\/wp\/v2\/product\/7195","targetHints":{"allow":["GET"]}}],"collection":[{"href":"https:\/\/www.3p-gmbh.de\/nl\/wp-json\/wp\/v2\/product"}],"about":[{"href":"https:\/\/www.3p-gmbh.de\/nl\/wp-json\/wp\/v2\/types\/product"}],"wp:featuredmedia":[{"embeddable":true,"href":"https:\/\/www.3p-gmbh.de\/nl\/wp-json\/wp\/v2\/media\/2667"}],"wp:attachment":[{"href":"https:\/\/www.3p-gmbh.de\/nl\/wp-json\/wp\/v2\/media?parent=7195"}],"wp:term":[{"taxonomy":"product_brand","embeddable":true,"href":"https:\/\/www.3p-gmbh.de\/nl\/wp-json\/wp\/v2\/product_brand?post=7195"},{"taxonomy":"product_cat","embeddable":true,"href":"https:\/\/www.3p-gmbh.de\/nl\/wp-json\/wp\/v2\/product_cat?post=7195"},{"taxonomy":"product_tag","embeddable":true,"href":"https:\/\/www.3p-gmbh.de\/nl\/wp-json\/wp\/v2\/product_tag?post=7195"}],"curies":[{"name":"wp","href":"https:\/\/api.w.org\/{rel}","templated":true}]}}