{"id":7192,"date":"2019-07-11T13:57:04","date_gmt":"2019-07-11T13:57:04","guid":{"rendered":"http:\/\/www.3p-gmbh.de\/produkt\/automatischer-rotations-dreischneider-2\/"},"modified":"2019-11-08T10:08:46","modified_gmt":"2019-11-08T10:08:46","slug":"automatischer-rotations-dreischneider-2","status":"publish","type":"product","link":"https:\/\/www.3p-gmbh.de\/nl\/produkt\/automatischer-rotations-dreischneider-2\/","title":{"rendered":"Horizon HT-30 autom. Rotations-Dreischneider"},"content":{"rendered":"<p>Seine Wirtschaftlichkeit macht diesen Dreiseitenschneider zu einer echten Alternative zu Dreimesserautomaten bei der Offline-Verarbeitung kleinerer Auflagen. Er arbeitet vollkommen selbstst\u00e4ndig und ohne Aufsicht. Geben Sie einfach am Touchscreen die Buchformate ein, sowie die Anzahl der B\u00fccher f\u00fcr den Arbeitsgang &#8211; den Rest macht die Maschine.<br \/>\nDer HT-30 schneidet die B\u00fccher an drei Seiten: sauber, passgenau &#8211; mit nur einem Messer, immer besch\u00e4digungsfrei in den Bund hinein.<\/p>\n<ul>\n<li>mit Touch &amp; Work Display Bedienung<\/li>\n<li>Geschwindigkeit 220 &#8211; 520 Takte\/h<\/li>\n<li>Anpressdruck 1,5 &#8211; 8 kN<\/li>\n<li>Maschinenmasse 2.350 x 1.160 x 1.370 mm (B x T x H)<\/li>\n<li>max. Format unbeschnitten 320 x 235 mm<\/li>\n<li>min. Format unbeschitten 200 x 134 mm<\/li>\n<li>max. Format beschnitten 305 x 230 mm<\/li>\n<li>min. Format beschitten 200 x 134 mm<\/li>\n<li>max. Blockdicke 51mm<\/li>\n<\/ul>\n","protected":false},"excerpt":{"rendered":"<p>Seine Wirtschaftlichkeit macht diesen Dreiseitenschneider zu einer echten Alternative zu Dreimesserautomaten bei der Offline-Verarbeitung kleinerer Auflagen. Er arbeitet vollkommen selbstst\u00e4ndig und ohne Aufsicht. Geben Sie einfach am Touchscreen die Buchformate ein, sowie die Anzahl der B\u00fccher f\u00fcr den Arbeitsgang &#8211; den Rest macht die Maschine. Der HT-30 schneidet die B\u00fccher an drei Seiten: sauber, passgenau [&hellip;]<\/p>\n","protected":false},"featured_media":2650,"template":"","meta":[],"product_brand":[],"product_cat":[788],"product_tag":[],"class_list":{"0":"post-7192","1":"product","2":"type-product","3":"status-publish","4":"has-post-thumbnail","6":"product_cat-schneidemaschinen","7":"pa_baujahr-168","8":"pa_hersteller-horizon","9":"pa_typ-ht-30","11":"first","12":"instock","13":"sold-individually","14":"taxable","15":"shipping-taxable","16":"purchasable","17":"product-type-simple"},"jetpack_sharing_enabled":true,"_links":{"self":[{"href":"https:\/\/www.3p-gmbh.de\/nl\/wp-json\/wp\/v2\/product\/7192","targetHints":{"allow":["GET"]}}],"collection":[{"href":"https:\/\/www.3p-gmbh.de\/nl\/wp-json\/wp\/v2\/product"}],"about":[{"href":"https:\/\/www.3p-gmbh.de\/nl\/wp-json\/wp\/v2\/types\/product"}],"wp:featuredmedia":[{"embeddable":true,"href":"https:\/\/www.3p-gmbh.de\/nl\/wp-json\/wp\/v2\/media\/2650"}],"wp:attachment":[{"href":"https:\/\/www.3p-gmbh.de\/nl\/wp-json\/wp\/v2\/media?parent=7192"}],"wp:term":[{"taxonomy":"product_brand","embeddable":true,"href":"https:\/\/www.3p-gmbh.de\/nl\/wp-json\/wp\/v2\/product_brand?post=7192"},{"taxonomy":"product_cat","embeddable":true,"href":"https:\/\/www.3p-gmbh.de\/nl\/wp-json\/wp\/v2\/product_cat?post=7192"},{"taxonomy":"product_tag","embeddable":true,"href":"https:\/\/www.3p-gmbh.de\/nl\/wp-json\/wp\/v2\/product_tag?post=7192"}],"curies":[{"name":"wp","href":"https:\/\/api.w.org\/{rel}","templated":true}]}}