{"id":7145,"date":"2019-07-11T13:56:29","date_gmt":"2019-07-11T13:56:29","guid":{"rendered":"http:\/\/www.3p-gmbh.de\/produkt\/kleinstfalzmaschine\/"},"modified":"2019-08-13T12:44:29","modified_gmt":"2019-08-13T12:44:29","slug":"kleinstfalzmaschine","status":"publish","type":"product","link":"https:\/\/www.3p-gmbh.de\/nl\/produkt\/kleinstfalzmaschine\/","title":{"rendered":"Heidelberg Stahl T 36-4 Kleinstfalzmaschine"},"content":{"rendered":"<ul>\n<li>Kombi-Taschenfalzmaschine f\u00fcr Kleinstfalzungen Stahl T 36-4-KB-F-SA<\/li>\n<li>ideal f\u00fcr Kleinstfalzungen, z. B. Beipackzettel oder Pharmabeilagen ab 20mm<\/li>\n<li>Flachstapelanleger und Vorwahlz\u00e4hler EVZ 11<\/li>\n<li>FW 1 mit 4-Taschen 36cm Einlaufbreite, nachgelagerte Messerwelle, L\u00e4rmschutz<\/li>\n<li>einh\u00e4ngbares Schwertfalzwerk KB-36 mit einem Messer<\/li>\n<li>einh\u00e4ngbare Schuppenauslage<\/li>\n<\/ul>\n","protected":false},"excerpt":{"rendered":"<p>Kombi-Taschenfalzmaschine f\u00fcr Kleinstfalzungen Stahl T 36-4-KB-F-SA ideal f\u00fcr Kleinstfalzungen, z. B. Beipackzettel oder Pharmabeilagen ab 20mm Flachstapelanleger und Vorwahlz\u00e4hler EVZ 11 FW 1 mit 4-Taschen 36cm Einlaufbreite, nachgelagerte Messerwelle, L\u00e4rmschutz einh\u00e4ngbares Schwertfalzwerk KB-36 mit einem Messer einh\u00e4ngbare Schuppenauslage<\/p>\n","protected":false},"featured_media":2499,"template":"","meta":[],"product_brand":[],"product_cat":[83],"product_tag":[],"class_list":{"0":"post-7145","1":"product","2":"type-product","3":"status-publish","4":"has-post-thumbnail","6":"product_cat-falzmaschinen","7":"pa_baujahr-272","8":"pa_hersteller-stahl-ludwigsburg","9":"pa_typ-stahlfolder-t-36-4-kb-f2-sa","11":"first","12":"instock","13":"sold-individually","14":"taxable","15":"shipping-taxable","16":"purchasable","17":"product-type-simple"},"jetpack_sharing_enabled":true,"_links":{"self":[{"href":"https:\/\/www.3p-gmbh.de\/nl\/wp-json\/wp\/v2\/product\/7145","targetHints":{"allow":["GET"]}}],"collection":[{"href":"https:\/\/www.3p-gmbh.de\/nl\/wp-json\/wp\/v2\/product"}],"about":[{"href":"https:\/\/www.3p-gmbh.de\/nl\/wp-json\/wp\/v2\/types\/product"}],"wp:featuredmedia":[{"embeddable":true,"href":"https:\/\/www.3p-gmbh.de\/nl\/wp-json\/wp\/v2\/media\/2499"}],"wp:attachment":[{"href":"https:\/\/www.3p-gmbh.de\/nl\/wp-json\/wp\/v2\/media?parent=7145"}],"wp:term":[{"taxonomy":"product_brand","embeddable":true,"href":"https:\/\/www.3p-gmbh.de\/nl\/wp-json\/wp\/v2\/product_brand?post=7145"},{"taxonomy":"product_cat","embeddable":true,"href":"https:\/\/www.3p-gmbh.de\/nl\/wp-json\/wp\/v2\/product_cat?post=7145"},{"taxonomy":"product_tag","embeddable":true,"href":"https:\/\/www.3p-gmbh.de\/nl\/wp-json\/wp\/v2\/product_tag?post=7145"}],"curies":[{"name":"wp","href":"https:\/\/api.w.org\/{rel}","templated":true}]}}