{"id":7109,"date":"2019-07-11T13:56:09","date_gmt":"2019-07-11T13:56:09","guid":{"rendered":"http:\/\/www.3p-gmbh.de\/produkt\/vertikalstapelauslage-3\/"},"modified":"2019-11-14T09:26:37","modified_gmt":"2019-11-14T09:26:37","slug":"vertikalstapelauslage-3","status":"publish","type":"product","link":"https:\/\/www.3p-gmbh.de\/nl\/produkt\/vertikalstapelauslage-3\/","title":{"rendered":"Heidelberg Stahl VSA 66 D Vertikalstapelauslage"},"content":{"rendered":"<ul>\n<li>fahrbares, besonders kompaktes Auslagesystem, das gefalzte oder geheftete Produkte z\u00e4hlt, markiert, presst und bis zu vier Nutzen von unten nach oben stapelt<\/li>\n<li>Z\u00e4hlt, markiert, presst und stapelt bis zu vier Nutzen<\/li>\n<li>Kompaktes Auslagesystem mit geringem Platzbedarf<\/li>\n<li>Verarbeitung von kleinformatigen Produkten im Mehrfachnutzen<\/li>\n<li>Stufenlose H\u00f6henverstellung des Arbeitstisches, der Einlaufh\u00f6he und der F\u00f6rdergeschwindigkeit<\/li>\n<li>DCT Digitalsteuerung<\/li>\n<li>Einlaufbreite 66 cm<\/li>\n<li>mit Markiereinrichtung<\/li>\n<\/ul>\n","protected":false},"excerpt":{"rendered":"<p>fahrbares, besonders kompaktes Auslagesystem, das gefalzte oder geheftete Produkte z\u00e4hlt, markiert, presst und bis zu vier Nutzen von unten nach oben stapelt Z\u00e4hlt, markiert, presst und stapelt bis zu vier Nutzen Kompaktes Auslagesystem mit geringem Platzbedarf Verarbeitung von kleinformatigen Produkten im Mehrfachnutzen Stufenlose H\u00f6henverstellung des Arbeitstisches, der Einlaufh\u00f6he und der F\u00f6rdergeschwindigkeit DCT Digitalsteuerung Einlaufbreite 66 [&hellip;]<\/p>\n","protected":false},"featured_media":2322,"template":"","meta":[],"product_brand":[],"product_cat":[1745],"product_tag":[],"class_list":{"0":"post-7109","1":"product","2":"type-product","3":"status-publish","4":"has-post-thumbnail","6":"product_cat-auslagen","7":"pa_baujahr-158","8":"pa_hersteller-stahl","9":"pa_typ-vsa-66-d","11":"first","12":"instock","13":"sold-individually","14":"taxable","15":"shipping-taxable","16":"purchasable","17":"product-type-simple"},"jetpack_sharing_enabled":true,"_links":{"self":[{"href":"https:\/\/www.3p-gmbh.de\/nl\/wp-json\/wp\/v2\/product\/7109","targetHints":{"allow":["GET"]}}],"collection":[{"href":"https:\/\/www.3p-gmbh.de\/nl\/wp-json\/wp\/v2\/product"}],"about":[{"href":"https:\/\/www.3p-gmbh.de\/nl\/wp-json\/wp\/v2\/types\/product"}],"wp:featuredmedia":[{"embeddable":true,"href":"https:\/\/www.3p-gmbh.de\/nl\/wp-json\/wp\/v2\/media\/2322"}],"wp:attachment":[{"href":"https:\/\/www.3p-gmbh.de\/nl\/wp-json\/wp\/v2\/media?parent=7109"}],"wp:term":[{"taxonomy":"product_brand","embeddable":true,"href":"https:\/\/www.3p-gmbh.de\/nl\/wp-json\/wp\/v2\/product_brand?post=7109"},{"taxonomy":"product_cat","embeddable":true,"href":"https:\/\/www.3p-gmbh.de\/nl\/wp-json\/wp\/v2\/product_cat?post=7109"},{"taxonomy":"product_tag","embeddable":true,"href":"https:\/\/www.3p-gmbh.de\/nl\/wp-json\/wp\/v2\/product_tag?post=7109"}],"curies":[{"name":"wp","href":"https:\/\/api.w.org\/{rel}","templated":true}]}}