{"id":7015,"date":"2019-07-11T13:55:23","date_gmt":"2019-07-11T13:55:23","guid":{"rendered":"http:\/\/www.3p-gmbh.de\/produkt\/zwei-taschenfalzmaschine\/"},"modified":"2019-08-22T08:11:17","modified_gmt":"2019-08-22T08:11:17","slug":"zwei-taschenfalzmaschine","status":"publish","type":"product","link":"https:\/\/www.3p-gmbh.de\/nl\/produkt\/zwei-taschenfalzmaschine\/","title":{"rendered":"Ernst Nagel Docufold Taschenfalzmaschine"},"content":{"rendered":"<p>Die Taschenverstellung erfolgt hier lediglich per Handrad von aussen und l\u00e4sst sich in Sekundenschnelle neu einstellen, auch das Anlegen und Abnehmen erfolgt auf derselben Seite. Die Falzwalzen stellen sich von selbst auf die Papierst\u00e4rke ein und machen jegliche Justierung unn\u00f6tig &#8211; eine Vorbeugung von Fehlerm\u00f6glichkeiten und immense Zeitersparnis. Ein Verl\u00e4ngerungstisch kann f\u00fcr Ueberformate genutzt werden.<\/p>\n","protected":false},"excerpt":{"rendered":"<p>Die Taschenverstellung erfolgt hier lediglich per Handrad von aussen und l\u00e4sst sich in Sekundenschnelle neu einstellen, auch das Anlegen und Abnehmen erfolgt auf derselben Seite. Die Falzwalzen stellen sich von selbst auf die Papierst\u00e4rke ein und machen jegliche Justierung unn\u00f6tig &#8211; eine Vorbeugung von Fehlerm\u00f6glichkeiten und immense Zeitersparnis. Ein Verl\u00e4ngerungstisch kann f\u00fcr Ueberformate genutzt werden.<\/p>\n","protected":false},"featured_media":1979,"template":"","meta":[],"product_brand":[],"product_cat":[83],"product_tag":[],"class_list":{"0":"post-7015","1":"product","2":"type-product","3":"status-publish","4":"has-post-thumbnail","6":"product_cat-falzmaschinen","7":"pa_baujahr-143","8":"pa_hersteller-ernst-nagel","9":"pa_typ-docufold","11":"first","12":"instock","13":"sold-individually","14":"taxable","15":"shipping-taxable","16":"purchasable","17":"product-type-simple"},"jetpack_sharing_enabled":true,"_links":{"self":[{"href":"https:\/\/www.3p-gmbh.de\/nl\/wp-json\/wp\/v2\/product\/7015","targetHints":{"allow":["GET"]}}],"collection":[{"href":"https:\/\/www.3p-gmbh.de\/nl\/wp-json\/wp\/v2\/product"}],"about":[{"href":"https:\/\/www.3p-gmbh.de\/nl\/wp-json\/wp\/v2\/types\/product"}],"wp:featuredmedia":[{"embeddable":true,"href":"https:\/\/www.3p-gmbh.de\/nl\/wp-json\/wp\/v2\/media\/1979"}],"wp:attachment":[{"href":"https:\/\/www.3p-gmbh.de\/nl\/wp-json\/wp\/v2\/media?parent=7015"}],"wp:term":[{"taxonomy":"product_brand","embeddable":true,"href":"https:\/\/www.3p-gmbh.de\/nl\/wp-json\/wp\/v2\/product_brand?post=7015"},{"taxonomy":"product_cat","embeddable":true,"href":"https:\/\/www.3p-gmbh.de\/nl\/wp-json\/wp\/v2\/product_cat?post=7015"},{"taxonomy":"product_tag","embeddable":true,"href":"https:\/\/www.3p-gmbh.de\/nl\/wp-json\/wp\/v2\/product_tag?post=7015"}],"curies":[{"name":"wp","href":"https:\/\/api.w.org\/{rel}","templated":true}]}}