{"id":6997,"date":"2019-07-11T13:55:08","date_gmt":"2019-07-11T13:55:08","guid":{"rendered":"http:\/\/www.3p-gmbh.de\/produkt\/visitenkarten-schneider\/"},"modified":"2019-08-22T09:29:25","modified_gmt":"2019-08-22T09:29:25","slug":"visitenkarten-schneider","status":"publish","type":"product","link":"https:\/\/www.3p-gmbh.de\/nl\/produkt\/visitenkarten-schneider\/","title":{"rendered":"FKS Duplo DC 615 Pro Visitenkarten-Schneider"},"content":{"rendered":"<ul>\n<li>incl. Duplo Job Creator Software<\/li>\n<li>Finisher f\u00fcr digitale Farbdrucke<\/li>\n<li>Rand-Beschneiden, Nutzen-Ausschneiden, Rillen von Farb-Digitaldrucken in einem Durchlauf f\u00fcr Visitenkarten, gefalzte Visitenkarten, Grusskarten, Klappkarten, Postkarten, Prospekte, CD\/DVD-Einlagen, Einladungen, Programme, Aufsteller u.v.a.m.<\/li>\n<li>Anlegetisch mit 100 mm Vorstapelkapazit\u00e4t<\/li>\n<li>Luft-Trenner f\u00fcr zuverl\u00e4ssige Bogen-Separierung<\/li>\n<li>2 rotierende Seitenmesser<\/li>\n<li>4 rotierende Ausschneidemesser<\/li>\n<li>1 Quermesser und 1 Rillbalken f\u00fcr mehrfaches Schneiden oder Rillen<\/li>\n<\/ul>\n","protected":false},"excerpt":{"rendered":"<p>incl. Duplo Job Creator Software Finisher f\u00fcr digitale Farbdrucke Rand-Beschneiden, Nutzen-Ausschneiden, Rillen von Farb-Digitaldrucken in einem Durchlauf f\u00fcr Visitenkarten, gefalzte Visitenkarten, Grusskarten, Klappkarten, Postkarten, Prospekte, CD\/DVD-Einlagen, Einladungen, Programme, Aufsteller u.v.a.m. Anlegetisch mit 100 mm Vorstapelkapazit\u00e4t Luft-Trenner f\u00fcr zuverl\u00e4ssige Bogen-Separierung 2 rotierende Seitenmesser 4 rotierende Ausschneidemesser 1 Quermesser und 1 Rillbalken f\u00fcr mehrfaches Schneiden oder Rillen<\/p>\n","protected":false},"featured_media":1905,"template":"","meta":[],"product_brand":[],"product_cat":[788],"product_tag":[],"class_list":{"0":"post-6997","1":"product","2":"type-product","3":"status-publish","4":"has-post-thumbnail","6":"product_cat-schneidemaschinen","7":"pa_baujahr-145","8":"pa_hersteller-duplo-fks","9":"pa_typ-docucutter-dc-615-pro","11":"first","12":"instock","13":"sold-individually","14":"taxable","15":"shipping-taxable","16":"purchasable","17":"product-type-simple"},"jetpack_sharing_enabled":true,"_links":{"self":[{"href":"https:\/\/www.3p-gmbh.de\/nl\/wp-json\/wp\/v2\/product\/6997","targetHints":{"allow":["GET"]}}],"collection":[{"href":"https:\/\/www.3p-gmbh.de\/nl\/wp-json\/wp\/v2\/product"}],"about":[{"href":"https:\/\/www.3p-gmbh.de\/nl\/wp-json\/wp\/v2\/types\/product"}],"wp:featuredmedia":[{"embeddable":true,"href":"https:\/\/www.3p-gmbh.de\/nl\/wp-json\/wp\/v2\/media\/1905"}],"wp:attachment":[{"href":"https:\/\/www.3p-gmbh.de\/nl\/wp-json\/wp\/v2\/media?parent=6997"}],"wp:term":[{"taxonomy":"product_brand","embeddable":true,"href":"https:\/\/www.3p-gmbh.de\/nl\/wp-json\/wp\/v2\/product_brand?post=6997"},{"taxonomy":"product_cat","embeddable":true,"href":"https:\/\/www.3p-gmbh.de\/nl\/wp-json\/wp\/v2\/product_cat?post=6997"},{"taxonomy":"product_tag","embeddable":true,"href":"https:\/\/www.3p-gmbh.de\/nl\/wp-json\/wp\/v2\/product_tag?post=6997"}],"curies":[{"name":"wp","href":"https:\/\/api.w.org\/{rel}","templated":true}]}}