{"id":6984,"date":"2019-07-11T13:54:54","date_gmt":"2019-07-11T13:54:54","guid":{"rendered":"http:\/\/www.3p-gmbh.de\/produkt\/abstapler-2\/"},"modified":"2019-11-13T13:09:37","modified_gmt":"2019-11-13T13:09:37","slug":"abstapler-2","status":"publish","type":"product","link":"https:\/\/www.3p-gmbh.de\/nl\/produkt\/abstapler-2\/","title":{"rendered":"Baumann BA-3 N Abstapler"},"content":{"rendered":"<p>Der Abstapler kann an der linken Maschinenseite neben jedem Schneidemaschinenfabrikat (z. B. Polar Mohr, Perfecta, Schneider Senator, Wohlenberg) aufgestellt werden. Die m\u00fchelose und wirtschaftliche Art, Einzel- und Mehrfachnutzen mit hoher Pr\u00e4zision abzustapeln. Das manuelle Absetzen von ungeschnittenen oder geschnittenen Produkten kostet Zeit und Kraft. Dieser Prozess wird automatisiert, das Material auf Tischniveau \u00fcbernommen. Der Stapel befindet sich unterhalb des Tisches. Es wird nur nach unten abgestapelt &#8211; die Stapelh\u00f6he betr\u00e4gt max. 1400 mm. Die Technik &#8211; speziell das Prinzip der automatischen Formateinstellung &#8211; Material und Verarbeitung sind hochwertig. Alle Einstellungen werden \u00fcber das Bedienpult vorgenommen, das als Klartextanzeige ausgef\u00fchrt ist.<\/p>\n<ul>\n<li>Lagenbild max. 800 x 1200 mm<\/li>\n<li>Stapelh\u00f6he 1100 mm<\/li>\n<li>Lagengewicht 150 kg<\/li>\n<li>Palettenh\u00f6he min. 130 mm<\/li>\n<\/ul>\n","protected":false},"excerpt":{"rendered":"<p>Der Abstapler kann an der linken Maschinenseite neben jedem Schneidemaschinenfabrikat (z. B. Polar Mohr, Perfecta, Schneider Senator, Wohlenberg) aufgestellt werden. Die m\u00fchelose und wirtschaftliche Art, Einzel- und Mehrfachnutzen mit hoher Pr\u00e4zision abzustapeln. Das manuelle Absetzen von ungeschnittenen oder geschnittenen Produkten kostet Zeit und Kraft. Dieser Prozess wird automatisiert, das Material auf Tischniveau \u00fcbernommen. Der Stapel [&hellip;]<\/p>\n","protected":false},"featured_media":1851,"template":"","meta":[],"product_brand":[],"product_cat":[1761],"product_tag":[],"class_list":{"0":"post-6984","1":"product","2":"type-product","3":"status-publish","4":"has-post-thumbnail","6":"product_cat-stapelheber-stapellifte","7":"pa_baujahr-140","8":"pa_hersteller-baumann-maschinenbau","9":"pa_typ-ba-3-n","11":"first","12":"instock","13":"sold-individually","14":"taxable","15":"shipping-taxable","16":"purchasable","17":"product-type-simple"},"jetpack_sharing_enabled":true,"_links":{"self":[{"href":"https:\/\/www.3p-gmbh.de\/nl\/wp-json\/wp\/v2\/product\/6984","targetHints":{"allow":["GET"]}}],"collection":[{"href":"https:\/\/www.3p-gmbh.de\/nl\/wp-json\/wp\/v2\/product"}],"about":[{"href":"https:\/\/www.3p-gmbh.de\/nl\/wp-json\/wp\/v2\/types\/product"}],"wp:featuredmedia":[{"embeddable":true,"href":"https:\/\/www.3p-gmbh.de\/nl\/wp-json\/wp\/v2\/media\/1851"}],"wp:attachment":[{"href":"https:\/\/www.3p-gmbh.de\/nl\/wp-json\/wp\/v2\/media?parent=6984"}],"wp:term":[{"taxonomy":"product_brand","embeddable":true,"href":"https:\/\/www.3p-gmbh.de\/nl\/wp-json\/wp\/v2\/product_brand?post=6984"},{"taxonomy":"product_cat","embeddable":true,"href":"https:\/\/www.3p-gmbh.de\/nl\/wp-json\/wp\/v2\/product_cat?post=6984"},{"taxonomy":"product_tag","embeddable":true,"href":"https:\/\/www.3p-gmbh.de\/nl\/wp-json\/wp\/v2\/product_tag?post=6984"}],"curies":[{"name":"wp","href":"https:\/\/api.w.org\/{rel}","templated":true}]}}