{"id":6953,"date":"2019-07-11T13:54:40","date_gmt":"2019-07-11T13:54:40","guid":{"rendered":"http:\/\/www.3p-gmbh.de\/produkt\/druckplatten-messgeraet\/"},"modified":"2019-11-08T11:22:06","modified_gmt":"2019-11-08T11:22:06","slug":"druckplatten-messgeraet","status":"publish","type":"product","link":"https:\/\/www.3p-gmbh.de\/nl\/produkt\/druckplatten-messgeraet\/","title":{"rendered":"Techkon Spectro-Plate Druckplatten-Messger\u00e4t"},"content":{"rendered":"<p>Das Ger\u00e4t ist in der Variante SpectroPlate Start oder Expert verf\u00fcgbar. SpectroPlate kennt keine Einschr\u00e4nkungen bez\u00fcglich der zu analysierenden Rasterform oder -gr\u00f6sse. Ob FM-, AM- oder Hybridraster: Dank des pr\u00e4zisen optischen Systems, der hohen Aufl\u00f6sung des Bildsensors und der ausgekl\u00fcgelten Grafikberechnungen meistert das Messger\u00e4t die exakte Auswertung jeder Rastertechnologie. Durch die spektral breitbandige Probenbeleuchtung und dynamische Farbanalyse werden Plattenmaterialien und -oberfl\u00e4chen unterschiedlicher Farben und Beschichtungen zuverl\u00e4ssig erfasst.<\/p>\n","protected":false},"excerpt":{"rendered":"<p>Das Ger\u00e4t ist in der Variante SpectroPlate Start oder Expert verf\u00fcgbar. SpectroPlate kennt keine Einschr\u00e4nkungen bez\u00fcglich der zu analysierenden Rasterform oder -gr\u00f6sse. Ob FM-, AM- oder Hybridraster: Dank des pr\u00e4zisen optischen Systems, der hohen Aufl\u00f6sung des Bildsensors und der ausgekl\u00fcgelten Grafikberechnungen meistert das Messger\u00e4t die exakte Auswertung jeder Rastertechnologie. Durch die spektral breitbandige Probenbeleuchtung und [&hellip;]<\/p>\n","protected":false},"featured_media":1741,"template":"","meta":[],"product_brand":[],"product_cat":[1780],"product_tag":[],"class_list":{"0":"post-6953","1":"product","2":"type-product","3":"status-publish","4":"has-post-thumbnail","6":"product_cat-messgeraete-und-qualitaetssicherung","7":"pa_hersteller-techkon","8":"pa_typ-spectroplate","10":"first","11":"instock","12":"sold-individually","13":"taxable","14":"shipping-taxable","15":"purchasable","16":"product-type-simple"},"jetpack_sharing_enabled":true,"_links":{"self":[{"href":"https:\/\/www.3p-gmbh.de\/nl\/wp-json\/wp\/v2\/product\/6953","targetHints":{"allow":["GET"]}}],"collection":[{"href":"https:\/\/www.3p-gmbh.de\/nl\/wp-json\/wp\/v2\/product"}],"about":[{"href":"https:\/\/www.3p-gmbh.de\/nl\/wp-json\/wp\/v2\/types\/product"}],"wp:featuredmedia":[{"embeddable":true,"href":"https:\/\/www.3p-gmbh.de\/nl\/wp-json\/wp\/v2\/media\/1741"}],"wp:attachment":[{"href":"https:\/\/www.3p-gmbh.de\/nl\/wp-json\/wp\/v2\/media?parent=6953"}],"wp:term":[{"taxonomy":"product_brand","embeddable":true,"href":"https:\/\/www.3p-gmbh.de\/nl\/wp-json\/wp\/v2\/product_brand?post=6953"},{"taxonomy":"product_cat","embeddable":true,"href":"https:\/\/www.3p-gmbh.de\/nl\/wp-json\/wp\/v2\/product_cat?post=6953"},{"taxonomy":"product_tag","embeddable":true,"href":"https:\/\/www.3p-gmbh.de\/nl\/wp-json\/wp\/v2\/product_tag?post=6953"}],"curies":[{"name":"wp","href":"https:\/\/api.w.org\/{rel}","templated":true}]}}