{"id":6951,"date":"2019-07-11T13:54:40","date_gmt":"2019-07-11T13:54:40","guid":{"rendered":"http:\/\/www.3p-gmbh.de\/produkt\/filtrationssystem-fuer-die-entwicklersekt\/"},"modified":"2019-11-08T11:21:08","modified_gmt":"2019-11-08T11:21:08","slug":"filtrationssystem-fuer-die-entwicklersekt","status":"publish","type":"product","link":"https:\/\/www.3p-gmbh.de\/nl\/produkt\/filtrationssystem-fuer-die-entwicklersekt\/","title":{"rendered":"Logotec CMS Plate Filtrationssystem f\u00fcr CtP"},"content":{"rendered":"<p>Das Filtrationssystem f\u00fcr die Entwicklersektion an Plattenprozessoren f\u00fcr CtP- und CtC Technologie reinigt st\u00e4ndig die Entwicklersektion und erm\u00f6glicht dadurch eine erhebliche Verl\u00e4ngerung der Produktionsverf\u00fcgbarkeit (Standzeit) des Plattenprozessors. Die Reinigungsanlage eignet sich zum Einsatz bei der Verarbeitung von Fotopolymer- und Thermaldruckplatten, sowie f\u00fcr konventionelle Platten.<\/p>\n<p>Warum Filtration der Entwicklersektion?<\/p>\n<ul>\n<li>f\u00fcr einen stabileren Prozess<\/li>\n<li>um die Produktionsverf\u00fcgbarkeit zu erh\u00f6hen<\/li>\n<li>um eine l\u00e4ngere Nutzungsdauer des Plattenentwicklers zu erreichen<\/li>\n<li>f\u00fcr weniger Einsatz von Chemie<\/li>\n<li>f\u00fcr weniger Entsorgungsaufwand und -kosten<\/li>\n<\/ul>\n","protected":false},"excerpt":{"rendered":"<p>Das Filtrationssystem f\u00fcr die Entwicklersektion an Plattenprozessoren f\u00fcr CtP- und CtC Technologie reinigt st\u00e4ndig die Entwicklersektion und erm\u00f6glicht dadurch eine erhebliche Verl\u00e4ngerung der Produktionsverf\u00fcgbarkeit (Standzeit) des Plattenprozessors. Die Reinigungsanlage eignet sich zum Einsatz bei der Verarbeitung von Fotopolymer- und Thermaldruckplatten, sowie f\u00fcr konventionelle Platten. Warum Filtration der Entwicklersektion? f\u00fcr einen stabileren Prozess um die Produktionsverf\u00fcgbarkeit [&hellip;]<\/p>\n","protected":false},"featured_media":1734,"template":"","meta":[],"product_brand":[],"product_cat":[1787],"product_tag":[],"class_list":{"0":"post-6951","1":"product","2":"type-product","3":"status-publish","4":"has-post-thumbnail","6":"product_cat-druckplattenverarbeitung","7":"pa_baujahr-143","8":"pa_hersteller-logotec","9":"pa_typ-cms-plate","11":"first","12":"instock","13":"sold-individually","14":"taxable","15":"shipping-taxable","16":"purchasable","17":"product-type-simple"},"jetpack_sharing_enabled":true,"_links":{"self":[{"href":"https:\/\/www.3p-gmbh.de\/nl\/wp-json\/wp\/v2\/product\/6951","targetHints":{"allow":["GET"]}}],"collection":[{"href":"https:\/\/www.3p-gmbh.de\/nl\/wp-json\/wp\/v2\/product"}],"about":[{"href":"https:\/\/www.3p-gmbh.de\/nl\/wp-json\/wp\/v2\/types\/product"}],"wp:featuredmedia":[{"embeddable":true,"href":"https:\/\/www.3p-gmbh.de\/nl\/wp-json\/wp\/v2\/media\/1734"}],"wp:attachment":[{"href":"https:\/\/www.3p-gmbh.de\/nl\/wp-json\/wp\/v2\/media?parent=6951"}],"wp:term":[{"taxonomy":"product_brand","embeddable":true,"href":"https:\/\/www.3p-gmbh.de\/nl\/wp-json\/wp\/v2\/product_brand?post=6951"},{"taxonomy":"product_cat","embeddable":true,"href":"https:\/\/www.3p-gmbh.de\/nl\/wp-json\/wp\/v2\/product_cat?post=6951"},{"taxonomy":"product_tag","embeddable":true,"href":"https:\/\/www.3p-gmbh.de\/nl\/wp-json\/wp\/v2\/product_tag?post=6951"}],"curies":[{"name":"wp","href":"https:\/\/api.w.org\/{rel}","templated":true}]}}