{"id":6944,"date":"2019-07-11T13:54:40","date_gmt":"2019-07-11T13:54:40","guid":{"rendered":"http:\/\/www.3p-gmbh.de\/produkt\/filmentwicklungsmaschine-8\/"},"modified":"2019-11-08T11:26:55","modified_gmt":"2019-11-08T11:26:55","slug":"filmentwicklungsmaschine-8","status":"publish","type":"product","link":"https:\/\/www.3p-gmbh.de\/nl\/produkt\/filmentwicklungsmaschine-8\/","title":{"rendered":"Agfa Rapiline Filmentwicklungsmaschine"},"content":{"rendered":"<ul>\n<li>Einlaufbreite 72 cm oder 43 cm je nach Ausf\u00fchrung<\/li>\n<li>offenes Untergestell<\/li>\n<li>Tageslichtkassette<\/li>\n<li>Auffangkorb<\/li>\n<li>Regeneratbeh\u00e4lter f\u00fcr Entwickler und Fixierer<\/li>\n<\/ul>\n","protected":false},"excerpt":{"rendered":"<p>Einlaufbreite 72 cm oder 43 cm je nach Ausf\u00fchrung offenes Untergestell Tageslichtkassette Auffangkorb Regeneratbeh\u00e4lter f\u00fcr Entwickler und Fixierer<\/p>\n","protected":false},"featured_media":1712,"template":"","meta":[],"product_brand":[],"product_cat":[80],"product_tag":[],"class_list":{"0":"post-6944","1":"product","2":"type-product","3":"status-publish","4":"has-post-thumbnail","6":"product_cat-filmbelichter-und-filmentwicklungssysteme","7":"pa_hersteller-agfa","8":"pa_typ-rapiline-72-3-bzw-43-4","10":"first","11":"instock","12":"sold-individually","13":"taxable","14":"shipping-taxable","15":"purchasable","16":"product-type-simple"},"jetpack_sharing_enabled":true,"_links":{"self":[{"href":"https:\/\/www.3p-gmbh.de\/nl\/wp-json\/wp\/v2\/product\/6944","targetHints":{"allow":["GET"]}}],"collection":[{"href":"https:\/\/www.3p-gmbh.de\/nl\/wp-json\/wp\/v2\/product"}],"about":[{"href":"https:\/\/www.3p-gmbh.de\/nl\/wp-json\/wp\/v2\/types\/product"}],"wp:featuredmedia":[{"embeddable":true,"href":"https:\/\/www.3p-gmbh.de\/nl\/wp-json\/wp\/v2\/media\/1712"}],"wp:attachment":[{"href":"https:\/\/www.3p-gmbh.de\/nl\/wp-json\/wp\/v2\/media?parent=6944"}],"wp:term":[{"taxonomy":"product_brand","embeddable":true,"href":"https:\/\/www.3p-gmbh.de\/nl\/wp-json\/wp\/v2\/product_brand?post=6944"},{"taxonomy":"product_cat","embeddable":true,"href":"https:\/\/www.3p-gmbh.de\/nl\/wp-json\/wp\/v2\/product_cat?post=6944"},{"taxonomy":"product_tag","embeddable":true,"href":"https:\/\/www.3p-gmbh.de\/nl\/wp-json\/wp\/v2\/product_tag?post=6944"}],"curies":[{"name":"wp","href":"https:\/\/api.w.org\/{rel}","templated":true}]}}