{"id":6938,"date":"2019-07-11T13:54:40","date_gmt":"2019-07-11T13:54:40","guid":{"rendered":"http:\/\/www.3p-gmbh.de\/produkt\/nyloprint-verarbeitungsanlage\/"},"modified":"2019-11-08T11:24:35","modified_gmt":"2019-11-08T11:24:35","slug":"nyloprint-verarbeitungsanlage","status":"publish","type":"product","link":"https:\/\/www.3p-gmbh.de\/nl\/produkt\/nyloprint-verarbeitungsanlage\/","title":{"rendered":"BASF CW 35&#215;50 Nyloprint-Verarbeitungsanlage"},"content":{"rendered":"<p>Komplette Anlage zur Herstellung von wasserauswaschbaren Nyloprintdruckformen (BASF\/Flint) bis zu einem Format von 350x500mm, bestehend aus:<\/p>\n<ul>\n<li>Belichter mit speziellen UV-Lampen, Vakuumtisch mit Vakuumpumpe<\/li>\n<li>Flachauswascher mit stufenloser Regelung der Wassertemperatur von 0 &#8211; 40\u00b0 C, Durchflusssystem, automatischer B\u00fcrstendruckeinstellung f\u00fcr jede Materialst\u00e4rke<\/li>\n<li>Warmlufttrockner mit Ablagefach<\/li>\n<\/ul>\n","protected":false},"excerpt":{"rendered":"<p>Komplette Anlage zur Herstellung von wasserauswaschbaren Nyloprintdruckformen (BASF\/Flint) bis zu einem Format von 350x500mm, bestehend aus: Belichter mit speziellen UV-Lampen, Vakuumtisch mit Vakuumpumpe Flachauswascher mit stufenloser Regelung der Wassertemperatur von 0 &#8211; 40\u00b0 C, Durchflusssystem, automatischer B\u00fcrstendruckeinstellung f\u00fcr jede Materialst\u00e4rke Warmlufttrockner mit Ablagefach<\/p>\n","protected":false},"featured_media":1687,"template":"","meta":[],"product_brand":[],"product_cat":[1787],"product_tag":[],"class_list":{"0":"post-6938","1":"product","2":"type-product","3":"status-publish","4":"has-post-thumbnail","6":"product_cat-druckplattenverarbeitung","7":"pa_baujahr-158","8":"pa_hersteller-basf","9":"pa_typ-cw-35x50","11":"first","12":"instock","13":"sold-individually","14":"taxable","15":"shipping-taxable","16":"purchasable","17":"product-type-simple"},"jetpack_sharing_enabled":true,"_links":{"self":[{"href":"https:\/\/www.3p-gmbh.de\/nl\/wp-json\/wp\/v2\/product\/6938","targetHints":{"allow":["GET"]}}],"collection":[{"href":"https:\/\/www.3p-gmbh.de\/nl\/wp-json\/wp\/v2\/product"}],"about":[{"href":"https:\/\/www.3p-gmbh.de\/nl\/wp-json\/wp\/v2\/types\/product"}],"wp:featuredmedia":[{"embeddable":true,"href":"https:\/\/www.3p-gmbh.de\/nl\/wp-json\/wp\/v2\/media\/1687"}],"wp:attachment":[{"href":"https:\/\/www.3p-gmbh.de\/nl\/wp-json\/wp\/v2\/media?parent=6938"}],"wp:term":[{"taxonomy":"product_brand","embeddable":true,"href":"https:\/\/www.3p-gmbh.de\/nl\/wp-json\/wp\/v2\/product_brand?post=6938"},{"taxonomy":"product_cat","embeddable":true,"href":"https:\/\/www.3p-gmbh.de\/nl\/wp-json\/wp\/v2\/product_cat?post=6938"},{"taxonomy":"product_tag","embeddable":true,"href":"https:\/\/www.3p-gmbh.de\/nl\/wp-json\/wp\/v2\/product_tag?post=6938"}],"curies":[{"name":"wp","href":"https:\/\/api.w.org\/{rel}","templated":true}]}}