{"id":6933,"date":"2019-07-11T13:54:32","date_gmt":"2019-07-11T13:54:32","guid":{"rendered":"http:\/\/www.3p-gmbh.de\/produkt\/filmentwicklungsmaschine-5\/"},"modified":"2019-11-08T12:21:26","modified_gmt":"2019-11-08T12:21:26","slug":"filmentwicklungsmaschine-5","status":"publish","type":"product","link":"https:\/\/www.3p-gmbh.de\/nl\/produkt\/filmentwicklungsmaschine-5\/","title":{"rendered":"Glunz &#038; Jensen Multiline Pro 125 HS Filmentwicklungsmaschine"},"content":{"rendered":"<ul>\n<li>sehr guter Zustand<\/li>\n<li>Highspeed Ausf\u00fchrung<\/li>\n<li>Einlaufbreite 125 cm<\/li>\n<li>geschlossenes Untergestell<\/li>\n<li>Tageslichtkassette<\/li>\n<li>Auffangkorb<\/li>\n<li>Regeneratbeh\u00e4lter f\u00fcr Entwickler und Fixierer<\/li>\n<\/ul>\n","protected":false},"excerpt":{"rendered":"<p>sehr guter Zustand Highspeed Ausf\u00fchrung Einlaufbreite 125 cm geschlossenes Untergestell Tageslichtkassette Auffangkorb Regeneratbeh\u00e4lter f\u00fcr Entwickler und Fixierer<\/p>\n","protected":false},"featured_media":1671,"template":"","meta":[],"product_brand":[],"product_cat":[80],"product_tag":[],"class_list":{"0":"post-6933","1":"product","2":"type-product","3":"status-publish","4":"has-post-thumbnail","6":"product_cat-filmbelichter-und-filmentwicklungssysteme","7":"pa_baujahr-165","8":"pa_hersteller-glunz-jensen","9":"pa_typ-multiline-pro-125-hs","11":"first","12":"instock","13":"sold-individually","14":"taxable","15":"shipping-taxable","16":"purchasable","17":"product-type-simple"},"jetpack_sharing_enabled":true,"_links":{"self":[{"href":"https:\/\/www.3p-gmbh.de\/nl\/wp-json\/wp\/v2\/product\/6933","targetHints":{"allow":["GET"]}}],"collection":[{"href":"https:\/\/www.3p-gmbh.de\/nl\/wp-json\/wp\/v2\/product"}],"about":[{"href":"https:\/\/www.3p-gmbh.de\/nl\/wp-json\/wp\/v2\/types\/product"}],"wp:featuredmedia":[{"embeddable":true,"href":"https:\/\/www.3p-gmbh.de\/nl\/wp-json\/wp\/v2\/media\/1671"}],"wp:attachment":[{"href":"https:\/\/www.3p-gmbh.de\/nl\/wp-json\/wp\/v2\/media?parent=6933"}],"wp:term":[{"taxonomy":"product_brand","embeddable":true,"href":"https:\/\/www.3p-gmbh.de\/nl\/wp-json\/wp\/v2\/product_brand?post=6933"},{"taxonomy":"product_cat","embeddable":true,"href":"https:\/\/www.3p-gmbh.de\/nl\/wp-json\/wp\/v2\/product_cat?post=6933"},{"taxonomy":"product_tag","embeddable":true,"href":"https:\/\/www.3p-gmbh.de\/nl\/wp-json\/wp\/v2\/product_tag?post=6933"}],"curies":[{"name":"wp","href":"https:\/\/api.w.org\/{rel}","templated":true}]}}