{"id":6798,"date":"2019-07-11T13:53:31","date_gmt":"2019-07-11T13:53:31","guid":{"rendered":"http:\/\/www.3p-gmbh.de\/produkt\/prinect-prepress-interface\/"},"modified":"2019-11-08T10:40:39","modified_gmt":"2019-11-08T10:40:39","slug":"prinect-prepress-interface","status":"publish","type":"product","link":"https:\/\/www.3p-gmbh.de\/nl\/produkt\/prinect-prepress-interface\/","title":{"rendered":"Heidelberg Prinect Prepress-Interface"},"content":{"rendered":"<ul>\n<li>Heidelberg Prinect Prepress Interface 3.2 f\u00fcr SM 102<\/li>\n<li>Farbzonenvoreinstellung (Cip 3) Ausgabe f\u00fcr Heidelberger Druckmaschinen<\/li>\n<li>Vollversion mit Omnidrive Flashkartenlaufwerk f\u00fcr offline-Daten\u00fcbertragung<\/li>\n<\/ul>\n<p>Durch die direkte \u00dcbernahme druckrelevanter Parameter aus der Vorstufe wird der gesamte Einstellungsprozess an der Druckmaschine schneller und sicherer, bei deutlich weniger Makulatur. Dar\u00fcber hinaus unterst\u00fctzt Prinect Prepress Interface den Farbworkflow und die Druckweiterverarbeitung durch die \u00dcbertragung von Positionsmarken zur Farbmessung, zum Schneiden, Falzen und Sammelheften. Das vereinfacht die Einstellvorg\u00e4nge f\u00fcr den Bediener erheblich.<\/p>\n","protected":false},"excerpt":{"rendered":"<p>Heidelberg Prinect Prepress Interface 3.2 f\u00fcr SM 102 Farbzonenvoreinstellung (Cip 3) Ausgabe f\u00fcr Heidelberger Druckmaschinen Vollversion mit Omnidrive Flashkartenlaufwerk f\u00fcr offline-Daten\u00fcbertragung Durch die direkte \u00dcbernahme druckrelevanter Parameter aus der Vorstufe wird der gesamte Einstellungsprozess an der Druckmaschine schneller und sicherer, bei deutlich weniger Makulatur. Dar\u00fcber hinaus unterst\u00fctzt Prinect Prepress Interface den Farbworkflow und die Druckweiterverarbeitung [&hellip;]<\/p>\n","protected":false},"featured_media":1262,"template":"","meta":[],"product_brand":[],"product_cat":[699],"product_tag":[],"class_list":{"0":"post-6798","1":"product","2":"type-product","3":"status-publish","4":"has-post-thumbnail","6":"product_cat-druckvorstufen-software","7":"pa_baujahr-153","8":"pa_hersteller-heidelberger-druckmaschinen","9":"pa_typ-prepress-interface-3-2","11":"first","12":"instock","13":"sold-individually","14":"taxable","15":"shipping-taxable","16":"purchasable","17":"product-type-simple"},"jetpack_sharing_enabled":true,"_links":{"self":[{"href":"https:\/\/www.3p-gmbh.de\/nl\/wp-json\/wp\/v2\/product\/6798","targetHints":{"allow":["GET"]}}],"collection":[{"href":"https:\/\/www.3p-gmbh.de\/nl\/wp-json\/wp\/v2\/product"}],"about":[{"href":"https:\/\/www.3p-gmbh.de\/nl\/wp-json\/wp\/v2\/types\/product"}],"wp:featuredmedia":[{"embeddable":true,"href":"https:\/\/www.3p-gmbh.de\/nl\/wp-json\/wp\/v2\/media\/1262"}],"wp:attachment":[{"href":"https:\/\/www.3p-gmbh.de\/nl\/wp-json\/wp\/v2\/media?parent=6798"}],"wp:term":[{"taxonomy":"product_brand","embeddable":true,"href":"https:\/\/www.3p-gmbh.de\/nl\/wp-json\/wp\/v2\/product_brand?post=6798"},{"taxonomy":"product_cat","embeddable":true,"href":"https:\/\/www.3p-gmbh.de\/nl\/wp-json\/wp\/v2\/product_cat?post=6798"},{"taxonomy":"product_tag","embeddable":true,"href":"https:\/\/www.3p-gmbh.de\/nl\/wp-json\/wp\/v2\/product_tag?post=6798"}],"curies":[{"name":"wp","href":"https:\/\/api.w.org\/{rel}","templated":true}]}}