{"id":6776,"date":"2019-07-11T13:53:23","date_gmt":"2019-07-11T13:53:23","guid":{"rendered":"http:\/\/www.3p-gmbh.de\/produkt\/farbmischer\/"},"modified":"2019-09-17T10:41:48","modified_gmt":"2019-09-17T10:41:48","slug":"farbmischer","status":"publish","type":"product","link":"https:\/\/www.3p-gmbh.de\/nl\/produkt\/farbmischer\/","title":{"rendered":"Busch FM 5 Farbmischer"},"content":{"rendered":"<p>Der Farbmischer eignet sich f\u00fcr Druckereien und Farbfabriken zum Mischen von Sonderfarben. Der gr\u00fcndliche Mischeffekt wird durch eine Auf- und Abw\u00e4rtsbewegung des Mischarms bei gleichzeitig rotierendem Farbbeh\u00e4lter erreicht &#8211; ohne Blasen und ohne Klumpen.<\/p>\n<ul>\n<li>Fassungsverm\u00f6gen 5 kg<\/li>\n<li>Auf- und Abw\u00e4rtsbewegung des Mischarms<\/li>\n<li>Der Topf des Farbmischers ist aus VA-Stahl innen poliert<\/li>\n<li>220 Volt<\/li>\n<\/ul>\n","protected":false},"excerpt":{"rendered":"<p>Der Farbmischer eignet sich f\u00fcr Druckereien und Farbfabriken zum Mischen von Sonderfarben. Der gr\u00fcndliche Mischeffekt wird durch eine Auf- und Abw\u00e4rtsbewegung des Mischarms bei gleichzeitig rotierendem Farbbeh\u00e4lter erreicht &#8211; ohne Blasen und ohne Klumpen. Fassungsverm\u00f6gen 5 kg Auf- und Abw\u00e4rtsbewegung des Mischarms Der Topf des Farbmischers ist aus VA-Stahl innen poliert 220 Volt<\/p>\n","protected":false},"featured_media":1193,"template":"","meta":[],"product_brand":[],"product_cat":[418],"product_tag":[],"class_list":{"0":"post-6776","1":"product","2":"type-product","3":"status-publish","4":"has-post-thumbnail","6":"product_cat-druckmaschinenzubehoer-und-ersatzteile","7":"pa_baujahr-165","8":"pa_hersteller-gerhard-busch","9":"pa_typ-buschgraph-fm-5","11":"first","12":"instock","13":"sold-individually","14":"taxable","15":"shipping-taxable","16":"purchasable","17":"product-type-simple"},"jetpack_sharing_enabled":true,"_links":{"self":[{"href":"https:\/\/www.3p-gmbh.de\/nl\/wp-json\/wp\/v2\/product\/6776","targetHints":{"allow":["GET"]}}],"collection":[{"href":"https:\/\/www.3p-gmbh.de\/nl\/wp-json\/wp\/v2\/product"}],"about":[{"href":"https:\/\/www.3p-gmbh.de\/nl\/wp-json\/wp\/v2\/types\/product"}],"wp:featuredmedia":[{"embeddable":true,"href":"https:\/\/www.3p-gmbh.de\/nl\/wp-json\/wp\/v2\/media\/1193"}],"wp:attachment":[{"href":"https:\/\/www.3p-gmbh.de\/nl\/wp-json\/wp\/v2\/media?parent=6776"}],"wp:term":[{"taxonomy":"product_brand","embeddable":true,"href":"https:\/\/www.3p-gmbh.de\/nl\/wp-json\/wp\/v2\/product_brand?post=6776"},{"taxonomy":"product_cat","embeddable":true,"href":"https:\/\/www.3p-gmbh.de\/nl\/wp-json\/wp\/v2\/product_cat?post=6776"},{"taxonomy":"product_tag","embeddable":true,"href":"https:\/\/www.3p-gmbh.de\/nl\/wp-json\/wp\/v2\/product_tag?post=6776"}],"curies":[{"name":"wp","href":"https:\/\/api.w.org\/{rel}","templated":true}]}}