{"id":6766,"date":"2019-07-11T13:53:23","date_gmt":"2019-07-11T13:53:23","guid":{"rendered":"http:\/\/www.3p-gmbh.de\/produkt\/motorischer-waschtuch-wickelstand\/"},"modified":"2019-09-13T13:56:42","modified_gmt":"2019-09-13T13:56:42","slug":"motorischer-waschtuch-wickelstand","status":"publish","type":"product","link":"https:\/\/www.3p-gmbh.de\/nl\/produkt\/motorischer-waschtuch-wickelstand\/","title":{"rendered":"Vliesstoff Kasper motorischer Waschtuch-Wickelstand"},"content":{"rendered":"<p>Das Ger\u00e4t wird f\u00fcr die eigenst\u00e4ndige Produktion von Waschwickeln aus 500-Meter-Rollen (Dupont Sontara f\u00fcr Baldwin, Technotrans, Elettra Tuch-Wascheinrichtungen) verwendet und eignet sich f\u00fcr alle Gummituch- und Druckzylinder-Waschanlagen der g\u00e4ngigen Druckmaschinenhersteller im 3B Format (Heidelberg Speedmaster SM 52, 74, 102 CD und XL, KBA Rapida 74, 75, 105, Roland 300, 500, 700, Komori, Sakurai usw).<\/p>\n","protected":false},"excerpt":{"rendered":"<p>Das Ger\u00e4t wird f\u00fcr die eigenst\u00e4ndige Produktion von Waschwickeln aus 500-Meter-Rollen (Dupont Sontara f\u00fcr Baldwin, Technotrans, Elettra Tuch-Wascheinrichtungen) verwendet und eignet sich f\u00fcr alle Gummituch- und Druckzylinder-Waschanlagen der g\u00e4ngigen Druckmaschinenhersteller im 3B Format (Heidelberg Speedmaster SM 52, 74, 102 CD und XL, KBA Rapida 74, 75, 105, Roland 300, 500, 700, Komori, Sakurai usw).<\/p>\n","protected":false},"featured_media":1154,"template":"","meta":[],"product_brand":[],"product_cat":[418],"product_tag":[],"class_list":{"0":"post-6766","1":"product","2":"type-product","3":"status-publish","4":"has-post-thumbnail","6":"product_cat-druckmaschinenzubehoer-und-ersatzteile","7":"pa_hersteller-kba-vliesstoff-kasper","9":"first","10":"instock","11":"sold-individually","12":"taxable","13":"shipping-taxable","14":"purchasable","15":"product-type-simple"},"jetpack_sharing_enabled":true,"_links":{"self":[{"href":"https:\/\/www.3p-gmbh.de\/nl\/wp-json\/wp\/v2\/product\/6766","targetHints":{"allow":["GET"]}}],"collection":[{"href":"https:\/\/www.3p-gmbh.de\/nl\/wp-json\/wp\/v2\/product"}],"about":[{"href":"https:\/\/www.3p-gmbh.de\/nl\/wp-json\/wp\/v2\/types\/product"}],"wp:featuredmedia":[{"embeddable":true,"href":"https:\/\/www.3p-gmbh.de\/nl\/wp-json\/wp\/v2\/media\/1154"}],"wp:attachment":[{"href":"https:\/\/www.3p-gmbh.de\/nl\/wp-json\/wp\/v2\/media?parent=6766"}],"wp:term":[{"taxonomy":"product_brand","embeddable":true,"href":"https:\/\/www.3p-gmbh.de\/nl\/wp-json\/wp\/v2\/product_brand?post=6766"},{"taxonomy":"product_cat","embeddable":true,"href":"https:\/\/www.3p-gmbh.de\/nl\/wp-json\/wp\/v2\/product_cat?post=6766"},{"taxonomy":"product_tag","embeddable":true,"href":"https:\/\/www.3p-gmbh.de\/nl\/wp-json\/wp\/v2\/product_tag?post=6766"}],"curies":[{"name":"wp","href":"https:\/\/api.w.org\/{rel}","templated":true}]}}