{"id":6764,"date":"2019-07-11T13:53:23","date_gmt":"2019-07-11T13:53:23","guid":{"rendered":"http:\/\/www.3p-gmbh.de\/produkt\/elektrischer-waschtuch-wickelstand-4\/"},"modified":"2019-09-17T10:06:05","modified_gmt":"2019-09-17T10:06:05","slug":"elektrischer-waschtuch-wickelstand-4","status":"publish","type":"product","link":"https:\/\/www.3p-gmbh.de\/nl\/produkt\/elektrischer-waschtuch-wickelstand-4\/","title":{"rendered":"Vliesstoff Kasper elektrischer Waschtuch-Wickelstand"},"content":{"rendered":"<p>Das Ger\u00e4t wird verwendet f\u00fcr die eigenst\u00e4ndige Produktion von Waschwickeln aus 500-Meter-Rollen (zb. Dupont Sontara f\u00fcr Baldwin, Technotrans, Elettra Tuch-Wascheinrichtungen). Es ist geeignet f\u00fcr alle Gummituch- und Druckzylinder-Waschanlagen der g\u00e4ngigen Druckmaschinenhersteller im VLF Format (Heidelberg Speedmaster SM 52, 74 CD und XL, KBA Rapida 74, 75, 105, 130, 130a, 142, Roland 700. 800, 900, Komori, Sakurai usw.)<\/p>\n","protected":false},"excerpt":{"rendered":"<p>Das Ger\u00e4t wird verwendet f\u00fcr die eigenst\u00e4ndige Produktion von Waschwickeln aus 500-Meter-Rollen (zb. Dupont Sontara f\u00fcr Baldwin, Technotrans, Elettra Tuch-Wascheinrichtungen). Es ist geeignet f\u00fcr alle Gummituch- und Druckzylinder-Waschanlagen der g\u00e4ngigen Druckmaschinenhersteller im VLF Format (Heidelberg Speedmaster SM 52, 74 CD und XL, KBA Rapida 74, 75, 105, 130, 130a, 142, Roland 700. 800, 900, Komori, [&hellip;]<\/p>\n","protected":false},"featured_media":1146,"template":"","meta":[],"product_brand":[],"product_cat":[418],"product_tag":[],"class_list":{"0":"post-6764","1":"product","2":"type-product","3":"status-publish","4":"has-post-thumbnail","6":"product_cat-druckmaschinenzubehoer-und-ersatzteile","7":"pa_baujahr-127","8":"pa_hersteller-kba-vliesstoff-kasper","9":"pa_typ-rapida-ra-130-ra-142","11":"first","12":"instock","13":"sold-individually","14":"taxable","15":"shipping-taxable","16":"purchasable","17":"product-type-simple"},"jetpack_sharing_enabled":true,"_links":{"self":[{"href":"https:\/\/www.3p-gmbh.de\/nl\/wp-json\/wp\/v2\/product\/6764","targetHints":{"allow":["GET"]}}],"collection":[{"href":"https:\/\/www.3p-gmbh.de\/nl\/wp-json\/wp\/v2\/product"}],"about":[{"href":"https:\/\/www.3p-gmbh.de\/nl\/wp-json\/wp\/v2\/types\/product"}],"wp:featuredmedia":[{"embeddable":true,"href":"https:\/\/www.3p-gmbh.de\/nl\/wp-json\/wp\/v2\/media\/1146"}],"wp:attachment":[{"href":"https:\/\/www.3p-gmbh.de\/nl\/wp-json\/wp\/v2\/media?parent=6764"}],"wp:term":[{"taxonomy":"product_brand","embeddable":true,"href":"https:\/\/www.3p-gmbh.de\/nl\/wp-json\/wp\/v2\/product_brand?post=6764"},{"taxonomy":"product_cat","embeddable":true,"href":"https:\/\/www.3p-gmbh.de\/nl\/wp-json\/wp\/v2\/product_cat?post=6764"},{"taxonomy":"product_tag","embeddable":true,"href":"https:\/\/www.3p-gmbh.de\/nl\/wp-json\/wp\/v2\/product_tag?post=6764"}],"curies":[{"name":"wp","href":"https:\/\/api.w.org\/{rel}","templated":true}]}}