{"id":6763,"date":"2019-07-11T13:53:23","date_gmt":"2019-07-11T13:53:23","guid":{"rendered":"http:\/\/www.3p-gmbh.de\/produkt\/elektrischer-waschtuch-wickelstand-3\/"},"modified":"2019-09-17T10:08:05","modified_gmt":"2019-09-17T10:08:05","slug":"elektrischer-waschtuch-wickelstand-3","status":"publish","type":"product","link":"https:\/\/www.3p-gmbh.de\/nl\/produkt\/elektrischer-waschtuch-wickelstand-3\/","title":{"rendered":"Vliesstoff Kasper elektrischer Waschtuch-Wickelstand"},"content":{"rendered":"<p>Das Ger\u00e4t wird verwendet f\u00fcr die eigenst\u00e4ndige Produktion von Waschwickeln aus 500-Meter-Rollen, z.B. Dupont Sontara f\u00fcr Badlwin, Technotrans, Elettra Tuch-Wascheinrichtungen. Es eignet sich f\u00fcr f\u00fcr alle Gummituch- und Druckzylinder-Waschanlagen der g\u00e4ngigen Druckmaschinenhersteller im 0B-Format (z. B. Heidelberg Speedmaster SM 52, 74 CD und XL, KBA Rapida 74, 75, Komori, Sakurai usw.).<\/p>\n","protected":false},"excerpt":{"rendered":"<p>Das Ger\u00e4t wird verwendet f\u00fcr die eigenst\u00e4ndige Produktion von Waschwickeln aus 500-Meter-Rollen, z.B. Dupont Sontara f\u00fcr Badlwin, Technotrans, Elettra Tuch-Wascheinrichtungen. Es eignet sich f\u00fcr f\u00fcr alle Gummituch- und Druckzylinder-Waschanlagen der g\u00e4ngigen Druckmaschinenhersteller im 0B-Format (z. B. Heidelberg Speedmaster SM 52, 74 CD und XL, KBA Rapida 74, 75, Komori, Sakurai usw.).<\/p>\n","protected":false},"featured_media":1144,"template":"","meta":[],"product_brand":[],"product_cat":[418],"product_tag":[],"class_list":{"0":"post-6763","1":"product","2":"type-product","3":"status-publish","4":"has-post-thumbnail","6":"product_cat-druckmaschinenzubehoer-und-ersatzteile","7":"pa_baujahr-168","8":"pa_hersteller-heidelberg-kasper","10":"first","11":"instock","12":"sold-individually","13":"taxable","14":"shipping-taxable","15":"purchasable","16":"product-type-simple"},"jetpack_sharing_enabled":true,"_links":{"self":[{"href":"https:\/\/www.3p-gmbh.de\/nl\/wp-json\/wp\/v2\/product\/6763","targetHints":{"allow":["GET"]}}],"collection":[{"href":"https:\/\/www.3p-gmbh.de\/nl\/wp-json\/wp\/v2\/product"}],"about":[{"href":"https:\/\/www.3p-gmbh.de\/nl\/wp-json\/wp\/v2\/types\/product"}],"wp:featuredmedia":[{"embeddable":true,"href":"https:\/\/www.3p-gmbh.de\/nl\/wp-json\/wp\/v2\/media\/1144"}],"wp:attachment":[{"href":"https:\/\/www.3p-gmbh.de\/nl\/wp-json\/wp\/v2\/media?parent=6763"}],"wp:term":[{"taxonomy":"product_brand","embeddable":true,"href":"https:\/\/www.3p-gmbh.de\/nl\/wp-json\/wp\/v2\/product_brand?post=6763"},{"taxonomy":"product_cat","embeddable":true,"href":"https:\/\/www.3p-gmbh.de\/nl\/wp-json\/wp\/v2\/product_cat?post=6763"},{"taxonomy":"product_tag","embeddable":true,"href":"https:\/\/www.3p-gmbh.de\/nl\/wp-json\/wp\/v2\/product_tag?post=6763"}],"curies":[{"name":"wp","href":"https:\/\/api.w.org\/{rel}","templated":true}]}}