{"id":6758,"date":"2019-07-11T13:53:16","date_gmt":"2019-07-11T13:53:16","guid":{"rendered":"http:\/\/www.3p-gmbh.de\/produkt\/streifeneinschussgeraet-2\/"},"modified":"2019-11-08T10:47:43","modified_gmt":"2019-11-08T10:47:43","slug":"streifeneinschussgeraet-2","status":"publish","type":"product","link":"https:\/\/www.3p-gmbh.de\/nl\/produkt\/streifeneinschussgeraet-2\/","title":{"rendered":"Vacuumatic Cuti 2 Streifeneinschussger\u00e4t"},"content":{"rendered":"<ul>\n<li>Streifeneinschussger\u00e4t, optional mit Lasersensor &#8211; keine mechanische oder elektrische Verbindung zur Druckmaschine<\/li>\n<li>kompakte, vielseitige und kosteng\u00fcnstige L\u00f6sung zum Z\u00e4hlen und Unterteilen in einem Arbeitsgang<\/li>\n<li>speziell entwickelt auch f\u00fcr den Gebrauch an kleineren Druckmaschinen mit niedriger Stapelh\u00f6he<\/li>\n<li>Z\u00e4hlgeschwindigkeit: bis 15.000 Bogen\/h<\/li>\n<li>Einsatzh\u00f6he bis 1500 mm<\/li>\n<li>Streifeneinschuss: 6 bis 9999 Bogen<\/li>\n<li>Abschneideverz\u00f6gerung: 5 Bogen (nicht variabel)<\/li>\n<li>Streifenl\u00e4nge: von min. 100 mm bis max. 200 mm einstellbar<\/li>\n<li>Impulsgeber: Schnittstellenadapter, optisch entkoppelt<\/li>\n<li>Streifenrolle: 13 mm breit, L\u00e4nge ca. 150 m, Kraftpapier 150 g\/m\u00b2<\/li>\n<li>Anzeige von Totalmenge, Paketmenge, Einschuss, Signal bei erreichter St\u00fcckzahl<\/li>\n<li>Rollenhalterung: \u00d8 235 mm, einstellbar auf 45\u00b0, 90\u00b0 u. 135\u00b0<\/li>\n<li>Anschluss: 230 V \/ 50\/60Hz<\/li>\n<li>Masse: 142 x 141 x 75 mm (ohne Kanal, Rollenhalterung u. St\u00e4nder)<\/li>\n<li>Platzbedarf St\u00e4nder: 610 x 610 mm<\/li>\n<\/ul>\n","protected":false},"excerpt":{"rendered":"<p>Streifeneinschussger\u00e4t, optional mit Lasersensor &#8211; keine mechanische oder elektrische Verbindung zur Druckmaschine kompakte, vielseitige und kosteng\u00fcnstige L\u00f6sung zum Z\u00e4hlen und Unterteilen in einem Arbeitsgang speziell entwickelt auch f\u00fcr den Gebrauch an kleineren Druckmaschinen mit niedriger Stapelh\u00f6he Z\u00e4hlgeschwindigkeit: bis 15.000 Bogen\/h Einsatzh\u00f6he bis 1500 mm Streifeneinschuss: 6 bis 9999 Bogen Abschneideverz\u00f6gerung: 5 Bogen (nicht variabel) Streifenl\u00e4nge: [&hellip;]<\/p>\n","protected":false},"featured_media":1124,"template":"","meta":[],"product_brand":[],"product_cat":[1758],"product_tag":[],"class_list":{"0":"post-6758","1":"product","2":"type-product","3":"status-publish","4":"has-post-thumbnail","6":"product_cat-papierzaehlmaschinen","7":"pa_baujahr-452","8":"pa_hersteller-vacuumatic","9":"pa_typ-cuti-2-mit-lasersensor","11":"first","12":"instock","13":"sold-individually","14":"taxable","15":"shipping-taxable","16":"purchasable","17":"product-type-simple"},"jetpack_sharing_enabled":true,"_links":{"self":[{"href":"https:\/\/www.3p-gmbh.de\/nl\/wp-json\/wp\/v2\/product\/6758","targetHints":{"allow":["GET"]}}],"collection":[{"href":"https:\/\/www.3p-gmbh.de\/nl\/wp-json\/wp\/v2\/product"}],"about":[{"href":"https:\/\/www.3p-gmbh.de\/nl\/wp-json\/wp\/v2\/types\/product"}],"wp:featuredmedia":[{"embeddable":true,"href":"https:\/\/www.3p-gmbh.de\/nl\/wp-json\/wp\/v2\/media\/1124"}],"wp:attachment":[{"href":"https:\/\/www.3p-gmbh.de\/nl\/wp-json\/wp\/v2\/media?parent=6758"}],"wp:term":[{"taxonomy":"product_brand","embeddable":true,"href":"https:\/\/www.3p-gmbh.de\/nl\/wp-json\/wp\/v2\/product_brand?post=6758"},{"taxonomy":"product_cat","embeddable":true,"href":"https:\/\/www.3p-gmbh.de\/nl\/wp-json\/wp\/v2\/product_cat?post=6758"},{"taxonomy":"product_tag","embeddable":true,"href":"https:\/\/www.3p-gmbh.de\/nl\/wp-json\/wp\/v2\/product_tag?post=6758"}],"curies":[{"name":"wp","href":"https:\/\/api.w.org\/{rel}","templated":true}]}}