{"id":6725,"date":"2019-07-11T13:53:09","date_gmt":"2019-07-11T13:53:09","guid":{"rendered":"http:\/\/www.3p-gmbh.de\/produkt\/stapelwender-4\/"},"modified":"2019-11-08T10:50:32","modified_gmt":"2019-11-08T10:50:32","slug":"stapelwender-4","status":"publish","type":"product","link":"https:\/\/www.3p-gmbh.de\/nl\/produkt\/stapelwender-4\/","title":{"rendered":"Rachner PT 1000 PA+RS Stapelwender"},"content":{"rendered":"<ul>\n<li>Plattform 900 x 1300 mm<\/li>\n<li>max. \u00d6ffnung 1340 mm<\/li>\n<li>mit Bel\u00fcftung mit frequenzgeregeltem Gebl\u00e4se<\/li>\n<li>mit R\u00fctteleinrichtung mit Ausrichtelineal<\/li>\n<\/ul>\n","protected":false},"excerpt":{"rendered":"<p>Plattform 900 x 1300 mm max. \u00d6ffnung 1340 mm mit Bel\u00fcftung mit frequenzgeregeltem Gebl\u00e4se mit R\u00fctteleinrichtung mit Ausrichtelineal<\/p>\n","protected":false},"featured_media":1044,"template":"","meta":[],"product_brand":[],"product_cat":[1762],"product_tag":[],"class_list":{"0":"post-6725","1":"product","2":"type-product","3":"status-publish","4":"has-post-thumbnail","6":"product_cat-stapelwender","7":"pa_baujahr-140","8":"pa_hersteller-manfred-rachner","9":"pa_typ-pt-1000-pars","11":"first","12":"instock","13":"sold-individually","14":"taxable","15":"shipping-taxable","16":"purchasable","17":"product-type-simple"},"jetpack_sharing_enabled":true,"_links":{"self":[{"href":"https:\/\/www.3p-gmbh.de\/nl\/wp-json\/wp\/v2\/product\/6725","targetHints":{"allow":["GET"]}}],"collection":[{"href":"https:\/\/www.3p-gmbh.de\/nl\/wp-json\/wp\/v2\/product"}],"about":[{"href":"https:\/\/www.3p-gmbh.de\/nl\/wp-json\/wp\/v2\/types\/product"}],"wp:featuredmedia":[{"embeddable":true,"href":"https:\/\/www.3p-gmbh.de\/nl\/wp-json\/wp\/v2\/media\/1044"}],"wp:attachment":[{"href":"https:\/\/www.3p-gmbh.de\/nl\/wp-json\/wp\/v2\/media?parent=6725"}],"wp:term":[{"taxonomy":"product_brand","embeddable":true,"href":"https:\/\/www.3p-gmbh.de\/nl\/wp-json\/wp\/v2\/product_brand?post=6725"},{"taxonomy":"product_cat","embeddable":true,"href":"https:\/\/www.3p-gmbh.de\/nl\/wp-json\/wp\/v2\/product_cat?post=6725"},{"taxonomy":"product_tag","embeddable":true,"href":"https:\/\/www.3p-gmbh.de\/nl\/wp-json\/wp\/v2\/product_tag?post=6725"}],"curies":[{"name":"wp","href":"https:\/\/api.w.org\/{rel}","templated":true}]}}