{"id":6721,"date":"2019-07-11T13:53:00","date_gmt":"2019-07-11T13:53:00","guid":{"rendered":"http:\/\/www.3p-gmbh.de\/produkt\/schuppenhochauslage\/"},"modified":"2019-11-08T10:59:53","modified_gmt":"2019-11-08T10:59:53","slug":"schuppenhochauslage","status":"publish","type":"product","link":"https:\/\/www.3p-gmbh.de\/nl\/produkt\/schuppenhochauslage\/","title":{"rendered":"PGF Ergoline Schuppenhochauslage"},"content":{"rendered":"<p>Das Auslagesystem PGF Ergoline B erm\u00f6glicht auch bei l\u00e4ngeren Mehrfarben-Druckmaschinen die Produktion durch eine Person. Dabei sind der Komfort f\u00fcr den Drucker, die Kapazit\u00e4t und Automatisierung ausschlaggebend.<\/p>\n<p>Schnellauswurffunktion<br \/>\nEinzelauswurf vorab als Muster zur Kontrolle.<\/p>\n<p>Autostop<br \/>\nAutomatisches Halten und Anlaufen mit der Druckmaschine.<\/p>\n<p>Stapelsignal<br \/>\nKommunikationsmodul zum Maxifeeder f\u00fcr Nachstapeln am Feeder.<\/p>\n<p>Arbeitsh\u00f6he: 85 cm bis 105 cm<br \/>\nAbmessungen: L\u00e4nge 155 cm, Breite 46 cm, Gewicht 65 kg<\/p>\n","protected":false},"excerpt":{"rendered":"<p>Das Auslagesystem PGF Ergoline B erm\u00f6glicht auch bei l\u00e4ngeren Mehrfarben-Druckmaschinen die Produktion durch eine Person. Dabei sind der Komfort f\u00fcr den Drucker, die Kapazit\u00e4t und Automatisierung ausschlaggebend. Schnellauswurffunktion Einzelauswurf vorab als Muster zur Kontrolle. Autostop Automatisches Halten und Anlaufen mit der Druckmaschine. Stapelsignal Kommunikationsmodul zum Maxifeeder f\u00fcr Nachstapeln am Feeder. Arbeitsh\u00f6he: 85 cm bis 105 [&hellip;]<\/p>\n","protected":false},"featured_media":1030,"template":"","meta":[],"product_brand":[],"product_cat":[1745],"product_tag":[],"class_list":{"0":"post-6721","1":"product","2":"type-product","3":"status-publish","4":"has-post-thumbnail","6":"product_cat-auslagen","7":"pa_baujahr-205","8":"pa_hersteller-pgf","9":"pa_typ-ergoline-schuppenhochauslage","11":"first","12":"instock","13":"sold-individually","14":"taxable","15":"shipping-taxable","16":"purchasable","17":"product-type-simple"},"jetpack_sharing_enabled":true,"_links":{"self":[{"href":"https:\/\/www.3p-gmbh.de\/nl\/wp-json\/wp\/v2\/product\/6721","targetHints":{"allow":["GET"]}}],"collection":[{"href":"https:\/\/www.3p-gmbh.de\/nl\/wp-json\/wp\/v2\/product"}],"about":[{"href":"https:\/\/www.3p-gmbh.de\/nl\/wp-json\/wp\/v2\/types\/product"}],"wp:featuredmedia":[{"embeddable":true,"href":"https:\/\/www.3p-gmbh.de\/nl\/wp-json\/wp\/v2\/media\/1030"}],"wp:attachment":[{"href":"https:\/\/www.3p-gmbh.de\/nl\/wp-json\/wp\/v2\/media?parent=6721"}],"wp:term":[{"taxonomy":"product_brand","embeddable":true,"href":"https:\/\/www.3p-gmbh.de\/nl\/wp-json\/wp\/v2\/product_brand?post=6721"},{"taxonomy":"product_cat","embeddable":true,"href":"https:\/\/www.3p-gmbh.de\/nl\/wp-json\/wp\/v2\/product_cat?post=6721"},{"taxonomy":"product_tag","embeddable":true,"href":"https:\/\/www.3p-gmbh.de\/nl\/wp-json\/wp\/v2\/product_tag?post=6721"}],"curies":[{"name":"wp","href":"https:\/\/api.w.org\/{rel}","templated":true}]}}