{"id":6677,"date":"2019-07-11T13:52:37","date_gmt":"2019-07-11T13:52:37","guid":{"rendered":"http:\/\/www.3p-gmbh.de\/produkt\/original-heidelberg-stanztiegel\/"},"modified":"2021-11-18T10:16:24","modified_gmt":"2021-11-18T10:16:24","slug":"original-heidelberg-stanztiegel","status":"publish","type":"product","link":"https:\/\/www.3p-gmbh.de\/nl\/produkt\/original-heidelberg-stanztiegel\/","title":{"rendered":"Heidelberg OHT TS Stanztiegel"},"content":{"rendered":"<p><strong>Heidelberg\u00a0OHT &#8211; TS \u00a0Stanztiegel\u00a0\u00a0zum Stanzen, Nuten, Perforieren und Pr\u00e4gen<\/strong><br \/>\n<strong>SN 130 986 N<\/strong><br \/>\n<strong>aus 1961<\/strong><\/p>\n<p>inkl. kompl.Zubeh\u00f6r zum Stanzen (\u00a07 Schlie\u00dfrahmen Stege und Spatien )<\/p>\n<ul>\n<li>gr\u00f6\u00dfter Bogen 260 x 380 mm<\/li>\n<li>kleinster Bogen 40 x70 mm<\/li>\n<li>max. Formgr\u00f6\u00dfe 260 x350mm<\/li>\n<li>Stanzkraft 40 Tonnen<\/li>\n<li>Leistung 5500 Bg.\/h<\/li>\n<li>380 V\u00a0 1,25 KW<\/li>\n<li>Eigengewicht 1100 kg<\/li>\n<li>Abmessungen L1,68 x B1,24 xH1,85m<\/li>\n<\/ul>\n","protected":false},"excerpt":{"rendered":"<p>Heidelberg\u00a0OHT &#8211; TS \u00a0Stanztiegel\u00a0\u00a0zum Stanzen, Nuten, Perforieren und Pr\u00e4gen SN 130 986 N aus 1961 inkl. kompl.Zubeh\u00f6r zum Stanzen (\u00a07 Schlie\u00dfrahmen Stege und Spatien ) gr\u00f6\u00dfter Bogen 260 x 380 mm kleinster Bogen 40 x70 mm max. Formgr\u00f6\u00dfe 260 x350mm Stanzkraft 40 Tonnen Leistung 5500 Bg.\/h 380 V\u00a0 1,25 KW Eigengewicht 1100 kg Abmessungen L1,68 [&hellip;]<\/p>\n","protected":false},"featured_media":41770,"template":"","meta":[],"product_brand":[],"product_cat":[343],"product_tag":[],"class_list":{"0":"post-6677","1":"product","2":"type-product","3":"status-publish","4":"has-post-thumbnail","6":"product_cat-buchdruck","7":"pa_baujahr-366","8":"pa_hersteller-heidelberger-druckmaschinen","9":"pa_typ-oht-ts","11":"first","12":"instock","13":"sold-individually","14":"taxable","15":"shipping-taxable","16":"purchasable","17":"product-type-simple"},"jetpack_sharing_enabled":true,"_links":{"self":[{"href":"https:\/\/www.3p-gmbh.de\/nl\/wp-json\/wp\/v2\/product\/6677","targetHints":{"allow":["GET"]}}],"collection":[{"href":"https:\/\/www.3p-gmbh.de\/nl\/wp-json\/wp\/v2\/product"}],"about":[{"href":"https:\/\/www.3p-gmbh.de\/nl\/wp-json\/wp\/v2\/types\/product"}],"wp:featuredmedia":[{"embeddable":true,"href":"https:\/\/www.3p-gmbh.de\/nl\/wp-json\/wp\/v2\/media\/41770"}],"wp:attachment":[{"href":"https:\/\/www.3p-gmbh.de\/nl\/wp-json\/wp\/v2\/media?parent=6677"}],"wp:term":[{"taxonomy":"product_brand","embeddable":true,"href":"https:\/\/www.3p-gmbh.de\/nl\/wp-json\/wp\/v2\/product_brand?post=6677"},{"taxonomy":"product_cat","embeddable":true,"href":"https:\/\/www.3p-gmbh.de\/nl\/wp-json\/wp\/v2\/product_cat?post=6677"},{"taxonomy":"product_tag","embeddable":true,"href":"https:\/\/www.3p-gmbh.de\/nl\/wp-json\/wp\/v2\/product_tag?post=6677"}],"curies":[{"name":"wp","href":"https:\/\/api.w.org\/{rel}","templated":true}]}}