{"id":6676,"date":"2019-07-11T13:52:37","date_gmt":"2019-07-11T13:52:37","guid":{"rendered":"http:\/\/www.3p-gmbh.de\/produkt\/magnetfundamentplatten\/"},"modified":"2019-11-04T09:24:48","modified_gmt":"2019-11-04T09:24:48","slug":"magnetfundamentplatten","status":"publish","type":"product","link":"https:\/\/www.3p-gmbh.de\/nl\/produkt\/magnetfundamentplatten\/","title":{"rendered":"Heidelberg \/ BASF \/ Flint Magnetfundamentplatten"},"content":{"rendered":"<p>verschiedenen Formate verf\u00fcgbar:<\/p>\n<p>Magnetfundamentplatte BASF &#8211; Heidelberg<br \/>\nMagnetfundament 320x230x22,8<br \/>\nMaschinentyp: HEIDLEBERGER TIEGEL<br \/>\nFormat in mm: 320 x 230 x 22,8 mm<br \/>\nMaterial: Aluminium<br \/>\nH\u00f6hentoleranz: +\/- 0,1 mm<br \/>\nf\u00fcr Stanzbleche: 580 \u03bcm<br \/>\nverf\u00fcgbar 1<\/p>\n<p>Magnetfundamentplatte BASF &#8211; Heidelberg<br \/>\nFormat 22&#215;30,5cm<br \/>\nPlattenst\u00e4rke 22mm<br \/>\nverfuegbar 1<\/p>\n<p>Magnetfundamentplatte BASF &#8211; Heidelberg<br \/>\nFormat 22x15cm<br \/>\nPlattenst\u00e4rke 22mm<br \/>\nverf\u00fcgbar 1<\/p>\n<p>Magnetfundamentplatte BASF &#8211; Heidelberg<br \/>\nFormat 21,5x7cm<br \/>\nPlattenst\u00e4rke 22mm<br \/>\nverf\u00fcgbar 1<\/p>\n<p>Magnetfundamentplatte BASF &#8211; Heidelberg<br \/>\nFormat 15x2cm<br \/>\nPlattenst\u00e4rke 22mm<br \/>\nverf\u00fcgbar 1<\/p>\n<p>Magnetfundamentplatte BASF &#8211; Heidelberg<br \/>\nFormat 15 x10,5cm<br \/>\nPlattenst\u00e4rke 22mm<br \/>\nverf\u00fcgbar 4<\/p>\n<p>Magnetfundamentplatte BASF &#8211; Heidelberg<br \/>\nFormat 10,5&#215;7,5cm<br \/>\nPlattenst\u00e4rke 22mm<br \/>\nverf\u00fcgbar 2<\/p>\n<p>Magnetstege<br \/>\n3 x 1,7cm<br \/>\nPlattenst\u00e4rke 22mm<br \/>\nverf\u00fcgbar 12<\/p>\n<p>Magnetstege<br \/>\n5,5 x 1,4cm<br \/>\nPlattenst\u00e4rke 22mm<br \/>\nverf\u00fcgbar 4<\/p>\n<p>Magnetstege<br \/>\n7,5 x 10,5cm<br \/>\nPlattenst\u00e4rke 22mm<br \/>\nverf\u00fcgbar 2<\/p>\n","protected":false},"excerpt":{"rendered":"<p>verschiedenen Formate verf\u00fcgbar: Magnetfundamentplatte BASF &#8211; Heidelberg Magnetfundament 320x230x22,8 Maschinentyp: HEIDLEBERGER TIEGEL Format in mm: 320 x 230 x 22,8 mm Material: Aluminium H\u00f6hentoleranz: +\/- 0,1 mm f\u00fcr Stanzbleche: 580 \u03bcm verf\u00fcgbar 1 Magnetfundamentplatte BASF &#8211; Heidelberg Format 22&#215;30,5cm Plattenst\u00e4rke 22mm verfuegbar 1 Magnetfundamentplatte BASF &#8211; Heidelberg Format 22x15cm Plattenst\u00e4rke 22mm verf\u00fcgbar 1 Magnetfundamentplatte BASF [&hellip;]<\/p>\n","protected":false},"featured_media":14685,"template":"","meta":[],"product_brand":[],"product_cat":[343],"product_tag":[],"class_list":{"0":"post-6676","1":"product","2":"type-product","3":"status-publish","4":"has-post-thumbnail","6":"product_cat-buchdruck","7":"pa_hersteller-basf-flint-group","8":"pa_typ-magnetfundamentplatten","10":"first","11":"instock","12":"sold-individually","13":"taxable","14":"shipping-taxable","15":"purchasable","16":"product-type-simple"},"jetpack_sharing_enabled":true,"_links":{"self":[{"href":"https:\/\/www.3p-gmbh.de\/nl\/wp-json\/wp\/v2\/product\/6676","targetHints":{"allow":["GET"]}}],"collection":[{"href":"https:\/\/www.3p-gmbh.de\/nl\/wp-json\/wp\/v2\/product"}],"about":[{"href":"https:\/\/www.3p-gmbh.de\/nl\/wp-json\/wp\/v2\/types\/product"}],"wp:featuredmedia":[{"embeddable":true,"href":"https:\/\/www.3p-gmbh.de\/nl\/wp-json\/wp\/v2\/media\/14685"}],"wp:attachment":[{"href":"https:\/\/www.3p-gmbh.de\/nl\/wp-json\/wp\/v2\/media?parent=6676"}],"wp:term":[{"taxonomy":"product_brand","embeddable":true,"href":"https:\/\/www.3p-gmbh.de\/nl\/wp-json\/wp\/v2\/product_brand?post=6676"},{"taxonomy":"product_cat","embeddable":true,"href":"https:\/\/www.3p-gmbh.de\/nl\/wp-json\/wp\/v2\/product_cat?post=6676"},{"taxonomy":"product_tag","embeddable":true,"href":"https:\/\/www.3p-gmbh.de\/nl\/wp-json\/wp\/v2\/product_tag?post=6676"}],"curies":[{"name":"wp","href":"https:\/\/api.w.org\/{rel}","templated":true}]}}