{"id":6662,"date":"2019-07-11T13:52:33","date_gmt":"2019-07-11T13:52:33","guid":{"rendered":"http:\/\/www.3p-gmbh.de\/produkt\/nyloprint-uv-belichter\/"},"modified":"2019-09-19T14:42:42","modified_gmt":"2019-09-19T14:42:42","slug":"nyloprint-uv-belichter","status":"publish","type":"product","link":"https:\/\/www.3p-gmbh.de\/nl\/produkt\/nyloprint-uv-belichter\/","title":{"rendered":"BASF \/ Flint CW 50 x 70 Nyloprint Ger\u00e4tekombination"},"content":{"rendered":"<ul>\n<li>mit Flachauswascher CW 50-70 cm<\/li>\n<li>mit Regelung der Wassertemperatur von 20- 40\u00b0 C<\/li>\n<li>osszilierender Wascher mit einer Magnetplatte f\u00fcr Klischees mit Stahlr\u00fcckseite<\/li>\n<li>Wasser Durchflusssystem<\/li>\n<li>automatischer B\u00fcrstendruckeinstellung f\u00fcr jede Materialst\u00e4rke<\/li>\n<\/ul>\n","protected":false},"excerpt":{"rendered":"<p>mit Flachauswascher CW 50-70 cm mit Regelung der Wassertemperatur von 20- 40\u00b0 C osszilierender Wascher mit einer Magnetplatte f\u00fcr Klischees mit Stahlr\u00fcckseite Wasser Durchflusssystem automatischer B\u00fcrstendruckeinstellung f\u00fcr jede Materialst\u00e4rke<\/p>\n","protected":false},"featured_media":11233,"template":"","meta":[],"product_brand":[],"product_cat":[331],"product_tag":[],"class_list":{"0":"post-6662","1":"product","2":"type-product","3":"status-publish","4":"has-post-thumbnail","6":"product_cat-siebdruck-flexo-und-tiefdruck","7":"pa_baujahr-127","8":"pa_hersteller-flint-group-basf","9":"pa_typ-cw-50x70","11":"first","12":"instock","13":"sold-individually","14":"taxable","15":"shipping-taxable","16":"purchasable","17":"product-type-simple"},"jetpack_sharing_enabled":true,"_links":{"self":[{"href":"https:\/\/www.3p-gmbh.de\/nl\/wp-json\/wp\/v2\/product\/6662","targetHints":{"allow":["GET"]}}],"collection":[{"href":"https:\/\/www.3p-gmbh.de\/nl\/wp-json\/wp\/v2\/product"}],"about":[{"href":"https:\/\/www.3p-gmbh.de\/nl\/wp-json\/wp\/v2\/types\/product"}],"wp:featuredmedia":[{"embeddable":true,"href":"https:\/\/www.3p-gmbh.de\/nl\/wp-json\/wp\/v2\/media\/11233"}],"wp:attachment":[{"href":"https:\/\/www.3p-gmbh.de\/nl\/wp-json\/wp\/v2\/media?parent=6662"}],"wp:term":[{"taxonomy":"product_brand","embeddable":true,"href":"https:\/\/www.3p-gmbh.de\/nl\/wp-json\/wp\/v2\/product_brand?post=6662"},{"taxonomy":"product_cat","embeddable":true,"href":"https:\/\/www.3p-gmbh.de\/nl\/wp-json\/wp\/v2\/product_cat?post=6662"},{"taxonomy":"product_tag","embeddable":true,"href":"https:\/\/www.3p-gmbh.de\/nl\/wp-json\/wp\/v2\/product_tag?post=6662"}],"curies":[{"name":"wp","href":"https:\/\/api.w.org\/{rel}","templated":true}]}}