{"id":6659,"date":"2019-07-11T13:52:33","date_gmt":"2019-07-11T13:52:33","guid":{"rendered":"http:\/\/www.3p-gmbh.de\/produkt\/klischee-kombigeraet\/"},"modified":"2022-04-30T21:14:46","modified_gmt":"2022-04-30T21:14:46","slug":"klischee-kombigeraet","status":"publish","type":"product","link":"https:\/\/www.3p-gmbh.de\/nl\/produkt\/klischee-kombigeraet\/","title":{"rendered":"BASF CW 22-30 \/ Flint Klischee-Kombiger\u00e4t"},"content":{"rendered":"<p>Komplette Anlage zur Herstellung von wasserauswaschbaren Nyloprintdruckformen (BASF\/Flint) bis zu einem Format von 22 x 30 cm, bestehend aus:<\/p>\n<ul>\n<li>Belichter mit 6 UV-Lampen und Vacuumplatte mit Membranplatte<\/li>\n<li>Flachauswascher mit Regelung der Wassertemperatur von 20- 40\u00b0 C<\/li>\n<li>osszilierender Magnet-Klischeetr\u00e4ger 24 x 35 cm, Durchflusssystem, automatischer B\u00fcrstendruckeinstellung f\u00fcr jede Materialst\u00e4rke<\/li>\n<li>Warmlufttrockner<\/li>\n<\/ul>\n","protected":false},"excerpt":{"rendered":"<p>Komplette Anlage zur Herstellung von wasserauswaschbaren Nyloprintdruckformen (BASF\/Flint) bis zu einem Format von 22 x 30 cm, bestehend aus: Belichter mit 6 UV-Lampen und Vacuumplatte mit Membranplatte Flachauswascher mit Regelung der Wassertemperatur von 20- 40\u00b0 C osszilierender Magnet-Klischeetr\u00e4ger 24 x 35 cm, Durchflusssystem, automatischer B\u00fcrstendruckeinstellung f\u00fcr jede Materialst\u00e4rke Warmlufttrockner<\/p>\n","protected":false},"featured_media":43387,"template":"","meta":[],"product_brand":[],"product_cat":[331],"product_tag":[],"class_list":{"0":"post-6659","1":"product","2":"type-product","3":"status-publish","4":"has-post-thumbnail","6":"product_cat-siebdruck-flexo-und-tiefdruck","7":"pa_baujahr-262","8":"pa_hersteller-basf-flint-kombigeraet","10":"first","11":"instock","12":"sold-individually","13":"taxable","14":"shipping-taxable","15":"purchasable","16":"product-type-simple"},"jetpack_sharing_enabled":true,"_links":{"self":[{"href":"https:\/\/www.3p-gmbh.de\/nl\/wp-json\/wp\/v2\/product\/6659","targetHints":{"allow":["GET"]}}],"collection":[{"href":"https:\/\/www.3p-gmbh.de\/nl\/wp-json\/wp\/v2\/product"}],"about":[{"href":"https:\/\/www.3p-gmbh.de\/nl\/wp-json\/wp\/v2\/types\/product"}],"wp:featuredmedia":[{"embeddable":true,"href":"https:\/\/www.3p-gmbh.de\/nl\/wp-json\/wp\/v2\/media\/43387"}],"wp:attachment":[{"href":"https:\/\/www.3p-gmbh.de\/nl\/wp-json\/wp\/v2\/media?parent=6659"}],"wp:term":[{"taxonomy":"product_brand","embeddable":true,"href":"https:\/\/www.3p-gmbh.de\/nl\/wp-json\/wp\/v2\/product_brand?post=6659"},{"taxonomy":"product_cat","embeddable":true,"href":"https:\/\/www.3p-gmbh.de\/nl\/wp-json\/wp\/v2\/product_cat?post=6659"},{"taxonomy":"product_tag","embeddable":true,"href":"https:\/\/www.3p-gmbh.de\/nl\/wp-json\/wp\/v2\/product_tag?post=6659"}],"curies":[{"name":"wp","href":"https:\/\/api.w.org\/{rel}","templated":true}]}}