{"id":6612,"date":"2019-07-11T13:52:01","date_gmt":"2019-07-11T13:52:01","guid":{"rendered":"http:\/\/www.3p-gmbh.de\/produkt\/opp-folienverpackung-fuer-flache-produkte\/"},"modified":"2019-09-24T14:19:52","modified_gmt":"2019-09-24T14:19:52","slug":"opp-folienverpackung-fuer-flache-produkte","status":"publish","type":"product","link":"https:\/\/www.3p-gmbh.de\/nl\/produkt\/opp-folienverpackung-fuer-flache-produkte\/","title":{"rendered":"Pfankuch VP-4502 OPP Verpackungsautomat"},"content":{"rendered":"<p>OPP Folienverpackung wird f\u00fcr flache Produkte unterschiedlichster Formen und Formate (Telefonkarten, Gru\u00dfkarten, Register, Sticker, Etiketten) verwendet. Ein modularer Maschinenaufbau erm\u00f6glicht in flexibler Weise die Integration, Anbindung und Nachr\u00fcstung unterschiedlichster Elemente, um wechselnden Kundenanforderungen zu folgen.<\/p>\n<ul>\n<li>Taktleistung bis zu 100 Takte pro Spur (Produktabh\u00e4ngig)<\/li>\n<li>Formate: Kreditkarte bis A4<\/li>\n<li>\u00dcbergabestation ST 450<\/li>\n<\/ul>\n","protected":false},"excerpt":{"rendered":"<p>OPP Folienverpackung wird f\u00fcr flache Produkte unterschiedlichster Formen und Formate (Telefonkarten, Gru\u00dfkarten, Register, Sticker, Etiketten) verwendet. Ein modularer Maschinenaufbau erm\u00f6glicht in flexibler Weise die Integration, Anbindung und Nachr\u00fcstung unterschiedlichster Elemente, um wechselnden Kundenanforderungen zu folgen. Taktleistung bis zu 100 Takte pro Spur (Produktabh\u00e4ngig) Formate: Kreditkarte bis A4 \u00dcbergabestation ST 450<\/p>\n","protected":false},"featured_media":11540,"template":"","meta":[],"product_brand":[],"product_cat":[76],"product_tag":[],"class_list":{"0":"post-6612","1":"product","2":"type-product","3":"status-publish","4":"has-post-thumbnail","6":"product_cat-folienverpackung-und-straffpacker","7":"pa_baujahr-205","8":"pa_hersteller-pfankuch-solutions-gmbh","9":"pa_typ-pfankuch-vp-4502-mit-uebergabestation-st","11":"first","12":"instock","13":"sold-individually","14":"taxable","15":"shipping-taxable","16":"purchasable","17":"product-type-simple"},"jetpack_sharing_enabled":true,"_links":{"self":[{"href":"https:\/\/www.3p-gmbh.de\/nl\/wp-json\/wp\/v2\/product\/6612","targetHints":{"allow":["GET"]}}],"collection":[{"href":"https:\/\/www.3p-gmbh.de\/nl\/wp-json\/wp\/v2\/product"}],"about":[{"href":"https:\/\/www.3p-gmbh.de\/nl\/wp-json\/wp\/v2\/types\/product"}],"wp:featuredmedia":[{"embeddable":true,"href":"https:\/\/www.3p-gmbh.de\/nl\/wp-json\/wp\/v2\/media\/11540"}],"wp:attachment":[{"href":"https:\/\/www.3p-gmbh.de\/nl\/wp-json\/wp\/v2\/media?parent=6612"}],"wp:term":[{"taxonomy":"product_brand","embeddable":true,"href":"https:\/\/www.3p-gmbh.de\/nl\/wp-json\/wp\/v2\/product_brand?post=6612"},{"taxonomy":"product_cat","embeddable":true,"href":"https:\/\/www.3p-gmbh.de\/nl\/wp-json\/wp\/v2\/product_cat?post=6612"},{"taxonomy":"product_tag","embeddable":true,"href":"https:\/\/www.3p-gmbh.de\/nl\/wp-json\/wp\/v2\/product_tag?post=6612"}],"curies":[{"name":"wp","href":"https:\/\/api.w.org\/{rel}","templated":true}]}}