{"id":6600,"date":"2019-07-11T13:52:01","date_gmt":"2019-07-11T13:52:01","guid":{"rendered":"http:\/\/www.3p-gmbh.de\/produkt\/haubenschrumpfgeraet\/"},"modified":"2019-09-24T14:15:58","modified_gmt":"2019-09-24T14:15:58","slug":"haubenschrumpfgeraet","status":"publish","type":"product","link":"https:\/\/www.3p-gmbh.de\/nl\/produkt\/haubenschrumpfgeraet\/","title":{"rendered":"Weileder K-P 4255 Haubenschrumpfger\u00e4t"},"content":{"rendered":"<p>Das kompakte Haubenschrumpfger\u00e4t garantiert eine gute Verpackungsleistung, ist schnell arbeitsbereit und kann leicht durch eine Person bedient werden. Das Packgut wird dabei auf dem Arbeitstisch in eine Halbschlauchfolie und auf das Auflagegitter unter die Abdeckhaube gelegt. Durch das Schliessen der Haube erfolgt die Trennschweissung und, falls gew\u00fcnscht, das Einschrumpfen. Das Ger\u00e4t ist mit einer h\u00f6henverstellbaren Produktauflage, einer Perforierungseinrichtung, einer Temperaturregelung, einer elektronischen Steuerung der Schweiss- und Schrumpfzeit und einem digitalen Bedienfeld ausgestattet.<\/p>\n<ul>\n<li>Packleistung ca. 300 \/ h<\/li>\n<li>Anwendbare Folien (Halbschlauch): POF \/ PP \/ PE \/ PVC<\/li>\n<li>Schweissrahmen 420 x 550 mm<\/li>\n<li>Produkth\u00f6he max. 250 mm<\/li>\n<li>Rollenbreite max. 600 mm<\/li>\n<li>Rollendurchmesser max. 250 mm<\/li>\n<li>Arbeitsh\u00f6he 960 mm<\/li>\n<li>Motorleistung 3,7 KW<\/li>\n<li>Stromanschluss 230 V<\/li>\n<li>Absicherung LS-Automat, 1p, B16A<\/li>\n<li>Stromverbrauch ca. 1,6 &#8211; 2,3 kWh<\/li>\n<\/ul>\n","protected":false},"excerpt":{"rendered":"<p>Das kompakte Haubenschrumpfger\u00e4t garantiert eine gute Verpackungsleistung, ist schnell arbeitsbereit und kann leicht durch eine Person bedient werden. Das Packgut wird dabei auf dem Arbeitstisch in eine Halbschlauchfolie und auf das Auflagegitter unter die Abdeckhaube gelegt. Durch das Schliessen der Haube erfolgt die Trennschweissung und, falls gew\u00fcnscht, das Einschrumpfen. Das Ger\u00e4t ist mit einer h\u00f6henverstellbaren [&hellip;]<\/p>\n","protected":false},"featured_media":509,"template":"","meta":[],"product_brand":[],"product_cat":[76],"product_tag":[],"class_list":{"0":"post-6600","1":"product","2":"type-product","3":"status-publish","4":"has-post-thumbnail","6":"product_cat-folienverpackung-und-straffpacker","7":"pa_baujahr-127","8":"pa_hersteller-weileder","9":"pa_typ-k-p-4255","11":"first","12":"instock","13":"sold-individually","14":"taxable","15":"shipping-taxable","16":"purchasable","17":"product-type-simple"},"jetpack_sharing_enabled":true,"_links":{"self":[{"href":"https:\/\/www.3p-gmbh.de\/nl\/wp-json\/wp\/v2\/product\/6600","targetHints":{"allow":["GET"]}}],"collection":[{"href":"https:\/\/www.3p-gmbh.de\/nl\/wp-json\/wp\/v2\/product"}],"about":[{"href":"https:\/\/www.3p-gmbh.de\/nl\/wp-json\/wp\/v2\/types\/product"}],"wp:featuredmedia":[{"embeddable":true,"href":"https:\/\/www.3p-gmbh.de\/nl\/wp-json\/wp\/v2\/media\/509"}],"wp:attachment":[{"href":"https:\/\/www.3p-gmbh.de\/nl\/wp-json\/wp\/v2\/media?parent=6600"}],"wp:term":[{"taxonomy":"product_brand","embeddable":true,"href":"https:\/\/www.3p-gmbh.de\/nl\/wp-json\/wp\/v2\/product_brand?post=6600"},{"taxonomy":"product_cat","embeddable":true,"href":"https:\/\/www.3p-gmbh.de\/nl\/wp-json\/wp\/v2\/product_cat?post=6600"},{"taxonomy":"product_tag","embeddable":true,"href":"https:\/\/www.3p-gmbh.de\/nl\/wp-json\/wp\/v2\/product_tag?post=6600"}],"curies":[{"name":"wp","href":"https:\/\/api.w.org\/{rel}","templated":true}]}}